{"id":7693,"date":"2020-07-30T12:42:38","date_gmt":"2020-07-30T11:42:38","guid":{"rendered":"http:\/\/dulonmarine.com\/?post_type=product&#038;p=7693"},"modified":"2024-10-23T14:10:00","modified_gmt":"2024-10-23T13:10:00","slug":"boathampoo-20-allround-boatwash","status":"publish","type":"product","link":"https:\/\/dulonmarine.com\/sl\/winkel\/dulon\/general\/sample-product\/boatshampoo-20-allround-boatwash\/","title":{"rendered":"Dulon Boatshampoo 20 - Vsestransko pranje \u010dolnov"},"content":{"rendered":"","protected":false},"excerpt":{"rendered":"<p>Vsestransko pranje \u010dolnov<\/p>\n<hr \/>\n<p>Visoko koncentriran ve\u010dnamenski \u0161ampon za pranje ve\u010d trdih in mehkih materialov. DULON BOATSHAMPOO 20 odli\u010dno \u010disti in se sam su\u0161i. Primeren za uporabo v kombinaciji z vsemi voski in lo\u0161\u010dili Dulon Marine.<\/p>\n<ul>\n<li>Visoko koncentrirana formula.<\/li>\n<li>Lahko se uporablja za celotno ladjo.<\/li>\n<li>Odli\u010dno \u010disti.<\/li>\n<li>U\u010dinek samosu\u0161enja.<\/li>\n<\/ul>\n<div class=\"x-video-inner\">\n    <video  \nclass=\"x-mejs x-wp-video-shortcode advanced-controls\" \n        width=\"400\" \n        height=\"400\" \n        loop autoplay muted playsinline style=\"border: none; outline: none; background: none;\"><source type=\"video\/mp4\" src=\"http:\/\/dulonmarine.com\/wp-content\/uploads\/2024\/10\/20.Boatshampoo-360-video.mp4\"><\/video>\n<\/div>","protected":false},"featured_media":9112,"template":"","meta":{"_acf_changed":false,"om_disable_all_campaigns":false,"rs_blank_template":"","rs_page_bg_color":"","slide_template_v7":"","inline_featured_image":false,"_monsterinsights_skip_tracking":false,"_monsterinsights_sitenote_active":false,"_monsterinsights_sitenote_note":"","_monsterinsights_sitenote_category":0},"product_brand":[],"product_cat":[45],"product_tag":[19],"class_list":{"0":"post-7693","1":"product","2":"type-product","3":"status-publish","4":"has-post-thumbnail","6":"product_cat-general","7":"product_tag-19","8":"pa_article-numbers-contents-6-20010","9":"pa_article-numbers-contents-6-20050","10":"pa_article-numbers-contents-6-20250","11":"pa_available-content-1l","12":"pa_available-content-25l","13":"pa_available-content-5l","14":"pa_crp-clean-en","17":"first","18":"instock","19":"purchasable","20":"product-type-variable"},"acf":[],"yoast_head":"<!-- This site is optimized with the Yoast SEO plugin v27.3 - https:\/\/yoast.com\/product\/yoast-seo-wordpress\/ -->\n<title>Dulon Boatshampoo 20 - Allround boatwash -<\/title>\n<meta name=\"robots\" content=\"index, follow, max-snippet:-1, max-image-preview:large, max-video-preview:-1\" \/>\n<link rel=\"canonical\" href=\"https:\/\/dulonmarine.com\/sl\/winkel\/dulon\/splosno\/vzorcni-izdelek\/boathampoo-20-allround-boatwash\/\" \/>\n<meta property=\"og:locale\" content=\"sl_SI\" \/>\n<meta property=\"og:type\" content=\"article\" \/>\n<meta property=\"og:title\" content=\"Dulon Boatshampoo 20 - Allround boatwash -\" \/>\n<meta property=\"og:description\" content=\"Allround boatwash    High concentrated multi-purpose shampoo to wash several hard and soft materials. DULON BOATSHAMPOO 20 cleans perfectly and has a self-drying action. Suitable for use in combination with all Dulon Marine waxes and polishes.   Highly concentrated formula.  Can be used for the entire boat.  Cleans perfectly.  Self-drying effect.\" \/>\n<meta property=\"og:url\" content=\"https:\/\/dulonmarine.com\/sl\/winkel\/dulon\/splosno\/vzorcni-izdelek\/boathampoo-20-allround-boatwash\/\" \/>\n<meta property=\"og:site_name\" content=\"Dulon Marine\" \/>\n<meta property=\"article:publisher\" content=\"https:\/\/www.facebook.com\/dulonmarine?locale=nl_NL\" \/>\n<meta property=\"article:modified_time\" content=\"2024-10-23T13:10:00+00:00\" \/>\n<meta property=\"og:image\" content=\"https:\/\/dulonmarine.com\/wp-content\/uploads\/2020\/07\/20-Dulon-Marine-Boatshampoo.jpg\" \/>\n\t<meta property=\"og:image:width\" content=\"1200\" \/>\n\t<meta property=\"og:image:height\" content=\"1200\" \/>\n\t<meta property=\"og:image:type\" content=\"image\/jpeg\" \/>\n<meta name=\"twitter:card\" content=\"summary_large_image\" \/>\n<meta name=\"twitter:label1\" content=\"Est. reading time\" \/>\n\t<meta name=\"twitter:data1\" content=\"1 minuta\" \/>\n<script type=\"application\/ld+json\" class=\"yoast-schema-graph\">{\"@context\":\"https:\\\/\\\/schema.org\",\"@graph\":[{\"@type\":\"WebPage\",\"@id\":\"https:\\\/\\\/dulonmarine.com\\\/fr\\\/winkel\\\/dulon\\\/general\\\/echantillon-de-produit\\\/boatshampoo-20-allround-boatwash\\\/\",\"url\":\"https:\\\/\\\/dulonmarine.com\\\/fr\\\/winkel\\\/dulon\\\/general\\\/echantillon-de-produit\\\/boatshampoo-20-allround-boatwash\\\/\",\"name\":\"Dulon Boatshampoo 20 - Allround boatwash -\",\"isPartOf\":{\"@id\":\"https:\\\/\\\/dulonmarine.com\\\/pt\\\/#website\"},\"primaryImageOfPage\":{\"@id\":\"https:\\\/\\\/dulonmarine.com\\\/fr\\\/winkel\\\/dulon\\\/general\\\/echantillon-de-produit\\\/boatshampoo-20-allround-boatwash\\\/#primaryimage\"},\"image\":{\"@id\":\"https:\\\/\\\/dulonmarine.com\\\/fr\\\/winkel\\\/dulon\\\/general\\\/echantillon-de-produit\\\/boatshampoo-20-allround-boatwash\\\/#primaryimage\"},\"thumbnailUrl\":\"https:\\\/\\\/dulonmarine.com\\\/wp-content\\\/uploads\\\/2020\\\/07\\\/20-Dulon-Marine-Boatshampoo.jpg\",\"datePublished\":\"2020-07-30T11:42:38+00:00\",\"dateModified\":\"2024-10-23T13:10:00+00:00\",\"breadcrumb\":{\"@id\":\"https:\\\/\\\/dulonmarine.com\\\/fr\\\/winkel\\\/dulon\\\/general\\\/echantillon-de-produit\\\/boatshampoo-20-allround-boatwash\\\/#breadcrumb\"},\"inLanguage\":\"sl-SI\",\"potentialAction\":[{\"@type\":\"ReadAction\",\"target\":[\"https:\\\/\\\/dulonmarine.com\\\/fr\\\/winkel\\\/dulon\\\/general\\\/echantillon-de-produit\\\/boatshampoo-20-allround-boatwash\\\/\"]}]},{\"@type\":\"ImageObject\",\"inLanguage\":\"sl-SI\",\"@id\":\"https:\\\/\\\/dulonmarine.com\\\/fr\\\/winkel\\\/dulon\\\/general\\\/echantillon-de-produit\\\/boatshampoo-20-allround-boatwash\\\/#primaryimage\",\"url\":\"https:\\\/\\\/dulonmarine.com\\\/wp-content\\\/uploads\\\/2020\\\/07\\\/20-Dulon-Marine-Boatshampoo.jpg\",\"contentUrl\":\"https:\\\/\\\/dulonmarine.com\\\/wp-content\\\/uploads\\\/2020\\\/07\\\/20-Dulon-Marine-Boatshampoo.jpg\",\"width\":1200,\"height\":1200},{\"@type\":\"BreadcrumbList\",\"@id\":\"https:\\\/\\\/dulonmarine.com\\\/fr\\\/winkel\\\/dulon\\\/general\\\/echantillon-de-produit\\\/boatshampoo-20-allround-boatwash\\\/#breadcrumb\",\"itemListElement\":[{\"@type\":\"ListItem\",\"position\":1,\"name\":\"Home\",\"item\":\"https:\\\/\\\/dulonmarine.com\\\/\"},{\"@type\":\"ListItem\",\"position\":2,\"name\":\"Winkel\",\"item\":\"https:\\\/\\\/dulonmarine.com\\\/pt\\\/piacaba\\\/\"},{\"@type\":\"ListItem\",\"position\":3,\"name\":\"Dulon Boatshampoo 20 &#8211; Allround boatwash\"}]},{\"@type\":\"WebSite\",\"@id\":\"https:\\\/\\\/dulonmarine.com\\\/pt\\\/#website\",\"url\":\"https:\\\/\\\/dulonmarine.com\\\/pt\\\/\",\"name\":\"Dulon Marine\",\"description\":\"Onderhoudsproducten voor de scheepvaart\",\"publisher\":{\"@id\":\"https:\\\/\\\/dulonmarine.com\\\/pt\\\/#organization\"},\"potentialAction\":[{\"@type\":\"SearchAction\",\"target\":{\"@type\":\"EntryPoint\",\"urlTemplate\":\"https:\\\/\\\/dulonmarine.com\\\/pt\\\/?s={search_term_string}\"},\"query-input\":{\"@type\":\"PropertyValueSpecification\",\"valueRequired\":true,\"valueName\":\"search_term_string\"}}],\"inLanguage\":\"sl-SI\"},{\"@type\":\"Organization\",\"@id\":\"https:\\\/\\\/dulonmarine.com\\\/pt\\\/#organization\",\"name\":\"Dulon Marine Deckmate Group\",\"url\":\"https:\\\/\\\/dulonmarine.com\\\/pt\\\/\",\"logo\":{\"@type\":\"ImageObject\",\"inLanguage\":\"sl-SI\",\"@id\":\"https:\\\/\\\/dulonmarine.com\\\/pt\\\/#\\\/schema\\\/logo\\\/image\\\/\",\"url\":\"http:\\\/\\\/dulonmarine.com\\\/wp-content\\\/uploads\\\/2023\\\/02\\\/Dulon-Marine-Deckmate-Group-logo-small.png\",\"contentUrl\":\"http:\\\/\\\/dulonmarine.com\\\/wp-content\\\/uploads\\\/2023\\\/02\\\/Dulon-Marine-Deckmate-Group-logo-small.png\",\"width\":350,\"height\":150,\"caption\":\"Dulon Marine Deckmate Group\"},\"image\":{\"@id\":\"https:\\\/\\\/dulonmarine.com\\\/pt\\\/#\\\/schema\\\/logo\\\/image\\\/\"},\"sameAs\":[\"https:\\\/\\\/www.facebook.com\\\/dulonmarine?locale=nl_NL\",\"https:\\\/\\\/www.instagram.com\\\/dulonmarinegroup\\\/\"]}]}<\/script>\n<!-- \/ Yoast SEO plugin. -->","yoast_head_json":{"title":"Dulon Boatshampoo 20 - Vsestransko pranje \u010dolnov -","robots":{"index":"index","follow":"follow","max-snippet":"max-snippet:-1","max-image-preview":"max-image-preview:large","max-video-preview":"max-video-preview:-1"},"canonical":"https:\/\/dulonmarine.com\/sl\/winkel\/dulon\/splosno\/vzorcni-izdelek\/boathampoo-20-allround-boatwash\/","og_locale":"sl_SI","og_type":"article","og_title":"Dulon Boatshampoo 20 - Allround boatwash -","og_description":"Allround boatwash    High concentrated multi-purpose shampoo to wash several hard and soft materials. DULON BOATSHAMPOO 20 cleans perfectly and has a self-drying action. Suitable for use in combination with all Dulon Marine waxes and polishes.   Highly concentrated formula.  Can be used for the entire boat.  Cleans perfectly.  Self-drying effect.","og_url":"https:\/\/dulonmarine.com\/sl\/winkel\/dulon\/splosno\/vzorcni-izdelek\/boathampoo-20-allround-boatwash\/","og_site_name":"Dulon Marine","article_publisher":"https:\/\/www.facebook.com\/dulonmarine?locale=nl_NL","article_modified_time":"2024-10-23T13:10:00+00:00","og_image":[{"width":1200,"height":1200,"url":"https:\/\/dulonmarine.com\/wp-content\/uploads\/2020\/07\/20-Dulon-Marine-Boatshampoo.jpg","type":"image\/jpeg"}],"twitter_card":"summary_large_image","twitter_misc":{"Est. reading time":"1 minuta"},"schema":{"@context":"https:\/\/schema.org","@graph":[{"@type":"WebPage","@id":"https:\/\/dulonmarine.com\/fr\/winkel\/dulon\/general\/echantillon-de-produit\/boatshampoo-20-allround-boatwash\/","url":"https:\/\/dulonmarine.com\/fr\/winkel\/dulon\/general\/echantillon-de-produit\/boatshampoo-20-allround-boatwash\/","name":"Dulon Boatshampoo 20 - Vsestransko pranje \u010dolnov -","isPartOf":{"@id":"https:\/\/dulonmarine.com\/pt\/#website"},"primaryImageOfPage":{"@id":"https:\/\/dulonmarine.com\/fr\/winkel\/dulon\/general\/echantillon-de-produit\/boatshampoo-20-allround-boatwash\/#primaryimage"},"image":{"@id":"https:\/\/dulonmarine.com\/fr\/winkel\/dulon\/general\/echantillon-de-produit\/boatshampoo-20-allround-boatwash\/#primaryimage"},"thumbnailUrl":"https:\/\/dulonmarine.com\/wp-content\/uploads\/2020\/07\/20-Dulon-Marine-Boatshampoo.jpg","datePublished":"2020-07-30T11:42:38+00:00","dateModified":"2024-10-23T13:10:00+00:00","breadcrumb":{"@id":"https:\/\/dulonmarine.com\/fr\/winkel\/dulon\/general\/echantillon-de-produit\/boatshampoo-20-allround-boatwash\/#breadcrumb"},"inLanguage":"sl-SI","potentialAction":[{"@type":"ReadAction","target":["https:\/\/dulonmarine.com\/fr\/winkel\/dulon\/general\/echantillon-de-produit\/boatshampoo-20-allround-boatwash\/"]}]},{"@type":"ImageObject","inLanguage":"sl-SI","@id":"https:\/\/dulonmarine.com\/fr\/winkel\/dulon\/general\/echantillon-de-produit\/boatshampoo-20-allround-boatwash\/#primaryimage","url":"https:\/\/dulonmarine.com\/wp-content\/uploads\/2020\/07\/20-Dulon-Marine-Boatshampoo.jpg","contentUrl":"https:\/\/dulonmarine.com\/wp-content\/uploads\/2020\/07\/20-Dulon-Marine-Boatshampoo.jpg","width":1200,"height":1200},{"@type":"BreadcrumbList","@id":"https:\/\/dulonmarine.com\/fr\/winkel\/dulon\/general\/echantillon-de-produit\/boatshampoo-20-allround-boatwash\/#breadcrumb","itemListElement":[{"@type":"ListItem","position":1,"name":"Home","item":"https:\/\/dulonmarine.com\/"},{"@type":"ListItem","position":2,"name":"Winkel","item":"https:\/\/dulonmarine.com\/pt\/piacaba\/"},{"@type":"ListItem","position":3,"name":"Dulon Boatshampoo 20 &#8211; Allround boatwash"}]},{"@type":"WebSite","@id":"https:\/\/dulonmarine.com\/pt\/#website","url":"https:\/\/dulonmarine.com\/pt\/","name":"Dulon Marine","description":"Onderhoudsproducten voor de scheepvaart","publisher":{"@id":"https:\/\/dulonmarine.com\/pt\/#organization"},"potentialAction":[{"@type":"SearchAction","target":{"@type":"EntryPoint","urlTemplate":"https:\/\/dulonmarine.com\/pt\/?s={search_term_string}"},"query-input":{"@type":"PropertyValueSpecification","valueRequired":true,"valueName":"search_term_string"}}],"inLanguage":"sl-SI"},{"@type":"Organization","@id":"https:\/\/dulonmarine.com\/pt\/#organization","name":"Dulon Marine Skupina Deckmate","url":"https:\/\/dulonmarine.com\/pt\/","logo":{"@type":"ImageObject","inLanguage":"sl-SI","@id":"https:\/\/dulonmarine.com\/pt\/#\/schema\/logo\/image\/","url":"http:\/\/dulonmarine.com\/wp-content\/uploads\/2023\/02\/Dulon-Marine-Deckmate-Group-logo-small.png","contentUrl":"http:\/\/dulonmarine.com\/wp-content\/uploads\/2023\/02\/Dulon-Marine-Deckmate-Group-logo-small.png","width":350,"height":150,"caption":"Dulon Marine Deckmate Group"},"image":{"@id":"https:\/\/dulonmarine.com\/pt\/#\/schema\/logo\/image\/"},"sameAs":["https:\/\/www.facebook.com\/dulonmarine?locale=nl_NL","https:\/\/www.instagram.com\/dulonmarinegroup\/"]}]}},"_links":{"self":[{"href":"https:\/\/dulonmarine.com\/sl\/wp-json\/wp\/v2\/product\/7693","targetHints":{"allow":["GET"]}}],"collection":[{"href":"https:\/\/dulonmarine.com\/sl\/wp-json\/wp\/v2\/product"}],"about":[{"href":"https:\/\/dulonmarine.com\/sl\/wp-json\/wp\/v2\/types\/product"}],"wp:featuredmedia":[{"embeddable":true,"href":"https:\/\/dulonmarine.com\/sl\/wp-json\/wp\/v2\/media\/9112"}],"wp:attachment":[{"href":"https:\/\/dulonmarine.com\/sl\/wp-json\/wp\/v2\/media?parent=7693"}],"wp:term":[{"taxonomy":"product_brand","embeddable":true,"href":"https:\/\/dulonmarine.com\/sl\/wp-json\/wp\/v2\/product_brand?post=7693"},{"taxonomy":"product_cat","embeddable":true,"href":"https:\/\/dulonmarine.com\/sl\/wp-json\/wp\/v2\/product_cat?post=7693"},{"taxonomy":"product_tag","embeddable":true,"href":"https:\/\/dulonmarine.com\/sl\/wp-json\/wp\/v2\/product_tag?post=7693"}],"curies":[{"name":"wp","href":"https:\/\/api.w.org\/{rel}","templated":true}]}}