{"id":7718,"date":"2020-08-14T11:53:20","date_gmt":"2020-08-14T10:53:20","guid":{"rendered":"http:\/\/dulonmarine.com\/?post_type=product&#038;p=7718"},"modified":"2024-10-23T14:19:12","modified_gmt":"2024-10-23T13:19:12","slug":"dulon-sterndrive-ouboard-shaft-cleaner-30-odstranjuje-alge-zelene-usedline-morske-alge-barnacles","status":"publish","type":"product","link":"https:\/\/dulonmarine.com\/sl\/winkel\/technique\/sample-product\/dulon-sterndrive-ouboard-shaft-cleaner-30-removes-algae-green-deposits-seaweed-barnacles\/","title":{"rendered":"Dulon \u010distilo za krmni pogon in lopatico OUBOARD 30 - odstranjuje alge, zelene obloge, morske alge in o\u017eigalkarje"},"content":{"rendered":"","protected":false},"excerpt":{"rendered":"<p>Zmogljivo \u010distilo za krmarske in izvenkrmne gredi<\/p>\n<hr \/>\n<p>Profesionalno \u010distilo, posebej razvito za globinsko \u010di\u0161\u010denje krmnih pogonov in izvenkrmnih gredi. U\u010dinkovito odstranjuje vodni kamen, alge, \u0161\u010dinkavce in morske alge.<\/p>\n<ul>\n<li>Za uporabo na krmnih pogonih in gredeh izvenkrmnih motorjev.<\/li>\n<li>Odstranjuje alge, zelene obloge, morske alge in o\u017eigalkarje.<\/li>\n<li>Zelo mo\u010dna formula.<\/li>\n<\/ul>\n<div class=\"x-video-inner\">\n    <video  \nclass=\"x-mejs x-wp-video-shortcode advanced-controls\" \n        width=\"400\" \n        height=\"400\" \n        loop autoplay muted playsinline style=\"border: none; outline: none; background: none;\"><source type=\"video\/mp4\" src=\"http:\/\/dulonmarine.com\/wp-content\/uploads\/2024\/10\/30.Sterndrive_And_Outboard_Shaft_Cleaner-360-video.mp4\"><\/video>\n<\/div>","protected":false},"featured_media":9440,"template":"","meta":{"_acf_changed":false,"om_disable_all_campaigns":false,"rs_blank_template":"","rs_page_bg_color":"","slide_template_v7":"","inline_featured_image":false,"_monsterinsights_skip_tracking":false,"_monsterinsights_sitenote_active":false,"_monsterinsights_sitenote_note":"","_monsterinsights_sitenote_category":0},"product_brand":[],"product_cat":[46],"product_tag":[20],"class_list":{"0":"post-7718","1":"product","2":"type-product","3":"status-publish","4":"has-post-thumbnail","6":"product_cat-technique","7":"product_tag-20","8":"pa_article-numbers-contents-6-30010","9":"pa_article-numbers-contents-6-30050","10":"pa_article-numbers-contents-6-30250","11":"pa_available-content-1l","12":"pa_available-content-25l","13":"pa_available-content-5l","14":"pa_crp-clean-en","17":"first","18":"instock","19":"purchasable","20":"product-type-variable"},"acf":[],"yoast_head":"<!-- This site is optimized with the Yoast SEO plugin v27.3 - https:\/\/yoast.com\/product\/yoast-seo-wordpress\/ -->\n<title>Dulon sterndrive &amp; OUBOARD SHAFT cleaner 30 - removes algae, green deposits, seaweed &amp; barnacles -<\/title>\n<meta name=\"robots\" content=\"index, follow, max-snippet:-1, max-image-preview:large, max-video-preview:-1\" \/>\n<link rel=\"canonical\" href=\"https:\/\/dulonmarine.com\/sl\/winkel\/tehnika\/vzorcni-izdelek\/dulon-sterndrive-ouboard-shaft-cleaner-30-odstranjuje-alge-zelene-usedline-morske-alge-barnacles\/\" \/>\n<meta property=\"og:locale\" content=\"sl_SI\" \/>\n<meta property=\"og:type\" content=\"article\" \/>\n<meta property=\"og:title\" content=\"Dulon sterndrive &amp; OUBOARD SHAFT cleaner 30 - removes algae, green deposits, seaweed &amp; barnacles -\" \/>\n<meta property=\"og:description\" content=\"Powerful cleaner for sterndrives and outboard shafts    Professional cleaner specially developed for deep cleaning of stern drives and outboard shafts. It removes effectively lime scale, algae, barnacles and seaweed.   To use on stern drives and outboard engine shafts.  Removes algae, green deposits, seaweed &amp; barnacles.  Very powerful formula.\" \/>\n<meta property=\"og:url\" content=\"https:\/\/dulonmarine.com\/sl\/winkel\/tehnika\/vzorcni-izdelek\/dulon-sterndrive-ouboard-shaft-cleaner-30-odstranjuje-alge-zelene-usedline-morske-alge-barnacles\/\" \/>\n<meta property=\"og:site_name\" content=\"Dulon Marine\" \/>\n<meta property=\"article:publisher\" content=\"https:\/\/www.facebook.com\/dulonmarine?locale=nl_NL\" \/>\n<meta property=\"article:modified_time\" content=\"2024-10-23T13:19:12+00:00\" \/>\n<meta property=\"og:image\" content=\"https:\/\/dulonmarine.com\/wp-content\/uploads\/2020\/08\/30-Dulon-Marine-Sterndrive-Outboard-Shaft-Cleaner-1.jpg\" \/>\n\t<meta property=\"og:image:width\" content=\"1200\" \/>\n\t<meta property=\"og:image:height\" content=\"1200\" \/>\n\t<meta property=\"og:image:type\" content=\"image\/jpeg\" \/>\n<meta name=\"twitter:card\" content=\"summary_large_image\" \/>\n<meta name=\"twitter:label1\" content=\"Est. reading time\" \/>\n\t<meta name=\"twitter:data1\" content=\"1 minuta\" \/>\n<script type=\"application\/ld+json\" class=\"yoast-schema-graph\">{\"@context\":\"https:\\\/\\\/schema.org\",\"@graph\":[{\"@type\":\"WebPage\",\"@id\":\"https:\\\/\\\/dulonmarine.com\\\/winkel\\\/technique\\\/sample-product\\\/dulon-sterndrive-ouboard-shaft-cleaner-30-removes-algae-green-deposits-seaweed-barnacles\\\/\",\"url\":\"https:\\\/\\\/dulonmarine.com\\\/winkel\\\/technique\\\/sample-product\\\/dulon-sterndrive-ouboard-shaft-cleaner-30-removes-algae-green-deposits-seaweed-barnacles\\\/\",\"name\":\"Dulon sterndrive & OUBOARD SHAFT cleaner 30 - removes algae, green deposits, seaweed & barnacles -\",\"isPartOf\":{\"@id\":\"https:\\\/\\\/dulonmarine.com\\\/pt\\\/#website\"},\"primaryImageOfPage\":{\"@id\":\"https:\\\/\\\/dulonmarine.com\\\/winkel\\\/technique\\\/sample-product\\\/dulon-sterndrive-ouboard-shaft-cleaner-30-removes-algae-green-deposits-seaweed-barnacles\\\/#primaryimage\"},\"image\":{\"@id\":\"https:\\\/\\\/dulonmarine.com\\\/winkel\\\/technique\\\/sample-product\\\/dulon-sterndrive-ouboard-shaft-cleaner-30-removes-algae-green-deposits-seaweed-barnacles\\\/#primaryimage\"},\"thumbnailUrl\":\"https:\\\/\\\/dulonmarine.com\\\/wp-content\\\/uploads\\\/2020\\\/08\\\/30-Dulon-Marine-Sterndrive-Outboard-Shaft-Cleaner-1.jpg\",\"datePublished\":\"2020-08-14T10:53:20+00:00\",\"dateModified\":\"2024-10-23T13:19:12+00:00\",\"breadcrumb\":{\"@id\":\"https:\\\/\\\/dulonmarine.com\\\/winkel\\\/technique\\\/sample-product\\\/dulon-sterndrive-ouboard-shaft-cleaner-30-removes-algae-green-deposits-seaweed-barnacles\\\/#breadcrumb\"},\"inLanguage\":\"sl-SI\",\"potentialAction\":[{\"@type\":\"ReadAction\",\"target\":[\"https:\\\/\\\/dulonmarine.com\\\/winkel\\\/technique\\\/sample-product\\\/dulon-sterndrive-ouboard-shaft-cleaner-30-removes-algae-green-deposits-seaweed-barnacles\\\/\"]}]},{\"@type\":\"ImageObject\",\"inLanguage\":\"sl-SI\",\"@id\":\"https:\\\/\\\/dulonmarine.com\\\/winkel\\\/technique\\\/sample-product\\\/dulon-sterndrive-ouboard-shaft-cleaner-30-removes-algae-green-deposits-seaweed-barnacles\\\/#primaryimage\",\"url\":\"https:\\\/\\\/dulonmarine.com\\\/wp-content\\\/uploads\\\/2020\\\/08\\\/30-Dulon-Marine-Sterndrive-Outboard-Shaft-Cleaner-1.jpg\",\"contentUrl\":\"https:\\\/\\\/dulonmarine.com\\\/wp-content\\\/uploads\\\/2020\\\/08\\\/30-Dulon-Marine-Sterndrive-Outboard-Shaft-Cleaner-1.jpg\",\"width\":1200,\"height\":1200},{\"@type\":\"BreadcrumbList\",\"@id\":\"https:\\\/\\\/dulonmarine.com\\\/winkel\\\/technique\\\/sample-product\\\/dulon-sterndrive-ouboard-shaft-cleaner-30-removes-algae-green-deposits-seaweed-barnacles\\\/#breadcrumb\",\"itemListElement\":[{\"@type\":\"ListItem\",\"position\":1,\"name\":\"Home\",\"item\":\"https:\\\/\\\/dulonmarine.com\\\/\"},{\"@type\":\"ListItem\",\"position\":2,\"name\":\"Winkel\",\"item\":\"https:\\\/\\\/dulonmarine.com\\\/pt\\\/piacaba\\\/\"},{\"@type\":\"ListItem\",\"position\":3,\"name\":\"Dulon sterndrive &#038; OUBOARD SHAFT cleaner 30 &#8211; removes algae, green deposits, seaweed &#038; barnacles\"}]},{\"@type\":\"WebSite\",\"@id\":\"https:\\\/\\\/dulonmarine.com\\\/pt\\\/#website\",\"url\":\"https:\\\/\\\/dulonmarine.com\\\/pt\\\/\",\"name\":\"Dulon Marine\",\"description\":\"Onderhoudsproducten voor de scheepvaart\",\"publisher\":{\"@id\":\"https:\\\/\\\/dulonmarine.com\\\/pt\\\/#organization\"},\"potentialAction\":[{\"@type\":\"SearchAction\",\"target\":{\"@type\":\"EntryPoint\",\"urlTemplate\":\"https:\\\/\\\/dulonmarine.com\\\/pt\\\/?s={search_term_string}\"},\"query-input\":{\"@type\":\"PropertyValueSpecification\",\"valueRequired\":true,\"valueName\":\"search_term_string\"}}],\"inLanguage\":\"sl-SI\"},{\"@type\":\"Organization\",\"@id\":\"https:\\\/\\\/dulonmarine.com\\\/pt\\\/#organization\",\"name\":\"Dulon Marine Deckmate Group\",\"url\":\"https:\\\/\\\/dulonmarine.com\\\/pt\\\/\",\"logo\":{\"@type\":\"ImageObject\",\"inLanguage\":\"sl-SI\",\"@id\":\"https:\\\/\\\/dulonmarine.com\\\/pt\\\/#\\\/schema\\\/logo\\\/image\\\/\",\"url\":\"http:\\\/\\\/dulonmarine.com\\\/wp-content\\\/uploads\\\/2023\\\/02\\\/Dulon-Marine-Deckmate-Group-logo-small.png\",\"contentUrl\":\"http:\\\/\\\/dulonmarine.com\\\/wp-content\\\/uploads\\\/2023\\\/02\\\/Dulon-Marine-Deckmate-Group-logo-small.png\",\"width\":350,\"height\":150,\"caption\":\"Dulon Marine Deckmate Group\"},\"image\":{\"@id\":\"https:\\\/\\\/dulonmarine.com\\\/pt\\\/#\\\/schema\\\/logo\\\/image\\\/\"},\"sameAs\":[\"https:\\\/\\\/www.facebook.com\\\/dulonmarine?locale=nl_NL\",\"https:\\\/\\\/www.instagram.com\\\/dulonmarinegroup\\\/\"]}]}<\/script>\n<!-- \/ Yoast SEO plugin. -->","yoast_head_json":{"title":"Dulon \u010distilo za krmni pogon in lopatico OUBOARD 30 - odstranjuje alge, zelene obloge, morske alge in o\u017eigalkarje -","robots":{"index":"index","follow":"follow","max-snippet":"max-snippet:-1","max-image-preview":"max-image-preview:large","max-video-preview":"max-video-preview:-1"},"canonical":"https:\/\/dulonmarine.com\/sl\/winkel\/tehnika\/vzorcni-izdelek\/dulon-sterndrive-ouboard-shaft-cleaner-30-odstranjuje-alge-zelene-usedline-morske-alge-barnacles\/","og_locale":"sl_SI","og_type":"article","og_title":"Dulon sterndrive & OUBOARD SHAFT cleaner 30 - removes algae, green deposits, seaweed & barnacles -","og_description":"Powerful cleaner for sterndrives and outboard shafts    Professional cleaner specially developed for deep cleaning of stern drives and outboard shafts. It removes effectively lime scale, algae, barnacles and seaweed.   To use on stern drives and outboard engine shafts.  Removes algae, green deposits, seaweed &amp; barnacles.  Very powerful formula.","og_url":"https:\/\/dulonmarine.com\/sl\/winkel\/tehnika\/vzorcni-izdelek\/dulon-sterndrive-ouboard-shaft-cleaner-30-odstranjuje-alge-zelene-usedline-morske-alge-barnacles\/","og_site_name":"Dulon Marine","article_publisher":"https:\/\/www.facebook.com\/dulonmarine?locale=nl_NL","article_modified_time":"2024-10-23T13:19:12+00:00","og_image":[{"width":1200,"height":1200,"url":"https:\/\/dulonmarine.com\/wp-content\/uploads\/2020\/08\/30-Dulon-Marine-Sterndrive-Outboard-Shaft-Cleaner-1.jpg","type":"image\/jpeg"}],"twitter_card":"summary_large_image","twitter_misc":{"Est. reading time":"1 minuta"},"schema":{"@context":"https:\/\/schema.org","@graph":[{"@type":"WebPage","@id":"https:\/\/dulonmarine.com\/winkel\/technique\/sample-product\/dulon-sterndrive-ouboard-shaft-cleaner-30-removes-algae-green-deposits-seaweed-barnacles\/","url":"https:\/\/dulonmarine.com\/winkel\/technique\/sample-product\/dulon-sterndrive-ouboard-shaft-cleaner-30-removes-algae-green-deposits-seaweed-barnacles\/","name":"Dulon \u010distilo za krmni pogon in lopatico OUBOARD 30 - odstranjuje alge, zelene obloge, morske alge in o\u017eigalkarje -","isPartOf":{"@id":"https:\/\/dulonmarine.com\/pt\/#website"},"primaryImageOfPage":{"@id":"https:\/\/dulonmarine.com\/winkel\/technique\/sample-product\/dulon-sterndrive-ouboard-shaft-cleaner-30-removes-algae-green-deposits-seaweed-barnacles\/#primaryimage"},"image":{"@id":"https:\/\/dulonmarine.com\/winkel\/technique\/sample-product\/dulon-sterndrive-ouboard-shaft-cleaner-30-removes-algae-green-deposits-seaweed-barnacles\/#primaryimage"},"thumbnailUrl":"https:\/\/dulonmarine.com\/wp-content\/uploads\/2020\/08\/30-Dulon-Marine-Sterndrive-Outboard-Shaft-Cleaner-1.jpg","datePublished":"2020-08-14T10:53:20+00:00","dateModified":"2024-10-23T13:19:12+00:00","breadcrumb":{"@id":"https:\/\/dulonmarine.com\/winkel\/technique\/sample-product\/dulon-sterndrive-ouboard-shaft-cleaner-30-removes-algae-green-deposits-seaweed-barnacles\/#breadcrumb"},"inLanguage":"sl-SI","potentialAction":[{"@type":"ReadAction","target":["https:\/\/dulonmarine.com\/winkel\/technique\/sample-product\/dulon-sterndrive-ouboard-shaft-cleaner-30-removes-algae-green-deposits-seaweed-barnacles\/"]}]},{"@type":"ImageObject","inLanguage":"sl-SI","@id":"https:\/\/dulonmarine.com\/winkel\/technique\/sample-product\/dulon-sterndrive-ouboard-shaft-cleaner-30-removes-algae-green-deposits-seaweed-barnacles\/#primaryimage","url":"https:\/\/dulonmarine.com\/wp-content\/uploads\/2020\/08\/30-Dulon-Marine-Sterndrive-Outboard-Shaft-Cleaner-1.jpg","contentUrl":"https:\/\/dulonmarine.com\/wp-content\/uploads\/2020\/08\/30-Dulon-Marine-Sterndrive-Outboard-Shaft-Cleaner-1.jpg","width":1200,"height":1200},{"@type":"BreadcrumbList","@id":"https:\/\/dulonmarine.com\/winkel\/technique\/sample-product\/dulon-sterndrive-ouboard-shaft-cleaner-30-removes-algae-green-deposits-seaweed-barnacles\/#breadcrumb","itemListElement":[{"@type":"ListItem","position":1,"name":"Home","item":"https:\/\/dulonmarine.com\/"},{"@type":"ListItem","position":2,"name":"Winkel","item":"https:\/\/dulonmarine.com\/pt\/piacaba\/"},{"@type":"ListItem","position":3,"name":"Dulon sterndrive &#038; OUBOARD SHAFT cleaner 30 &#8211; removes algae, green deposits, seaweed &#038; barnacles"}]},{"@type":"WebSite","@id":"https:\/\/dulonmarine.com\/pt\/#website","url":"https:\/\/dulonmarine.com\/pt\/","name":"Dulon Marine","description":"Onderhoudsproducten voor de scheepvaart","publisher":{"@id":"https:\/\/dulonmarine.com\/pt\/#organization"},"potentialAction":[{"@type":"SearchAction","target":{"@type":"EntryPoint","urlTemplate":"https:\/\/dulonmarine.com\/pt\/?s={search_term_string}"},"query-input":{"@type":"PropertyValueSpecification","valueRequired":true,"valueName":"search_term_string"}}],"inLanguage":"sl-SI"},{"@type":"Organization","@id":"https:\/\/dulonmarine.com\/pt\/#organization","name":"Dulon Marine Skupina Deckmate","url":"https:\/\/dulonmarine.com\/pt\/","logo":{"@type":"ImageObject","inLanguage":"sl-SI","@id":"https:\/\/dulonmarine.com\/pt\/#\/schema\/logo\/image\/","url":"http:\/\/dulonmarine.com\/wp-content\/uploads\/2023\/02\/Dulon-Marine-Deckmate-Group-logo-small.png","contentUrl":"http:\/\/dulonmarine.com\/wp-content\/uploads\/2023\/02\/Dulon-Marine-Deckmate-Group-logo-small.png","width":350,"height":150,"caption":"Dulon Marine Deckmate Group"},"image":{"@id":"https:\/\/dulonmarine.com\/pt\/#\/schema\/logo\/image\/"},"sameAs":["https:\/\/www.facebook.com\/dulonmarine?locale=nl_NL","https:\/\/www.instagram.com\/dulonmarinegroup\/"]}]}},"_links":{"self":[{"href":"https:\/\/dulonmarine.com\/sl\/wp-json\/wp\/v2\/product\/7718","targetHints":{"allow":["GET"]}}],"collection":[{"href":"https:\/\/dulonmarine.com\/sl\/wp-json\/wp\/v2\/product"}],"about":[{"href":"https:\/\/dulonmarine.com\/sl\/wp-json\/wp\/v2\/types\/product"}],"wp:featuredmedia":[{"embeddable":true,"href":"https:\/\/dulonmarine.com\/sl\/wp-json\/wp\/v2\/media\/9440"}],"wp:attachment":[{"href":"https:\/\/dulonmarine.com\/sl\/wp-json\/wp\/v2\/media?parent=7718"}],"wp:term":[{"taxonomy":"product_brand","embeddable":true,"href":"https:\/\/dulonmarine.com\/sl\/wp-json\/wp\/v2\/product_brand?post=7718"},{"taxonomy":"product_cat","embeddable":true,"href":"https:\/\/dulonmarine.com\/sl\/wp-json\/wp\/v2\/product_cat?post=7718"},{"taxonomy":"product_tag","embeddable":true,"href":"https:\/\/dulonmarine.com\/sl\/wp-json\/wp\/v2\/product_tag?post=7718"}],"curies":[{"name":"wp","href":"https:\/\/api.w.org\/{rel}","templated":true}]}}