{"id":7723,"date":"2020-08-14T12:26:49","date_gmt":"2020-08-14T11:26:49","guid":{"rendered":"http:\/\/dulonmarine.com\/?post_type=product&#038;p=7723"},"modified":"2024-10-23T14:21:36","modified_gmt":"2024-10-23T13:21:36","slug":"dulon-cistilec-drenaznega-motorja-34-heavy-duty","status":"publish","type":"product","link":"https:\/\/dulonmarine.com\/sl\/winkel\/technique\/sample-product\/dulon-bilge-engine-cleaner-34-heavy-duty\/","title":{"rendered":"Dulon \u010cistilo za dr\u010de in motorje 34 - te\u017eka naloga"},"content":{"rendered":"","protected":false},"excerpt":{"rendered":"<p>Odstranjuje in raztaplja olje, ma\u0161\u010dobo in blato<\/p>\n<hr \/>\n<p>Mo\u010dno ve\u010dnamensko razma\u0161\u010devalno sredstvo, razvito posebej za \u010di\u0161\u010denje in razma\u0161\u010devanje motorja, motornega prostora in drena\u017enega prostora. Izdelek je varen pri uporabi, biolo\u0161ko razgradljiv in u\u010dinkovito odstranjuje snovi, kot so olja, masti in maziva.<\/p>\n<ul>\n<li>Industrijska - formulacija za te\u017eke naloge.<\/li>\n<li>Brez te\u017eav odstranjuje ma\u0161\u010dobo, olje, maziva itd.<\/li>\n<li>Varna uporaba.<\/li>\n<li>Biolo\u0161ko razgradljiv.<\/li>\n<\/ul>\n<div class=\"x-video-inner\">\n    <video  \nclass=\"x-mejs x-wp-video-shortcode advanced-controls\" \n        width=\"400\" \n        height=\"400\" \n        loop autoplay muted playsinline style=\"border: none; outline: none; background: none;\"><source type=\"video\/mp4\" src=\"http:\/\/dulonmarine.com\/wp-content\/uploads\/2024\/10\/34.Bilge_And_Engine_Cleaner_Heavy_Duty-360-video.mp4\"><\/video>\n<\/div>","protected":false},"featured_media":9141,"template":"","meta":{"_acf_changed":false,"om_disable_all_campaigns":false,"rs_blank_template":"","rs_page_bg_color":"","slide_template_v7":"","inline_featured_image":false,"_monsterinsights_skip_tracking":false,"_monsterinsights_sitenote_active":false,"_monsterinsights_sitenote_note":"","_monsterinsights_sitenote_category":0},"product_brand":[],"product_cat":[46],"product_tag":[22],"class_list":{"0":"post-7723","1":"product","2":"type-product","3":"status-publish","4":"has-post-thumbnail","6":"product_cat-technique","7":"product_tag-22","8":"pa_article-numbers-contents-6-34010","9":"pa_article-numbers-contents-6-35040","10":"pa_article-numbers-contents-6-34250","11":"pa_available-content-1l","12":"pa_available-content-25l","13":"pa_available-content-5l","14":"pa_crp-clean-en","17":"first","18":"instock","19":"purchasable","20":"product-type-variable"},"acf":[],"yoast_head":"<!-- This site is optimized with the Yoast SEO plugin v27.4 - https:\/\/yoast.com\/product\/yoast-seo-wordpress\/ -->\n<title>Dulon Bilge &amp; Engine Cleaner 34 - Heavy Duty -<\/title>\n<meta name=\"description\" content=\"Strong multifunctional degreaser, developed especially for cleaning and degreasing the engine, motor (compartment) and bilge.\" \/>\n<meta name=\"robots\" content=\"index, follow, max-snippet:-1, max-image-preview:large, max-video-preview:-1\" \/>\n<link rel=\"canonical\" href=\"https:\/\/dulonmarine.com\/sl\/winkel\/tehnika\/vzorcni-izdelek\/dulon-cistilec-drenaznega-motorja-34-heavy-duty\/\" \/>\n<meta property=\"og:locale\" content=\"sl_SI\" \/>\n<meta property=\"og:type\" content=\"article\" \/>\n<meta property=\"og:title\" content=\"Dulon Bilge &amp; Engine Cleaner 34 - Heavy Duty -\" \/>\n<meta property=\"og:description\" content=\"Strong multifunctional degreaser, developed especially for cleaning and degreasing the engine, motor (compartment) and bilge.\" \/>\n<meta property=\"og:url\" content=\"https:\/\/dulonmarine.com\/sl\/winkel\/tehnika\/vzorcni-izdelek\/dulon-cistilec-drenaznega-motorja-34-heavy-duty\/\" \/>\n<meta property=\"og:site_name\" content=\"Dulon Marine\" \/>\n<meta property=\"article:publisher\" content=\"https:\/\/www.facebook.com\/dulonmarine?locale=nl_NL\" \/>\n<meta property=\"article:modified_time\" content=\"2024-10-23T13:21:36+00:00\" \/>\n<meta property=\"og:image\" content=\"https:\/\/dulonmarine.com\/wp-content\/uploads\/2020\/08\/34-Dulon-Marine-Bilge-Engine-Cleaner-heavy-duty.jpg\" \/>\n\t<meta property=\"og:image:width\" content=\"1200\" \/>\n\t<meta property=\"og:image:height\" content=\"1200\" \/>\n\t<meta property=\"og:image:type\" content=\"image\/jpeg\" \/>\n<meta name=\"twitter:card\" content=\"summary_large_image\" \/>\n<meta name=\"twitter:label1\" content=\"Est. reading time\" \/>\n\t<meta name=\"twitter:data1\" content=\"1 minuta\" \/>\n<script type=\"application\/ld+json\" class=\"yoast-schema-graph\">{\"@context\":\"https:\\\/\\\/schema.org\",\"@graph\":[{\"@type\":\"WebPage\",\"@id\":\"https:\\\/\\\/dulonmarine.com\\\/da\\\/winkel\\\/technique\\\/proveprodukt\\\/dulon-bilge-engine-cleaner-34-heavy-duty\\\/\",\"url\":\"https:\\\/\\\/dulonmarine.com\\\/da\\\/winkel\\\/technique\\\/proveprodukt\\\/dulon-bilge-engine-cleaner-34-heavy-duty\\\/\",\"name\":\"Dulon Bilge & Engine Cleaner 34 - Heavy Duty -\",\"isPartOf\":{\"@id\":\"https:\\\/\\\/dulonmarine.com\\\/pt\\\/#website\"},\"primaryImageOfPage\":{\"@id\":\"https:\\\/\\\/dulonmarine.com\\\/da\\\/winkel\\\/technique\\\/proveprodukt\\\/dulon-bilge-engine-cleaner-34-heavy-duty\\\/#primaryimage\"},\"image\":{\"@id\":\"https:\\\/\\\/dulonmarine.com\\\/da\\\/winkel\\\/technique\\\/proveprodukt\\\/dulon-bilge-engine-cleaner-34-heavy-duty\\\/#primaryimage\"},\"thumbnailUrl\":\"https:\\\/\\\/dulonmarine.com\\\/wp-content\\\/uploads\\\/2020\\\/08\\\/34-Dulon-Marine-Bilge-Engine-Cleaner-heavy-duty.jpg\",\"datePublished\":\"2020-08-14T11:26:49+00:00\",\"dateModified\":\"2024-10-23T13:21:36+00:00\",\"description\":\"Strong multifunctional degreaser, developed especially for cleaning and degreasing the engine, motor (compartment) and bilge.\",\"breadcrumb\":{\"@id\":\"https:\\\/\\\/dulonmarine.com\\\/da\\\/winkel\\\/technique\\\/proveprodukt\\\/dulon-bilge-engine-cleaner-34-heavy-duty\\\/#breadcrumb\"},\"inLanguage\":\"sl-SI\",\"potentialAction\":[{\"@type\":\"ReadAction\",\"target\":[\"https:\\\/\\\/dulonmarine.com\\\/da\\\/winkel\\\/technique\\\/proveprodukt\\\/dulon-bilge-engine-cleaner-34-heavy-duty\\\/\"]}]},{\"@type\":\"ImageObject\",\"inLanguage\":\"sl-SI\",\"@id\":\"https:\\\/\\\/dulonmarine.com\\\/da\\\/winkel\\\/technique\\\/proveprodukt\\\/dulon-bilge-engine-cleaner-34-heavy-duty\\\/#primaryimage\",\"url\":\"https:\\\/\\\/dulonmarine.com\\\/wp-content\\\/uploads\\\/2020\\\/08\\\/34-Dulon-Marine-Bilge-Engine-Cleaner-heavy-duty.jpg\",\"contentUrl\":\"https:\\\/\\\/dulonmarine.com\\\/wp-content\\\/uploads\\\/2020\\\/08\\\/34-Dulon-Marine-Bilge-Engine-Cleaner-heavy-duty.jpg\",\"width\":1200,\"height\":1200},{\"@type\":\"BreadcrumbList\",\"@id\":\"https:\\\/\\\/dulonmarine.com\\\/da\\\/winkel\\\/technique\\\/proveprodukt\\\/dulon-bilge-engine-cleaner-34-heavy-duty\\\/#breadcrumb\",\"itemListElement\":[{\"@type\":\"ListItem\",\"position\":1,\"name\":\"Home\",\"item\":\"https:\\\/\\\/dulonmarine.com\\\/\"},{\"@type\":\"ListItem\",\"position\":2,\"name\":\"Winkel\",\"item\":\"https:\\\/\\\/dulonmarine.com\\\/pt\\\/piacaba\\\/\"},{\"@type\":\"ListItem\",\"position\":3,\"name\":\"Dulon Bilge &#038; Engine Cleaner 34 &#8211; Heavy Duty\"}]},{\"@type\":\"WebSite\",\"@id\":\"https:\\\/\\\/dulonmarine.com\\\/pt\\\/#website\",\"url\":\"https:\\\/\\\/dulonmarine.com\\\/pt\\\/\",\"name\":\"Dulon Marine\",\"description\":\"Onderhoudsproducten voor de scheepvaart\",\"publisher\":{\"@id\":\"https:\\\/\\\/dulonmarine.com\\\/pt\\\/#organization\"},\"potentialAction\":[{\"@type\":\"SearchAction\",\"target\":{\"@type\":\"EntryPoint\",\"urlTemplate\":\"https:\\\/\\\/dulonmarine.com\\\/pt\\\/?s={search_term_string}\"},\"query-input\":{\"@type\":\"PropertyValueSpecification\",\"valueRequired\":true,\"valueName\":\"search_term_string\"}}],\"inLanguage\":\"sl-SI\"},{\"@type\":\"Organization\",\"@id\":\"https:\\\/\\\/dulonmarine.com\\\/pt\\\/#organization\",\"name\":\"Dulon Marine Deckmate Group\",\"url\":\"https:\\\/\\\/dulonmarine.com\\\/pt\\\/\",\"logo\":{\"@type\":\"ImageObject\",\"inLanguage\":\"sl-SI\",\"@id\":\"https:\\\/\\\/dulonmarine.com\\\/pt\\\/#\\\/schema\\\/logo\\\/image\\\/\",\"url\":\"http:\\\/\\\/dulonmarine.com\\\/wp-content\\\/uploads\\\/2023\\\/02\\\/Dulon-Marine-Deckmate-Group-logo-small.png\",\"contentUrl\":\"http:\\\/\\\/dulonmarine.com\\\/wp-content\\\/uploads\\\/2023\\\/02\\\/Dulon-Marine-Deckmate-Group-logo-small.png\",\"width\":350,\"height\":150,\"caption\":\"Dulon Marine Deckmate Group\"},\"image\":{\"@id\":\"https:\\\/\\\/dulonmarine.com\\\/pt\\\/#\\\/schema\\\/logo\\\/image\\\/\"},\"sameAs\":[\"https:\\\/\\\/www.facebook.com\\\/dulonmarine?locale=nl_NL\",\"https:\\\/\\\/www.instagram.com\\\/dulonmarinegroup\\\/\"]}]}<\/script>\n<!-- \/ Yoast SEO plugin. -->","yoast_head_json":{"title":"Dulon \u010cistilec dr\u010de in motorja 34 - te\u017eka naloga -","description":"Mo\u010dno ve\u010dnamensko razma\u0161\u010devalno sredstvo, razvito posebej za \u010di\u0161\u010denje in razma\u0161\u010devanje motorja, motornega prostora in drena\u017enega prostora.","robots":{"index":"index","follow":"follow","max-snippet":"max-snippet:-1","max-image-preview":"max-image-preview:large","max-video-preview":"max-video-preview:-1"},"canonical":"https:\/\/dulonmarine.com\/sl\/winkel\/tehnika\/vzorcni-izdelek\/dulon-cistilec-drenaznega-motorja-34-heavy-duty\/","og_locale":"sl_SI","og_type":"article","og_title":"Dulon Bilge & Engine Cleaner 34 - Heavy Duty -","og_description":"Strong multifunctional degreaser, developed especially for cleaning and degreasing the engine, motor (compartment) and bilge.","og_url":"https:\/\/dulonmarine.com\/sl\/winkel\/tehnika\/vzorcni-izdelek\/dulon-cistilec-drenaznega-motorja-34-heavy-duty\/","og_site_name":"Dulon Marine","article_publisher":"https:\/\/www.facebook.com\/dulonmarine?locale=nl_NL","article_modified_time":"2024-10-23T13:21:36+00:00","og_image":[{"width":1200,"height":1200,"url":"https:\/\/dulonmarine.com\/wp-content\/uploads\/2020\/08\/34-Dulon-Marine-Bilge-Engine-Cleaner-heavy-duty.jpg","type":"image\/jpeg"}],"twitter_card":"summary_large_image","twitter_misc":{"Est. reading time":"1 minuta"},"schema":{"@context":"https:\/\/schema.org","@graph":[{"@type":"WebPage","@id":"https:\/\/dulonmarine.com\/da\/winkel\/technique\/proveprodukt\/dulon-bilge-engine-cleaner-34-heavy-duty\/","url":"https:\/\/dulonmarine.com\/da\/winkel\/technique\/proveprodukt\/dulon-bilge-engine-cleaner-34-heavy-duty\/","name":"Dulon \u010cistilec dr\u010de in motorja 34 - te\u017eka naloga -","isPartOf":{"@id":"https:\/\/dulonmarine.com\/pt\/#website"},"primaryImageOfPage":{"@id":"https:\/\/dulonmarine.com\/da\/winkel\/technique\/proveprodukt\/dulon-bilge-engine-cleaner-34-heavy-duty\/#primaryimage"},"image":{"@id":"https:\/\/dulonmarine.com\/da\/winkel\/technique\/proveprodukt\/dulon-bilge-engine-cleaner-34-heavy-duty\/#primaryimage"},"thumbnailUrl":"https:\/\/dulonmarine.com\/wp-content\/uploads\/2020\/08\/34-Dulon-Marine-Bilge-Engine-Cleaner-heavy-duty.jpg","datePublished":"2020-08-14T11:26:49+00:00","dateModified":"2024-10-23T13:21:36+00:00","description":"Mo\u010dno ve\u010dnamensko razma\u0161\u010devalno sredstvo, razvito posebej za \u010di\u0161\u010denje in razma\u0161\u010devanje motorja, motornega prostora in drena\u017enega prostora.","breadcrumb":{"@id":"https:\/\/dulonmarine.com\/da\/winkel\/technique\/proveprodukt\/dulon-bilge-engine-cleaner-34-heavy-duty\/#breadcrumb"},"inLanguage":"sl-SI","potentialAction":[{"@type":"ReadAction","target":["https:\/\/dulonmarine.com\/da\/winkel\/technique\/proveprodukt\/dulon-bilge-engine-cleaner-34-heavy-duty\/"]}]},{"@type":"ImageObject","inLanguage":"sl-SI","@id":"https:\/\/dulonmarine.com\/da\/winkel\/technique\/proveprodukt\/dulon-bilge-engine-cleaner-34-heavy-duty\/#primaryimage","url":"https:\/\/dulonmarine.com\/wp-content\/uploads\/2020\/08\/34-Dulon-Marine-Bilge-Engine-Cleaner-heavy-duty.jpg","contentUrl":"https:\/\/dulonmarine.com\/wp-content\/uploads\/2020\/08\/34-Dulon-Marine-Bilge-Engine-Cleaner-heavy-duty.jpg","width":1200,"height":1200},{"@type":"BreadcrumbList","@id":"https:\/\/dulonmarine.com\/da\/winkel\/technique\/proveprodukt\/dulon-bilge-engine-cleaner-34-heavy-duty\/#breadcrumb","itemListElement":[{"@type":"ListItem","position":1,"name":"Home","item":"https:\/\/dulonmarine.com\/"},{"@type":"ListItem","position":2,"name":"Winkel","item":"https:\/\/dulonmarine.com\/pt\/piacaba\/"},{"@type":"ListItem","position":3,"name":"Dulon Bilge &#038; Engine Cleaner 34 &#8211; Heavy Duty"}]},{"@type":"WebSite","@id":"https:\/\/dulonmarine.com\/pt\/#website","url":"https:\/\/dulonmarine.com\/pt\/","name":"Dulon Marine","description":"Onderhoudsproducten voor de scheepvaart","publisher":{"@id":"https:\/\/dulonmarine.com\/pt\/#organization"},"potentialAction":[{"@type":"SearchAction","target":{"@type":"EntryPoint","urlTemplate":"https:\/\/dulonmarine.com\/pt\/?s={search_term_string}"},"query-input":{"@type":"PropertyValueSpecification","valueRequired":true,"valueName":"search_term_string"}}],"inLanguage":"sl-SI"},{"@type":"Organization","@id":"https:\/\/dulonmarine.com\/pt\/#organization","name":"Dulon Marine Skupina Deckmate","url":"https:\/\/dulonmarine.com\/pt\/","logo":{"@type":"ImageObject","inLanguage":"sl-SI","@id":"https:\/\/dulonmarine.com\/pt\/#\/schema\/logo\/image\/","url":"http:\/\/dulonmarine.com\/wp-content\/uploads\/2023\/02\/Dulon-Marine-Deckmate-Group-logo-small.png","contentUrl":"http:\/\/dulonmarine.com\/wp-content\/uploads\/2023\/02\/Dulon-Marine-Deckmate-Group-logo-small.png","width":350,"height":150,"caption":"Dulon Marine Deckmate Group"},"image":{"@id":"https:\/\/dulonmarine.com\/pt\/#\/schema\/logo\/image\/"},"sameAs":["https:\/\/www.facebook.com\/dulonmarine?locale=nl_NL","https:\/\/www.instagram.com\/dulonmarinegroup\/"]}]}},"_links":{"self":[{"href":"https:\/\/dulonmarine.com\/sl\/wp-json\/wp\/v2\/product\/7723","targetHints":{"allow":["GET"]}}],"collection":[{"href":"https:\/\/dulonmarine.com\/sl\/wp-json\/wp\/v2\/product"}],"about":[{"href":"https:\/\/dulonmarine.com\/sl\/wp-json\/wp\/v2\/types\/product"}],"wp:featuredmedia":[{"embeddable":true,"href":"https:\/\/dulonmarine.com\/sl\/wp-json\/wp\/v2\/media\/9141"}],"wp:attachment":[{"href":"https:\/\/dulonmarine.com\/sl\/wp-json\/wp\/v2\/media?parent=7723"}],"wp:term":[{"taxonomy":"product_brand","embeddable":true,"href":"https:\/\/dulonmarine.com\/sl\/wp-json\/wp\/v2\/product_brand?post=7723"},{"taxonomy":"product_cat","embeddable":true,"href":"https:\/\/dulonmarine.com\/sl\/wp-json\/wp\/v2\/product_cat?post=7723"},{"taxonomy":"product_tag","embeddable":true,"href":"https:\/\/dulonmarine.com\/sl\/wp-json\/wp\/v2\/product_tag?post=7723"}],"curies":[{"name":"wp","href":"https:\/\/api.w.org\/{rel}","templated":true}]}}