{"id":7748,"date":"2020-08-17T09:27:41","date_gmt":"2020-08-17T08:27:41","guid":{"rendered":"http:\/\/dulonmarine.com\/?post_type=product&#038;p=7748"},"modified":"2024-10-23T14:42:53","modified_gmt":"2024-10-23T13:42:53","slug":"dulon-polirno-sredstvo-za-nerjavno-jeklo-60-clean-shine-protect","status":"publish","type":"product","link":"https:\/\/dulonmarine.com\/sl\/winkel\/metal\/sample-product\/dulon-stainless-steel-polish-60-clean-shine-protect\/","title":{"rendered":"Dulon Polirno sredstvo za nerjave\u010de jeklo 60 - \u010di\u0161\u010denje, sijaj in za\u0161\u010dita"},"content":{"rendered":"","protected":false},"excerpt":{"rendered":"<p>\u010ci\u0161\u010denje, sijaj in bli\u0161\u010d<\/p>\n<hr \/>\n<p>Profesionalno \u010distilo in za\u0161\u010dita za vse vrste (poliranega) nerjavnega jekla, kot so stebri\u010dki, ograje, te\u010daji, zra\u010dne lopute, klju\u010davnice, zapahi, klju\u010davnice, odprtine za vrata itd. Odstranjuje ne\u010disto\u010de, korozijo in zagotavlja za\u0161\u010ditni sloj.<\/p>\n<ul>\n<li>Odstranjuje vodni kamen, apnen\u010daste obloge, korozijo in druge ne\u010disto\u010de.<\/li>\n<li>Globok sijaj.<\/li>\n<li>Dolgotrajna za\u0161\u010ditna funkcija.<\/li>\n<li>Enostavno natikanje in snemanje.<\/li>\n<\/ul>\n<div class=\"x-video-inner\">\n    <video  \nclass=\"x-mejs x-wp-video-shortcode advanced-controls\" \n        width=\"400\" \n        height=\"400\" \n        loop autoplay muted playsinline style=\"border: none; outline: none; background: none;\"><source type=\"video\/mp4\" src=\"http:\/\/dulonmarine.com\/wp-content\/uploads\/2024\/10\/60.Stainless_Steel_Polish-360-video.mp4\"><\/video>\n<\/div>","protected":false},"featured_media":9133,"template":"","meta":{"_acf_changed":false,"om_disable_all_campaigns":false,"rs_blank_template":"","rs_page_bg_color":"","slide_template_v7":"","inline_featured_image":false,"_monsterinsights_skip_tracking":false,"_monsterinsights_sitenote_active":false,"_monsterinsights_sitenote_note":"","_monsterinsights_sitenote_category":0},"product_brand":[],"product_cat":[49],"product_tag":[15],"class_list":{"0":"post-7748","1":"product","2":"type-product","3":"status-publish","4":"has-post-thumbnail","6":"product_cat-metal","7":"product_tag-15","8":"pa_article-numbers-contents-6-60005","9":"pa_article-numbers-contents-6-60050","10":"pa_article-numbers-contents-6-60250","11":"pa_available-content-0-5l","12":"pa_available-content-25l","13":"pa_available-content-5l","14":"pa_crp-clean-restore-protect-en","17":"first","18":"instock","19":"purchasable","20":"product-type-variable"},"acf":[],"yoast_head":"<!-- This site is optimized with the Yoast SEO plugin v27.3 - https:\/\/yoast.com\/product\/yoast-seo-wordpress\/ -->\n<title>Dulon Stainless Steel Polish 60 - clean, shine &amp; protect -<\/title>\n<meta name=\"description\" content=\"Professional cleaner &amp; protector for all kinds of (polished) stainless steel\" \/>\n<meta name=\"robots\" content=\"index, follow, max-snippet:-1, max-image-preview:large, max-video-preview:-1\" \/>\n<link rel=\"canonical\" href=\"https:\/\/dulonmarine.com\/sl\/winkel\/kovinski\/vzorcni-izdelek\/dulon-polirno-sredstvo-za-nerjavno-jeklo-60-clean-shine-protect\/\" \/>\n<meta property=\"og:locale\" content=\"sl_SI\" \/>\n<meta property=\"og:type\" content=\"article\" \/>\n<meta property=\"og:title\" content=\"Dulon Stainless Steel Polish 60 - clean, shine &amp; protect -\" \/>\n<meta property=\"og:description\" content=\"Professional cleaner &amp; protector for all kinds of (polished) stainless steel\" \/>\n<meta property=\"og:url\" content=\"https:\/\/dulonmarine.com\/sl\/winkel\/kovinski\/vzorcni-izdelek\/dulon-polirno-sredstvo-za-nerjavno-jeklo-60-clean-shine-protect\/\" \/>\n<meta property=\"og:site_name\" content=\"Dulon Marine\" \/>\n<meta property=\"article:publisher\" content=\"https:\/\/www.facebook.com\/dulonmarine?locale=nl_NL\" \/>\n<meta property=\"article:modified_time\" content=\"2024-10-23T13:42:53+00:00\" \/>\n<meta property=\"og:image\" content=\"https:\/\/dulonmarine.com\/wp-content\/uploads\/2020\/08\/60-Dulon-Marine-Stainless-Steel-Polish.jpg\" \/>\n\t<meta property=\"og:image:width\" content=\"1200\" \/>\n\t<meta property=\"og:image:height\" content=\"1200\" \/>\n\t<meta property=\"og:image:type\" content=\"image\/jpeg\" \/>\n<meta name=\"twitter:card\" content=\"summary_large_image\" \/>\n<meta name=\"twitter:label1\" content=\"Est. reading time\" \/>\n\t<meta name=\"twitter:data1\" content=\"1 minuta\" \/>\n<script type=\"application\/ld+json\" class=\"yoast-schema-graph\">{\"@context\":\"https:\\\/\\\/schema.org\",\"@graph\":[{\"@type\":\"WebPage\",\"@id\":\"https:\\\/\\\/dulonmarine.com\\\/es\\\/winkel\\\/metal\\\/producto-de-muestra\\\/dulon-stainless-steel-polish-60-clean-shine-protect\\\/\",\"url\":\"https:\\\/\\\/dulonmarine.com\\\/es\\\/winkel\\\/metal\\\/producto-de-muestra\\\/dulon-stainless-steel-polish-60-clean-shine-protect\\\/\",\"name\":\"Dulon Stainless Steel Polish 60 - clean, shine & protect -\",\"isPartOf\":{\"@id\":\"https:\\\/\\\/dulonmarine.com\\\/pt\\\/#website\"},\"primaryImageOfPage\":{\"@id\":\"https:\\\/\\\/dulonmarine.com\\\/es\\\/winkel\\\/metal\\\/producto-de-muestra\\\/dulon-stainless-steel-polish-60-clean-shine-protect\\\/#primaryimage\"},\"image\":{\"@id\":\"https:\\\/\\\/dulonmarine.com\\\/es\\\/winkel\\\/metal\\\/producto-de-muestra\\\/dulon-stainless-steel-polish-60-clean-shine-protect\\\/#primaryimage\"},\"thumbnailUrl\":\"https:\\\/\\\/dulonmarine.com\\\/wp-content\\\/uploads\\\/2020\\\/08\\\/60-Dulon-Marine-Stainless-Steel-Polish.jpg\",\"datePublished\":\"2020-08-17T08:27:41+00:00\",\"dateModified\":\"2024-10-23T13:42:53+00:00\",\"description\":\"Professional cleaner & protector for all kinds of (polished) stainless steel\",\"breadcrumb\":{\"@id\":\"https:\\\/\\\/dulonmarine.com\\\/es\\\/winkel\\\/metal\\\/producto-de-muestra\\\/dulon-stainless-steel-polish-60-clean-shine-protect\\\/#breadcrumb\"},\"inLanguage\":\"sl-SI\",\"potentialAction\":[{\"@type\":\"ReadAction\",\"target\":[\"https:\\\/\\\/dulonmarine.com\\\/es\\\/winkel\\\/metal\\\/producto-de-muestra\\\/dulon-stainless-steel-polish-60-clean-shine-protect\\\/\"]}]},{\"@type\":\"ImageObject\",\"inLanguage\":\"sl-SI\",\"@id\":\"https:\\\/\\\/dulonmarine.com\\\/es\\\/winkel\\\/metal\\\/producto-de-muestra\\\/dulon-stainless-steel-polish-60-clean-shine-protect\\\/#primaryimage\",\"url\":\"https:\\\/\\\/dulonmarine.com\\\/wp-content\\\/uploads\\\/2020\\\/08\\\/60-Dulon-Marine-Stainless-Steel-Polish.jpg\",\"contentUrl\":\"https:\\\/\\\/dulonmarine.com\\\/wp-content\\\/uploads\\\/2020\\\/08\\\/60-Dulon-Marine-Stainless-Steel-Polish.jpg\",\"width\":1200,\"height\":1200},{\"@type\":\"BreadcrumbList\",\"@id\":\"https:\\\/\\\/dulonmarine.com\\\/es\\\/winkel\\\/metal\\\/producto-de-muestra\\\/dulon-stainless-steel-polish-60-clean-shine-protect\\\/#breadcrumb\",\"itemListElement\":[{\"@type\":\"ListItem\",\"position\":1,\"name\":\"Home\",\"item\":\"https:\\\/\\\/dulonmarine.com\\\/\"},{\"@type\":\"ListItem\",\"position\":2,\"name\":\"Winkel\",\"item\":\"https:\\\/\\\/dulonmarine.com\\\/pt\\\/piacaba\\\/\"},{\"@type\":\"ListItem\",\"position\":3,\"name\":\"Dulon Stainless Steel Polish 60 &#8211; clean, shine &#038; protect\"}]},{\"@type\":\"WebSite\",\"@id\":\"https:\\\/\\\/dulonmarine.com\\\/pt\\\/#website\",\"url\":\"https:\\\/\\\/dulonmarine.com\\\/pt\\\/\",\"name\":\"Dulon Marine\",\"description\":\"Onderhoudsproducten voor de scheepvaart\",\"publisher\":{\"@id\":\"https:\\\/\\\/dulonmarine.com\\\/pt\\\/#organization\"},\"potentialAction\":[{\"@type\":\"SearchAction\",\"target\":{\"@type\":\"EntryPoint\",\"urlTemplate\":\"https:\\\/\\\/dulonmarine.com\\\/pt\\\/?s={search_term_string}\"},\"query-input\":{\"@type\":\"PropertyValueSpecification\",\"valueRequired\":true,\"valueName\":\"search_term_string\"}}],\"inLanguage\":\"sl-SI\"},{\"@type\":\"Organization\",\"@id\":\"https:\\\/\\\/dulonmarine.com\\\/pt\\\/#organization\",\"name\":\"Dulon Marine Deckmate Group\",\"url\":\"https:\\\/\\\/dulonmarine.com\\\/pt\\\/\",\"logo\":{\"@type\":\"ImageObject\",\"inLanguage\":\"sl-SI\",\"@id\":\"https:\\\/\\\/dulonmarine.com\\\/pt\\\/#\\\/schema\\\/logo\\\/image\\\/\",\"url\":\"http:\\\/\\\/dulonmarine.com\\\/wp-content\\\/uploads\\\/2023\\\/02\\\/Dulon-Marine-Deckmate-Group-logo-small.png\",\"contentUrl\":\"http:\\\/\\\/dulonmarine.com\\\/wp-content\\\/uploads\\\/2023\\\/02\\\/Dulon-Marine-Deckmate-Group-logo-small.png\",\"width\":350,\"height\":150,\"caption\":\"Dulon Marine Deckmate Group\"},\"image\":{\"@id\":\"https:\\\/\\\/dulonmarine.com\\\/pt\\\/#\\\/schema\\\/logo\\\/image\\\/\"},\"sameAs\":[\"https:\\\/\\\/www.facebook.com\\\/dulonmarine?locale=nl_NL\",\"https:\\\/\\\/www.instagram.com\\\/dulonmarinegroup\\\/\"]}]}<\/script>\n<!-- \/ Yoast SEO plugin. -->","yoast_head_json":{"title":"Dulon Polirno sredstvo za nerjavno jeklo 60 - \u010di\u0161\u010denje, sijaj in za\u0161\u010dita -","description":"Profesionalno \u010distilo in za\u0161\u010dita za vse vrste (poliranega) nerjave\u010dega jekla","robots":{"index":"index","follow":"follow","max-snippet":"max-snippet:-1","max-image-preview":"max-image-preview:large","max-video-preview":"max-video-preview:-1"},"canonical":"https:\/\/dulonmarine.com\/sl\/winkel\/kovinski\/vzorcni-izdelek\/dulon-polirno-sredstvo-za-nerjavno-jeklo-60-clean-shine-protect\/","og_locale":"sl_SI","og_type":"article","og_title":"Dulon Stainless Steel Polish 60 - clean, shine & protect -","og_description":"Professional cleaner & protector for all kinds of (polished) stainless steel","og_url":"https:\/\/dulonmarine.com\/sl\/winkel\/kovinski\/vzorcni-izdelek\/dulon-polirno-sredstvo-za-nerjavno-jeklo-60-clean-shine-protect\/","og_site_name":"Dulon Marine","article_publisher":"https:\/\/www.facebook.com\/dulonmarine?locale=nl_NL","article_modified_time":"2024-10-23T13:42:53+00:00","og_image":[{"width":1200,"height":1200,"url":"https:\/\/dulonmarine.com\/wp-content\/uploads\/2020\/08\/60-Dulon-Marine-Stainless-Steel-Polish.jpg","type":"image\/jpeg"}],"twitter_card":"summary_large_image","twitter_misc":{"Est. reading time":"1 minuta"},"schema":{"@context":"https:\/\/schema.org","@graph":[{"@type":"WebPage","@id":"https:\/\/dulonmarine.com\/es\/winkel\/metal\/producto-de-muestra\/dulon-stainless-steel-polish-60-clean-shine-protect\/","url":"https:\/\/dulonmarine.com\/es\/winkel\/metal\/producto-de-muestra\/dulon-stainless-steel-polish-60-clean-shine-protect\/","name":"Dulon Polirno sredstvo za nerjavno jeklo 60 - \u010di\u0161\u010denje, sijaj in za\u0161\u010dita -","isPartOf":{"@id":"https:\/\/dulonmarine.com\/pt\/#website"},"primaryImageOfPage":{"@id":"https:\/\/dulonmarine.com\/es\/winkel\/metal\/producto-de-muestra\/dulon-stainless-steel-polish-60-clean-shine-protect\/#primaryimage"},"image":{"@id":"https:\/\/dulonmarine.com\/es\/winkel\/metal\/producto-de-muestra\/dulon-stainless-steel-polish-60-clean-shine-protect\/#primaryimage"},"thumbnailUrl":"https:\/\/dulonmarine.com\/wp-content\/uploads\/2020\/08\/60-Dulon-Marine-Stainless-Steel-Polish.jpg","datePublished":"2020-08-17T08:27:41+00:00","dateModified":"2024-10-23T13:42:53+00:00","description":"Profesionalno \u010distilo in za\u0161\u010dita za vse vrste (poliranega) nerjave\u010dega jekla","breadcrumb":{"@id":"https:\/\/dulonmarine.com\/es\/winkel\/metal\/producto-de-muestra\/dulon-stainless-steel-polish-60-clean-shine-protect\/#breadcrumb"},"inLanguage":"sl-SI","potentialAction":[{"@type":"ReadAction","target":["https:\/\/dulonmarine.com\/es\/winkel\/metal\/producto-de-muestra\/dulon-stainless-steel-polish-60-clean-shine-protect\/"]}]},{"@type":"ImageObject","inLanguage":"sl-SI","@id":"https:\/\/dulonmarine.com\/es\/winkel\/metal\/producto-de-muestra\/dulon-stainless-steel-polish-60-clean-shine-protect\/#primaryimage","url":"https:\/\/dulonmarine.com\/wp-content\/uploads\/2020\/08\/60-Dulon-Marine-Stainless-Steel-Polish.jpg","contentUrl":"https:\/\/dulonmarine.com\/wp-content\/uploads\/2020\/08\/60-Dulon-Marine-Stainless-Steel-Polish.jpg","width":1200,"height":1200},{"@type":"BreadcrumbList","@id":"https:\/\/dulonmarine.com\/es\/winkel\/metal\/producto-de-muestra\/dulon-stainless-steel-polish-60-clean-shine-protect\/#breadcrumb","itemListElement":[{"@type":"ListItem","position":1,"name":"Home","item":"https:\/\/dulonmarine.com\/"},{"@type":"ListItem","position":2,"name":"Winkel","item":"https:\/\/dulonmarine.com\/pt\/piacaba\/"},{"@type":"ListItem","position":3,"name":"Dulon Stainless Steel Polish 60 &#8211; clean, shine &#038; protect"}]},{"@type":"WebSite","@id":"https:\/\/dulonmarine.com\/pt\/#website","url":"https:\/\/dulonmarine.com\/pt\/","name":"Dulon Marine","description":"Onderhoudsproducten voor de scheepvaart","publisher":{"@id":"https:\/\/dulonmarine.com\/pt\/#organization"},"potentialAction":[{"@type":"SearchAction","target":{"@type":"EntryPoint","urlTemplate":"https:\/\/dulonmarine.com\/pt\/?s={search_term_string}"},"query-input":{"@type":"PropertyValueSpecification","valueRequired":true,"valueName":"search_term_string"}}],"inLanguage":"sl-SI"},{"@type":"Organization","@id":"https:\/\/dulonmarine.com\/pt\/#organization","name":"Dulon Marine Skupina Deckmate","url":"https:\/\/dulonmarine.com\/pt\/","logo":{"@type":"ImageObject","inLanguage":"sl-SI","@id":"https:\/\/dulonmarine.com\/pt\/#\/schema\/logo\/image\/","url":"http:\/\/dulonmarine.com\/wp-content\/uploads\/2023\/02\/Dulon-Marine-Deckmate-Group-logo-small.png","contentUrl":"http:\/\/dulonmarine.com\/wp-content\/uploads\/2023\/02\/Dulon-Marine-Deckmate-Group-logo-small.png","width":350,"height":150,"caption":"Dulon Marine Deckmate Group"},"image":{"@id":"https:\/\/dulonmarine.com\/pt\/#\/schema\/logo\/image\/"},"sameAs":["https:\/\/www.facebook.com\/dulonmarine?locale=nl_NL","https:\/\/www.instagram.com\/dulonmarinegroup\/"]}]}},"_links":{"self":[{"href":"https:\/\/dulonmarine.com\/sl\/wp-json\/wp\/v2\/product\/7748","targetHints":{"allow":["GET"]}}],"collection":[{"href":"https:\/\/dulonmarine.com\/sl\/wp-json\/wp\/v2\/product"}],"about":[{"href":"https:\/\/dulonmarine.com\/sl\/wp-json\/wp\/v2\/types\/product"}],"wp:featuredmedia":[{"embeddable":true,"href":"https:\/\/dulonmarine.com\/sl\/wp-json\/wp\/v2\/media\/9133"}],"wp:attachment":[{"href":"https:\/\/dulonmarine.com\/sl\/wp-json\/wp\/v2\/media?parent=7748"}],"wp:term":[{"taxonomy":"product_brand","embeddable":true,"href":"https:\/\/dulonmarine.com\/sl\/wp-json\/wp\/v2\/product_brand?post=7748"},{"taxonomy":"product_cat","embeddable":true,"href":"https:\/\/dulonmarine.com\/sl\/wp-json\/wp\/v2\/product_cat?post=7748"},{"taxonomy":"product_tag","embeddable":true,"href":"https:\/\/dulonmarine.com\/sl\/wp-json\/wp\/v2\/product_tag?post=7748"}],"curies":[{"name":"wp","href":"https:\/\/api.w.org\/{rel}","templated":true}]}}