{"id":7756,"date":"2020-08-17T10:01:20","date_gmt":"2020-08-17T09:01:20","guid":{"rendered":"http:\/\/dulonmarine.com\/?post_type=product&#038;p=7756"},"modified":"2024-10-23T14:47:04","modified_gmt":"2024-10-23T13:47:04","slug":"dulon-rib-fender-clean-70-cleaner-color-restorer","status":"publish","type":"product","link":"https:\/\/dulonmarine.com\/sl\/winkel\/synthetic\/sample-product\/dulon-rib-fender-clean-70-cleaner-color-restorer\/","title":{"rendered":"Dulon RIB &amp; Fender Clean 70 - \u010distilo za \u010di\u0161\u010denje in obnavljanje barv"},"content":{"rendered":"","protected":false},"excerpt":{"rendered":"<p>\u010distilo in obnovitelj barve za gumijaste \u010dolne in blatnike<\/p>\n<hr \/>\n<p>\u010cistilo in obnavljalec barv, posebej razvito za gumijaste \u010dolne, blatnike in drugo mehko\/elasti\u010dno plastiko. U\u010dinkovito odstranjuje made\u017ee in lise ter obnavlja prvotno barvo.<\/p>\n<ul>\n<li>U\u010dinkovito odstranjuje made\u017ee.<\/li>\n<li>Obnovi prvotno barvo.<\/li>\n<li>Med drugim je primeren za PVC, vinil, hipalon in neopren.<\/li>\n<\/ul>\n<div class=\"x-video-inner\">\n    <video  \nclass=\"x-mejs x-wp-video-shortcode advanced-controls\" \n        width=\"400\" \n        height=\"400\" \n        loop autoplay muted playsinline style=\"border: none; outline: none; background: none;\"><source type=\"video\/mp4\" src=\"http:\/\/dulonmarine.com\/wp-content\/uploads\/2024\/10\/70.Rib_And_Fender_Clean-360-video.mp4\"><\/video>\n<\/div>","protected":false},"featured_media":9137,"template":"","meta":{"_acf_changed":false,"om_disable_all_campaigns":false,"rs_blank_template":"","rs_page_bg_color":"","slide_template_v7":"","inline_featured_image":false,"_monsterinsights_skip_tracking":false,"_monsterinsights_sitenote_active":false,"_monsterinsights_sitenote_note":"","_monsterinsights_sitenote_category":0},"product_brand":[],"product_cat":[50],"product_tag":[125],"class_list":{"0":"post-7756","1":"product","2":"type-product","3":"status-publish","4":"has-post-thumbnail","6":"product_cat-synthetic","7":"product_tag-125","8":"pa_article-numbers-contents-6-70010","9":"pa_article-numbers-contents-6-70050","10":"pa_article-numbers-contents-6-70250","11":"pa_available-content-1l","12":"pa_available-content-25l","13":"pa_available-content-5l","14":"pa_crp-clean-restore-en","17":"first","18":"instock","19":"purchasable","20":"product-type-variable"},"acf":[],"yoast_head":"<!-- This site is optimized with the Yoast SEO plugin v27.3 - https:\/\/yoast.com\/product\/yoast-seo-wordpress\/ -->\n<title>Dulon RIB &amp; Fender Clean 70 - cleaner &amp; color restorer -<\/title>\n<meta name=\"description\" content=\"Cleaner and color restorer, specially developed for rubber boats, fenders and other soft \/ flexible plastics.\" \/>\n<meta name=\"robots\" content=\"index, follow, max-snippet:-1, max-image-preview:large, max-video-preview:-1\" \/>\n<link rel=\"canonical\" href=\"https:\/\/dulonmarine.com\/sl\/winkel\/sinteticni\/vzorcni-izdelek\/dulon-rib-fender-clean-70-cleaner-color-restorer\/\" \/>\n<meta property=\"og:locale\" content=\"sl_SI\" \/>\n<meta property=\"og:type\" content=\"article\" \/>\n<meta property=\"og:title\" content=\"Dulon RIB &amp; Fender Clean 70 - cleaner &amp; color restorer -\" \/>\n<meta property=\"og:description\" content=\"Cleaner and color restorer, specially developed for rubber boats, fenders and other soft \/ flexible plastics.\" \/>\n<meta property=\"og:url\" content=\"https:\/\/dulonmarine.com\/sl\/winkel\/sinteticni\/vzorcni-izdelek\/dulon-rib-fender-clean-70-cleaner-color-restorer\/\" \/>\n<meta property=\"og:site_name\" content=\"Dulon Marine\" \/>\n<meta property=\"article:publisher\" content=\"https:\/\/www.facebook.com\/dulonmarine?locale=nl_NL\" \/>\n<meta property=\"article:modified_time\" content=\"2024-10-23T13:47:04+00:00\" \/>\n<meta property=\"og:image\" content=\"https:\/\/dulonmarine.com\/wp-content\/uploads\/2020\/08\/70-Dulon-Marine-Rib-Fender-Clean.jpg\" \/>\n\t<meta property=\"og:image:width\" content=\"1200\" \/>\n\t<meta property=\"og:image:height\" content=\"1200\" \/>\n\t<meta property=\"og:image:type\" content=\"image\/jpeg\" \/>\n<meta name=\"twitter:card\" content=\"summary_large_image\" \/>\n<meta name=\"twitter:label1\" content=\"Est. reading time\" \/>\n\t<meta name=\"twitter:data1\" content=\"1 minuta\" \/>\n<script type=\"application\/ld+json\" class=\"yoast-schema-graph\">{\"@context\":\"https:\\\/\\\/schema.org\",\"@graph\":[{\"@type\":\"WebPage\",\"@id\":\"https:\\\/\\\/dulonmarine.com\\\/it\\\/winkel\\\/synthetic\\\/prodotto-campione\\\/dulon-rib-fender-clean-70-cleaner-color-restorer\\\/\",\"url\":\"https:\\\/\\\/dulonmarine.com\\\/it\\\/winkel\\\/synthetic\\\/prodotto-campione\\\/dulon-rib-fender-clean-70-cleaner-color-restorer\\\/\",\"name\":\"Dulon RIB & Fender Clean 70 - cleaner & color restorer -\",\"isPartOf\":{\"@id\":\"https:\\\/\\\/dulonmarine.com\\\/pt\\\/#website\"},\"primaryImageOfPage\":{\"@id\":\"https:\\\/\\\/dulonmarine.com\\\/it\\\/winkel\\\/synthetic\\\/prodotto-campione\\\/dulon-rib-fender-clean-70-cleaner-color-restorer\\\/#primaryimage\"},\"image\":{\"@id\":\"https:\\\/\\\/dulonmarine.com\\\/it\\\/winkel\\\/synthetic\\\/prodotto-campione\\\/dulon-rib-fender-clean-70-cleaner-color-restorer\\\/#primaryimage\"},\"thumbnailUrl\":\"https:\\\/\\\/dulonmarine.com\\\/wp-content\\\/uploads\\\/2020\\\/08\\\/70-Dulon-Marine-Rib-Fender-Clean.jpg\",\"datePublished\":\"2020-08-17T09:01:20+00:00\",\"dateModified\":\"2024-10-23T13:47:04+00:00\",\"description\":\"Cleaner and color restorer, specially developed for rubber boats, fenders and other soft \\\/ flexible plastics.\",\"breadcrumb\":{\"@id\":\"https:\\\/\\\/dulonmarine.com\\\/it\\\/winkel\\\/synthetic\\\/prodotto-campione\\\/dulon-rib-fender-clean-70-cleaner-color-restorer\\\/#breadcrumb\"},\"inLanguage\":\"sl-SI\",\"potentialAction\":[{\"@type\":\"ReadAction\",\"target\":[\"https:\\\/\\\/dulonmarine.com\\\/it\\\/winkel\\\/synthetic\\\/prodotto-campione\\\/dulon-rib-fender-clean-70-cleaner-color-restorer\\\/\"]}]},{\"@type\":\"ImageObject\",\"inLanguage\":\"sl-SI\",\"@id\":\"https:\\\/\\\/dulonmarine.com\\\/it\\\/winkel\\\/synthetic\\\/prodotto-campione\\\/dulon-rib-fender-clean-70-cleaner-color-restorer\\\/#primaryimage\",\"url\":\"https:\\\/\\\/dulonmarine.com\\\/wp-content\\\/uploads\\\/2020\\\/08\\\/70-Dulon-Marine-Rib-Fender-Clean.jpg\",\"contentUrl\":\"https:\\\/\\\/dulonmarine.com\\\/wp-content\\\/uploads\\\/2020\\\/08\\\/70-Dulon-Marine-Rib-Fender-Clean.jpg\",\"width\":1200,\"height\":1200},{\"@type\":\"BreadcrumbList\",\"@id\":\"https:\\\/\\\/dulonmarine.com\\\/it\\\/winkel\\\/synthetic\\\/prodotto-campione\\\/dulon-rib-fender-clean-70-cleaner-color-restorer\\\/#breadcrumb\",\"itemListElement\":[{\"@type\":\"ListItem\",\"position\":1,\"name\":\"Home\",\"item\":\"https:\\\/\\\/dulonmarine.com\\\/\"},{\"@type\":\"ListItem\",\"position\":2,\"name\":\"Winkel\",\"item\":\"https:\\\/\\\/dulonmarine.com\\\/pt\\\/piacaba\\\/\"},{\"@type\":\"ListItem\",\"position\":3,\"name\":\"Dulon RIB &#038; Fender Clean 70 &#8211; cleaner &#038; color restorer\"}]},{\"@type\":\"WebSite\",\"@id\":\"https:\\\/\\\/dulonmarine.com\\\/pt\\\/#website\",\"url\":\"https:\\\/\\\/dulonmarine.com\\\/pt\\\/\",\"name\":\"Dulon Marine\",\"description\":\"Onderhoudsproducten voor de scheepvaart\",\"publisher\":{\"@id\":\"https:\\\/\\\/dulonmarine.com\\\/pt\\\/#organization\"},\"potentialAction\":[{\"@type\":\"SearchAction\",\"target\":{\"@type\":\"EntryPoint\",\"urlTemplate\":\"https:\\\/\\\/dulonmarine.com\\\/pt\\\/?s={search_term_string}\"},\"query-input\":{\"@type\":\"PropertyValueSpecification\",\"valueRequired\":true,\"valueName\":\"search_term_string\"}}],\"inLanguage\":\"sl-SI\"},{\"@type\":\"Organization\",\"@id\":\"https:\\\/\\\/dulonmarine.com\\\/pt\\\/#organization\",\"name\":\"Dulon Marine Deckmate Group\",\"url\":\"https:\\\/\\\/dulonmarine.com\\\/pt\\\/\",\"logo\":{\"@type\":\"ImageObject\",\"inLanguage\":\"sl-SI\",\"@id\":\"https:\\\/\\\/dulonmarine.com\\\/pt\\\/#\\\/schema\\\/logo\\\/image\\\/\",\"url\":\"http:\\\/\\\/dulonmarine.com\\\/wp-content\\\/uploads\\\/2023\\\/02\\\/Dulon-Marine-Deckmate-Group-logo-small.png\",\"contentUrl\":\"http:\\\/\\\/dulonmarine.com\\\/wp-content\\\/uploads\\\/2023\\\/02\\\/Dulon-Marine-Deckmate-Group-logo-small.png\",\"width\":350,\"height\":150,\"caption\":\"Dulon Marine Deckmate Group\"},\"image\":{\"@id\":\"https:\\\/\\\/dulonmarine.com\\\/pt\\\/#\\\/schema\\\/logo\\\/image\\\/\"},\"sameAs\":[\"https:\\\/\\\/www.facebook.com\\\/dulonmarine?locale=nl_NL\",\"https:\\\/\\\/www.instagram.com\\\/dulonmarinegroup\\\/\"]}]}<\/script>\n<!-- \/ Yoast SEO plugin. -->","yoast_head_json":{"title":"Dulon RIB &amp; Fender Clean 70 - sredstvo za \u010di\u0161\u010denje in obnavljanje barv -","description":"\u010cistilo in obnavljalec barv, posebej razvito za gumijaste \u010dolne, blatnike in drugo mehko\/elasti\u010dno plastiko.","robots":{"index":"index","follow":"follow","max-snippet":"max-snippet:-1","max-image-preview":"max-image-preview:large","max-video-preview":"max-video-preview:-1"},"canonical":"https:\/\/dulonmarine.com\/sl\/winkel\/sinteticni\/vzorcni-izdelek\/dulon-rib-fender-clean-70-cleaner-color-restorer\/","og_locale":"sl_SI","og_type":"article","og_title":"Dulon RIB & Fender Clean 70 - cleaner & color restorer -","og_description":"Cleaner and color restorer, specially developed for rubber boats, fenders and other soft \/ flexible plastics.","og_url":"https:\/\/dulonmarine.com\/sl\/winkel\/sinteticni\/vzorcni-izdelek\/dulon-rib-fender-clean-70-cleaner-color-restorer\/","og_site_name":"Dulon Marine","article_publisher":"https:\/\/www.facebook.com\/dulonmarine?locale=nl_NL","article_modified_time":"2024-10-23T13:47:04+00:00","og_image":[{"width":1200,"height":1200,"url":"https:\/\/dulonmarine.com\/wp-content\/uploads\/2020\/08\/70-Dulon-Marine-Rib-Fender-Clean.jpg","type":"image\/jpeg"}],"twitter_card":"summary_large_image","twitter_misc":{"Est. reading time":"1 minuta"},"schema":{"@context":"https:\/\/schema.org","@graph":[{"@type":"WebPage","@id":"https:\/\/dulonmarine.com\/it\/winkel\/synthetic\/prodotto-campione\/dulon-rib-fender-clean-70-cleaner-color-restorer\/","url":"https:\/\/dulonmarine.com\/it\/winkel\/synthetic\/prodotto-campione\/dulon-rib-fender-clean-70-cleaner-color-restorer\/","name":"Dulon RIB &amp; Fender Clean 70 - sredstvo za \u010di\u0161\u010denje in obnavljanje barv -","isPartOf":{"@id":"https:\/\/dulonmarine.com\/pt\/#website"},"primaryImageOfPage":{"@id":"https:\/\/dulonmarine.com\/it\/winkel\/synthetic\/prodotto-campione\/dulon-rib-fender-clean-70-cleaner-color-restorer\/#primaryimage"},"image":{"@id":"https:\/\/dulonmarine.com\/it\/winkel\/synthetic\/prodotto-campione\/dulon-rib-fender-clean-70-cleaner-color-restorer\/#primaryimage"},"thumbnailUrl":"https:\/\/dulonmarine.com\/wp-content\/uploads\/2020\/08\/70-Dulon-Marine-Rib-Fender-Clean.jpg","datePublished":"2020-08-17T09:01:20+00:00","dateModified":"2024-10-23T13:47:04+00:00","description":"\u010cistilo in obnavljalec barv, posebej razvito za gumijaste \u010dolne, blatnike in drugo mehko\/elasti\u010dno plastiko.","breadcrumb":{"@id":"https:\/\/dulonmarine.com\/it\/winkel\/synthetic\/prodotto-campione\/dulon-rib-fender-clean-70-cleaner-color-restorer\/#breadcrumb"},"inLanguage":"sl-SI","potentialAction":[{"@type":"ReadAction","target":["https:\/\/dulonmarine.com\/it\/winkel\/synthetic\/prodotto-campione\/dulon-rib-fender-clean-70-cleaner-color-restorer\/"]}]},{"@type":"ImageObject","inLanguage":"sl-SI","@id":"https:\/\/dulonmarine.com\/it\/winkel\/synthetic\/prodotto-campione\/dulon-rib-fender-clean-70-cleaner-color-restorer\/#primaryimage","url":"https:\/\/dulonmarine.com\/wp-content\/uploads\/2020\/08\/70-Dulon-Marine-Rib-Fender-Clean.jpg","contentUrl":"https:\/\/dulonmarine.com\/wp-content\/uploads\/2020\/08\/70-Dulon-Marine-Rib-Fender-Clean.jpg","width":1200,"height":1200},{"@type":"BreadcrumbList","@id":"https:\/\/dulonmarine.com\/it\/winkel\/synthetic\/prodotto-campione\/dulon-rib-fender-clean-70-cleaner-color-restorer\/#breadcrumb","itemListElement":[{"@type":"ListItem","position":1,"name":"Home","item":"https:\/\/dulonmarine.com\/"},{"@type":"ListItem","position":2,"name":"Winkel","item":"https:\/\/dulonmarine.com\/pt\/piacaba\/"},{"@type":"ListItem","position":3,"name":"Dulon RIB &#038; Fender Clean 70 &#8211; cleaner &#038; color restorer"}]},{"@type":"WebSite","@id":"https:\/\/dulonmarine.com\/pt\/#website","url":"https:\/\/dulonmarine.com\/pt\/","name":"Dulon Marine","description":"Onderhoudsproducten voor de scheepvaart","publisher":{"@id":"https:\/\/dulonmarine.com\/pt\/#organization"},"potentialAction":[{"@type":"SearchAction","target":{"@type":"EntryPoint","urlTemplate":"https:\/\/dulonmarine.com\/pt\/?s={search_term_string}"},"query-input":{"@type":"PropertyValueSpecification","valueRequired":true,"valueName":"search_term_string"}}],"inLanguage":"sl-SI"},{"@type":"Organization","@id":"https:\/\/dulonmarine.com\/pt\/#organization","name":"Dulon Marine Skupina Deckmate","url":"https:\/\/dulonmarine.com\/pt\/","logo":{"@type":"ImageObject","inLanguage":"sl-SI","@id":"https:\/\/dulonmarine.com\/pt\/#\/schema\/logo\/image\/","url":"http:\/\/dulonmarine.com\/wp-content\/uploads\/2023\/02\/Dulon-Marine-Deckmate-Group-logo-small.png","contentUrl":"http:\/\/dulonmarine.com\/wp-content\/uploads\/2023\/02\/Dulon-Marine-Deckmate-Group-logo-small.png","width":350,"height":150,"caption":"Dulon Marine Deckmate Group"},"image":{"@id":"https:\/\/dulonmarine.com\/pt\/#\/schema\/logo\/image\/"},"sameAs":["https:\/\/www.facebook.com\/dulonmarine?locale=nl_NL","https:\/\/www.instagram.com\/dulonmarinegroup\/"]}]}},"_links":{"self":[{"href":"https:\/\/dulonmarine.com\/sl\/wp-json\/wp\/v2\/product\/7756","targetHints":{"allow":["GET"]}}],"collection":[{"href":"https:\/\/dulonmarine.com\/sl\/wp-json\/wp\/v2\/product"}],"about":[{"href":"https:\/\/dulonmarine.com\/sl\/wp-json\/wp\/v2\/types\/product"}],"wp:featuredmedia":[{"embeddable":true,"href":"https:\/\/dulonmarine.com\/sl\/wp-json\/wp\/v2\/media\/9137"}],"wp:attachment":[{"href":"https:\/\/dulonmarine.com\/sl\/wp-json\/wp\/v2\/media?parent=7756"}],"wp:term":[{"taxonomy":"product_brand","embeddable":true,"href":"https:\/\/dulonmarine.com\/sl\/wp-json\/wp\/v2\/product_brand?post=7756"},{"taxonomy":"product_cat","embeddable":true,"href":"https:\/\/dulonmarine.com\/sl\/wp-json\/wp\/v2\/product_cat?post=7756"},{"taxonomy":"product_tag","embeddable":true,"href":"https:\/\/dulonmarine.com\/sl\/wp-json\/wp\/v2\/product_tag?post=7756"}],"curies":[{"name":"wp","href":"https:\/\/api.w.org\/{rel}","templated":true}]}}