{"id":8474,"date":"2023-02-07T15:23:14","date_gmt":"2023-02-07T14:23:14","guid":{"rendered":"http:\/\/dulonmarine.com\/?post_type=product&#038;p=8474"},"modified":"2024-10-17T13:43:23","modified_gmt":"2024-10-17T12:43:23","slug":"deckmate-dm510-kotni-adapter-35-stopinj","status":"publish","type":"product","link":"https:\/\/dulonmarine.com\/sl\/winkel\/deckmate\/telescopic-and-fixed-handles\/sample-product\/deckmate-dm510-angle-adapter-35-degrees\/","title":{"rendered":"Deckmate DM510 kotni adapter 35 stopinj"},"content":{"rendered":"<p>Kotni nastavek Deckmate je izdelan iz svetlega anodiziranega morskega aluminija.<\/p>\n<p>Adapter je nastavljen pod kotom 35 stopinj in ga je mogo\u010de enostavno namestiti med krta\u010do in ro\u010daj, na primer s sistemom za hitro odpenjanje.<\/p>\n<p>Primerno za:<\/p>\n<ul>\n<li>Pranje trupa iz \u010dolna.<\/li>\n<li>Primeren je tudi za \u010di\u0161\u010denje zunanjih stropov, saj dlake krta\u010de ohranijo popoln stik s povr\u0161ino, ki jo je treba o\u010distiti.<\/li>\n<\/ul>","protected":false},"excerpt":{"rendered":"<p>Kotni nastavek Deckmate je izdelan iz svetlega anodiziranega morskega aluminija.<\/p>\n<p>Adapter je nastavljen pod kotom 35 stopinj in ga je mogo\u010de enostavno namestiti med krta\u010do in ro\u010daj, na primer s sistemom za hitro odpenjanje.<\/p>","protected":false},"featured_media":9533,"template":"","meta":{"_acf_changed":false,"om_disable_all_campaigns":false,"rs_blank_template":"","rs_page_bg_color":"","slide_template_v7":"","inline_featured_image":false,"_monsterinsights_skip_tracking":false,"_monsterinsights_sitenote_active":false,"_monsterinsights_sitenote_note":"","_monsterinsights_sitenote_category":0},"product_brand":[],"product_cat":[280,279],"product_tag":[305],"class_list":{"0":"post-8474","1":"product","2":"type-product","3":"status-publish","4":"has-post-thumbnail","6":"product_cat-deckmate","7":"product_cat-telescopic-and-fixed-handles","8":"product_tag-305","9":"pa_article-numbers-contents-dm510","12":"first","13":"instock","14":"taxable","15":"shipping-taxable","16":"purchasable","17":"product-type-simple"},"acf":[],"yoast_head":"<!-- This site is optimized with the Yoast SEO plugin v27.3 - https:\/\/yoast.com\/product\/yoast-seo-wordpress\/ -->\n<title>Deckmate DM510 Angle adapter 35 degrees - Dulon Marine<\/title>\n<meta name=\"description\" content=\"The Deckmate adapter is set at a 35-degree angle and is easy to attach between a brush and handle, for instance, with the quick release system.\" \/>\n<meta name=\"robots\" content=\"index, follow, max-snippet:-1, max-image-preview:large, max-video-preview:-1\" \/>\n<link rel=\"canonical\" href=\"https:\/\/dulonmarine.com\/sl\/winkel\/deckmate\/teleskopski-in-fiksni-rocaji\/vzorcni-izdelek\/deckmate-dm510-kotni-adapter-35-stopinj\/\" \/>\n<meta property=\"og:locale\" content=\"sl_SI\" \/>\n<meta property=\"og:type\" content=\"article\" \/>\n<meta property=\"og:title\" content=\"Deckmate DM510 Angle adapter 35 degrees - Dulon Marine\" \/>\n<meta property=\"og:description\" content=\"The Deckmate adapter is set at a 35-degree angle and is easy to attach between a brush and handle, for instance, with the quick release system.\" \/>\n<meta property=\"og:url\" content=\"https:\/\/dulonmarine.com\/sl\/winkel\/deckmate\/teleskopski-in-fiksni-rocaji\/vzorcni-izdelek\/deckmate-dm510-kotni-adapter-35-stopinj\/\" \/>\n<meta property=\"og:site_name\" content=\"Dulon Marine\" \/>\n<meta property=\"article:publisher\" content=\"https:\/\/www.facebook.com\/dulonmarine?locale=nl_NL\" \/>\n<meta property=\"article:modified_time\" content=\"2024-10-17T12:43:23+00:00\" \/>\n<meta property=\"og:image\" content=\"https:\/\/dulonmarine.com\/wp-content\/uploads\/2023\/02\/510-Deckmate-Angle-adapter-In-packaging-Front-view.jpg\" \/>\n\t<meta property=\"og:image:width\" content=\"1200\" \/>\n\t<meta property=\"og:image:height\" content=\"1200\" \/>\n\t<meta property=\"og:image:type\" content=\"image\/jpeg\" \/>\n<meta name=\"twitter:card\" content=\"summary_large_image\" \/>\n<meta name=\"twitter:label1\" content=\"Est. reading time\" \/>\n\t<meta name=\"twitter:data1\" content=\"1 minuta\" \/>\n<script type=\"application\/ld+json\" class=\"yoast-schema-graph\">{\"@context\":\"https:\\\/\\\/schema.org\",\"@graph\":[{\"@type\":\"WebPage\",\"@id\":\"https:\\\/\\\/dulonmarine.com\\\/sv\\\/winkel\\\/dackskamrat\\\/telescopic-and-fixed-handles\\\/produktprov\\\/deckmate-dm510-angle-adapter-35-degrees\\\/\",\"url\":\"https:\\\/\\\/dulonmarine.com\\\/sv\\\/winkel\\\/dackskamrat\\\/telescopic-and-fixed-handles\\\/produktprov\\\/deckmate-dm510-angle-adapter-35-degrees\\\/\",\"name\":\"Deckmate DM510 Angle adapter 35 degrees - Dulon Marine\",\"isPartOf\":{\"@id\":\"https:\\\/\\\/dulonmarine.com\\\/pt\\\/#website\"},\"primaryImageOfPage\":{\"@id\":\"https:\\\/\\\/dulonmarine.com\\\/sv\\\/winkel\\\/dackskamrat\\\/telescopic-and-fixed-handles\\\/produktprov\\\/deckmate-dm510-angle-adapter-35-degrees\\\/#primaryimage\"},\"image\":{\"@id\":\"https:\\\/\\\/dulonmarine.com\\\/sv\\\/winkel\\\/dackskamrat\\\/telescopic-and-fixed-handles\\\/produktprov\\\/deckmate-dm510-angle-adapter-35-degrees\\\/#primaryimage\"},\"thumbnailUrl\":\"https:\\\/\\\/dulonmarine.com\\\/wp-content\\\/uploads\\\/2023\\\/02\\\/510-Deckmate-Angle-adapter-In-packaging-Front-view.jpg\",\"datePublished\":\"2023-02-07T14:23:14+00:00\",\"dateModified\":\"2024-10-17T12:43:23+00:00\",\"description\":\"The Deckmate adapter is set at a 35-degree angle and is easy to attach between a brush and handle, for instance, with the quick release system.\",\"breadcrumb\":{\"@id\":\"https:\\\/\\\/dulonmarine.com\\\/sv\\\/winkel\\\/dackskamrat\\\/telescopic-and-fixed-handles\\\/produktprov\\\/deckmate-dm510-angle-adapter-35-degrees\\\/#breadcrumb\"},\"inLanguage\":\"sl-SI\",\"potentialAction\":[{\"@type\":\"ReadAction\",\"target\":[\"https:\\\/\\\/dulonmarine.com\\\/sv\\\/winkel\\\/dackskamrat\\\/telescopic-and-fixed-handles\\\/produktprov\\\/deckmate-dm510-angle-adapter-35-degrees\\\/\"]}]},{\"@type\":\"ImageObject\",\"inLanguage\":\"sl-SI\",\"@id\":\"https:\\\/\\\/dulonmarine.com\\\/sv\\\/winkel\\\/dackskamrat\\\/telescopic-and-fixed-handles\\\/produktprov\\\/deckmate-dm510-angle-adapter-35-degrees\\\/#primaryimage\",\"url\":\"https:\\\/\\\/dulonmarine.com\\\/wp-content\\\/uploads\\\/2023\\\/02\\\/510-Deckmate-Angle-adapter-In-packaging-Front-view.jpg\",\"contentUrl\":\"https:\\\/\\\/dulonmarine.com\\\/wp-content\\\/uploads\\\/2023\\\/02\\\/510-Deckmate-Angle-adapter-In-packaging-Front-view.jpg\",\"width\":1200,\"height\":1200},{\"@type\":\"BreadcrumbList\",\"@id\":\"https:\\\/\\\/dulonmarine.com\\\/sv\\\/winkel\\\/dackskamrat\\\/telescopic-and-fixed-handles\\\/produktprov\\\/deckmate-dm510-angle-adapter-35-degrees\\\/#breadcrumb\",\"itemListElement\":[{\"@type\":\"ListItem\",\"position\":1,\"name\":\"Home\",\"item\":\"https:\\\/\\\/dulonmarine.com\\\/\"},{\"@type\":\"ListItem\",\"position\":2,\"name\":\"Winkel\",\"item\":\"https:\\\/\\\/dulonmarine.com\\\/pt\\\/piacaba\\\/\"},{\"@type\":\"ListItem\",\"position\":3,\"name\":\"Deckmate DM510 Angle adapter 35 degrees\"}]},{\"@type\":\"WebSite\",\"@id\":\"https:\\\/\\\/dulonmarine.com\\\/pt\\\/#website\",\"url\":\"https:\\\/\\\/dulonmarine.com\\\/pt\\\/\",\"name\":\"Dulon Marine\",\"description\":\"Onderhoudsproducten voor de scheepvaart\",\"publisher\":{\"@id\":\"https:\\\/\\\/dulonmarine.com\\\/pt\\\/#organization\"},\"potentialAction\":[{\"@type\":\"SearchAction\",\"target\":{\"@type\":\"EntryPoint\",\"urlTemplate\":\"https:\\\/\\\/dulonmarine.com\\\/pt\\\/?s={search_term_string}\"},\"query-input\":{\"@type\":\"PropertyValueSpecification\",\"valueRequired\":true,\"valueName\":\"search_term_string\"}}],\"inLanguage\":\"sl-SI\"},{\"@type\":\"Organization\",\"@id\":\"https:\\\/\\\/dulonmarine.com\\\/pt\\\/#organization\",\"name\":\"Dulon Marine Deckmate Group\",\"url\":\"https:\\\/\\\/dulonmarine.com\\\/pt\\\/\",\"logo\":{\"@type\":\"ImageObject\",\"inLanguage\":\"sl-SI\",\"@id\":\"https:\\\/\\\/dulonmarine.com\\\/pt\\\/#\\\/schema\\\/logo\\\/image\\\/\",\"url\":\"http:\\\/\\\/dulonmarine.com\\\/wp-content\\\/uploads\\\/2023\\\/02\\\/Dulon-Marine-Deckmate-Group-logo-small.png\",\"contentUrl\":\"http:\\\/\\\/dulonmarine.com\\\/wp-content\\\/uploads\\\/2023\\\/02\\\/Dulon-Marine-Deckmate-Group-logo-small.png\",\"width\":350,\"height\":150,\"caption\":\"Dulon Marine Deckmate Group\"},\"image\":{\"@id\":\"https:\\\/\\\/dulonmarine.com\\\/pt\\\/#\\\/schema\\\/logo\\\/image\\\/\"},\"sameAs\":[\"https:\\\/\\\/www.facebook.com\\\/dulonmarine?locale=nl_NL\",\"https:\\\/\\\/www.instagram.com\\\/dulonmarinegroup\\\/\"]}]}<\/script>\n<!-- \/ Yoast SEO plugin. -->","yoast_head_json":{"title":"Deckmate DM510 kotni adapter 35 stopinj - Dulon Marine","description":"Adapter Deckmate je nastavljen pod kotom 35 stopinj in ga je mogo\u010de enostavno pritrditi med krta\u010do in ro\u010daj, na primer s sistemom za hitro odpenjanje.","robots":{"index":"index","follow":"follow","max-snippet":"max-snippet:-1","max-image-preview":"max-image-preview:large","max-video-preview":"max-video-preview:-1"},"canonical":"https:\/\/dulonmarine.com\/sl\/winkel\/deckmate\/teleskopski-in-fiksni-rocaji\/vzorcni-izdelek\/deckmate-dm510-kotni-adapter-35-stopinj\/","og_locale":"sl_SI","og_type":"article","og_title":"Deckmate DM510 Angle adapter 35 degrees - Dulon Marine","og_description":"The Deckmate adapter is set at a 35-degree angle and is easy to attach between a brush and handle, for instance, with the quick release system.","og_url":"https:\/\/dulonmarine.com\/sl\/winkel\/deckmate\/teleskopski-in-fiksni-rocaji\/vzorcni-izdelek\/deckmate-dm510-kotni-adapter-35-stopinj\/","og_site_name":"Dulon Marine","article_publisher":"https:\/\/www.facebook.com\/dulonmarine?locale=nl_NL","article_modified_time":"2024-10-17T12:43:23+00:00","og_image":[{"width":1200,"height":1200,"url":"https:\/\/dulonmarine.com\/wp-content\/uploads\/2023\/02\/510-Deckmate-Angle-adapter-In-packaging-Front-view.jpg","type":"image\/jpeg"}],"twitter_card":"summary_large_image","twitter_misc":{"Est. reading time":"1 minuta"},"schema":{"@context":"https:\/\/schema.org","@graph":[{"@type":"WebPage","@id":"https:\/\/dulonmarine.com\/sv\/winkel\/dackskamrat\/telescopic-and-fixed-handles\/produktprov\/deckmate-dm510-angle-adapter-35-degrees\/","url":"https:\/\/dulonmarine.com\/sv\/winkel\/dackskamrat\/telescopic-and-fixed-handles\/produktprov\/deckmate-dm510-angle-adapter-35-degrees\/","name":"Deckmate DM510 kotni adapter 35 stopinj - Dulon Marine","isPartOf":{"@id":"https:\/\/dulonmarine.com\/pt\/#website"},"primaryImageOfPage":{"@id":"https:\/\/dulonmarine.com\/sv\/winkel\/dackskamrat\/telescopic-and-fixed-handles\/produktprov\/deckmate-dm510-angle-adapter-35-degrees\/#primaryimage"},"image":{"@id":"https:\/\/dulonmarine.com\/sv\/winkel\/dackskamrat\/telescopic-and-fixed-handles\/produktprov\/deckmate-dm510-angle-adapter-35-degrees\/#primaryimage"},"thumbnailUrl":"https:\/\/dulonmarine.com\/wp-content\/uploads\/2023\/02\/510-Deckmate-Angle-adapter-In-packaging-Front-view.jpg","datePublished":"2023-02-07T14:23:14+00:00","dateModified":"2024-10-17T12:43:23+00:00","description":"Adapter Deckmate je nastavljen pod kotom 35 stopinj in ga je mogo\u010de enostavno pritrditi med krta\u010do in ro\u010daj, na primer s sistemom za hitro odpenjanje.","breadcrumb":{"@id":"https:\/\/dulonmarine.com\/sv\/winkel\/dackskamrat\/telescopic-and-fixed-handles\/produktprov\/deckmate-dm510-angle-adapter-35-degrees\/#breadcrumb"},"inLanguage":"sl-SI","potentialAction":[{"@type":"ReadAction","target":["https:\/\/dulonmarine.com\/sv\/winkel\/dackskamrat\/telescopic-and-fixed-handles\/produktprov\/deckmate-dm510-angle-adapter-35-degrees\/"]}]},{"@type":"ImageObject","inLanguage":"sl-SI","@id":"https:\/\/dulonmarine.com\/sv\/winkel\/dackskamrat\/telescopic-and-fixed-handles\/produktprov\/deckmate-dm510-angle-adapter-35-degrees\/#primaryimage","url":"https:\/\/dulonmarine.com\/wp-content\/uploads\/2023\/02\/510-Deckmate-Angle-adapter-In-packaging-Front-view.jpg","contentUrl":"https:\/\/dulonmarine.com\/wp-content\/uploads\/2023\/02\/510-Deckmate-Angle-adapter-In-packaging-Front-view.jpg","width":1200,"height":1200},{"@type":"BreadcrumbList","@id":"https:\/\/dulonmarine.com\/sv\/winkel\/dackskamrat\/telescopic-and-fixed-handles\/produktprov\/deckmate-dm510-angle-adapter-35-degrees\/#breadcrumb","itemListElement":[{"@type":"ListItem","position":1,"name":"Home","item":"https:\/\/dulonmarine.com\/"},{"@type":"ListItem","position":2,"name":"Winkel","item":"https:\/\/dulonmarine.com\/pt\/piacaba\/"},{"@type":"ListItem","position":3,"name":"Deckmate DM510 Angle adapter 35 degrees"}]},{"@type":"WebSite","@id":"https:\/\/dulonmarine.com\/pt\/#website","url":"https:\/\/dulonmarine.com\/pt\/","name":"Dulon Marine","description":"Onderhoudsproducten voor de scheepvaart","publisher":{"@id":"https:\/\/dulonmarine.com\/pt\/#organization"},"potentialAction":[{"@type":"SearchAction","target":{"@type":"EntryPoint","urlTemplate":"https:\/\/dulonmarine.com\/pt\/?s={search_term_string}"},"query-input":{"@type":"PropertyValueSpecification","valueRequired":true,"valueName":"search_term_string"}}],"inLanguage":"sl-SI"},{"@type":"Organization","@id":"https:\/\/dulonmarine.com\/pt\/#organization","name":"Dulon Marine Skupina Deckmate","url":"https:\/\/dulonmarine.com\/pt\/","logo":{"@type":"ImageObject","inLanguage":"sl-SI","@id":"https:\/\/dulonmarine.com\/pt\/#\/schema\/logo\/image\/","url":"http:\/\/dulonmarine.com\/wp-content\/uploads\/2023\/02\/Dulon-Marine-Deckmate-Group-logo-small.png","contentUrl":"http:\/\/dulonmarine.com\/wp-content\/uploads\/2023\/02\/Dulon-Marine-Deckmate-Group-logo-small.png","width":350,"height":150,"caption":"Dulon Marine Deckmate Group"},"image":{"@id":"https:\/\/dulonmarine.com\/pt\/#\/schema\/logo\/image\/"},"sameAs":["https:\/\/www.facebook.com\/dulonmarine?locale=nl_NL","https:\/\/www.instagram.com\/dulonmarinegroup\/"]}]}},"_links":{"self":[{"href":"https:\/\/dulonmarine.com\/sl\/wp-json\/wp\/v2\/product\/8474","targetHints":{"allow":["GET"]}}],"collection":[{"href":"https:\/\/dulonmarine.com\/sl\/wp-json\/wp\/v2\/product"}],"about":[{"href":"https:\/\/dulonmarine.com\/sl\/wp-json\/wp\/v2\/types\/product"}],"wp:featuredmedia":[{"embeddable":true,"href":"https:\/\/dulonmarine.com\/sl\/wp-json\/wp\/v2\/media\/9533"}],"wp:attachment":[{"href":"https:\/\/dulonmarine.com\/sl\/wp-json\/wp\/v2\/media?parent=8474"}],"wp:term":[{"taxonomy":"product_brand","embeddable":true,"href":"https:\/\/dulonmarine.com\/sl\/wp-json\/wp\/v2\/product_brand?post=8474"},{"taxonomy":"product_cat","embeddable":true,"href":"https:\/\/dulonmarine.com\/sl\/wp-json\/wp\/v2\/product_cat?post=8474"},{"taxonomy":"product_tag","embeddable":true,"href":"https:\/\/dulonmarine.com\/sl\/wp-json\/wp\/v2\/product_tag?post=8474"}],"curies":[{"name":"wp","href":"https:\/\/api.w.org\/{rel}","templated":true}]}}