{"id":8497,"date":"2023-02-08T11:17:34","date_gmt":"2023-02-08T10:17:34","guid":{"rendered":"http:\/\/dulonmarine.com\/?post_type=product&#038;p=8497"},"modified":"2024-10-24T13:04:33","modified_gmt":"2024-10-24T12:04:33","slug":"deckmate-dm330-odlicno-suseci-se-mop","status":"publish","type":"product","link":"https:\/\/dulonmarine.com\/sl\/winkel\/deckmate\/drying-products\/sample-product\/deckmate-dm330-excellent-drying-mop\/","title":{"rendered":"Deckmate DM330 Odli\u010den su\u0161e\u010di se mop"},"content":{"rendered":"<p>Mop za su\u0161enje lahko s pomo\u010djo sistema za hitro odpenjanje enostavno namestite na ro\u010daj Deckmate. Ro\u010dno pleteni mop je izdelan iz 18 trakov iz 42-milimetrskega materiala PVA, opremljen s svetlim anodiziranim aluminijastim priklju\u010dkom, z vzmetnim gumbom iz nerjave\u010dega jekla. Gumijasta kon\u010dna kapica na dnu priklju\u010dka prepre\u010duje, da bi priklju\u010dek po\u0161kodoval krov.<\/p>\n<p>Prednosti:<br \/>\nMop vsebuje 0,7 m2 trpe\u017enega in izjemno vpojnega materiala PVA ter je:<\/p>\n<ul>\n<li>Brez dla\u010dic in trakov<\/li>\n<li>Prepre\u010duje gnitje in plesen<\/li>\n<li>Odpornost na gorivo<\/li>\n<li>Enostavno se izpira in ga lahko brez ve\u010djega napora iztisnete z roko.<\/li>\n<\/ul>","protected":false},"excerpt":{"rendered":"<p>Ta su\u0161ilni mop je primeren za:<\/p>\n<ul>\n<li>Z odli\u010dnim suhim mopom lahko po pranju posu\u0161ite svoj \u010doln.<\/li>\n<li>Ali za odstranjevanje vlage in umazanije s krova po de\u017eju ali rosi. Mop lahko nato enostavno iz\u017emikate nad vodo.<\/li>\n<li>Mop je treba uporabljati z vle\u010denjem, za su\u0161enje in ne za \u010di\u0161\u010denje.<\/li>\n<\/ul>\n<p>Po uporabi je priporo\u010dljivo, da mop operete v veliki koli\u010dini sve\u017ee vode, ga iz\u017eamete in pustite, da se posu\u0161i.<\/p>\n<div class=\"x-video-inner\">\n    <video  \nclass=\"x-mejs x-wp-video-shortcode advanced-controls\" \n        width=\"400\" \n        height=\"400\" \n        loop autoplay muted playsinline style=\"border: none; outline: none; background: none;\"><source type=\"video\/mp4\" src=\"http:\/\/dulonmarine.com\/wp-content\/uploads\/2024\/10\/330_Excellent_Drying_mop_1.mp4\"><\/video>\n<\/div>","protected":false},"featured_media":9379,"template":"","meta":{"_acf_changed":false,"om_disable_all_campaigns":false,"rs_blank_template":"","rs_page_bg_color":"","slide_template_v7":"","inline_featured_image":false,"_monsterinsights_skip_tracking":false,"_monsterinsights_sitenote_active":false,"_monsterinsights_sitenote_note":"","_monsterinsights_sitenote_category":0},"product_brand":[],"product_cat":[280,290],"product_tag":[310],"class_list":{"0":"post-8497","1":"product","2":"type-product","3":"status-publish","4":"has-post-thumbnail","6":"product_cat-deckmate","7":"product_cat-drying-products","8":"product_tag-310","9":"pa_article-numbers-contents-dm330","12":"first","13":"instock","14":"taxable","15":"shipping-taxable","16":"purchasable","17":"product-type-simple"},"acf":[],"yoast_head":"<!-- This site is optimized with the Yoast SEO plugin v27.4 - https:\/\/yoast.com\/product\/yoast-seo-wordpress\/ -->\n<title>Deckmate DM330 Excellent drying mop - Dulon Marine<\/title>\n<meta name=\"description\" content=\"The drying mop is easy to mount on a deckmate handle with the help of the quick release system.\" \/>\n<meta name=\"robots\" content=\"index, follow, max-snippet:-1, max-image-preview:large, max-video-preview:-1\" \/>\n<link rel=\"canonical\" href=\"https:\/\/dulonmarine.com\/sl\/winkel\/deckmate\/izdelki-za-susenje\/vzorcni-izdelek\/deckmate-dm330-odlicno-suseci-se-mop\/\" \/>\n<meta property=\"og:locale\" content=\"sl_SI\" \/>\n<meta property=\"og:type\" content=\"article\" \/>\n<meta property=\"og:title\" content=\"Deckmate DM330 Excellent drying mop - Dulon Marine\" \/>\n<meta property=\"og:description\" content=\"The drying mop is easy to mount on a deckmate handle with the help of the quick release system.\" \/>\n<meta property=\"og:url\" content=\"https:\/\/dulonmarine.com\/sl\/winkel\/deckmate\/izdelki-za-susenje\/vzorcni-izdelek\/deckmate-dm330-odlicno-suseci-se-mop\/\" \/>\n<meta property=\"og:site_name\" content=\"Dulon Marine\" \/>\n<meta property=\"article:publisher\" content=\"https:\/\/www.facebook.com\/dulonmarine?locale=nl_NL\" \/>\n<meta property=\"article:modified_time\" content=\"2024-10-24T12:04:33+00:00\" \/>\n<meta property=\"og:image\" content=\"https:\/\/dulonmarine.com\/wp-content\/uploads\/2023\/02\/330-Deckmate-Excellent-drying-mop-In-packaging-Front-view.jpg\" \/>\n\t<meta property=\"og:image:width\" content=\"1200\" \/>\n\t<meta property=\"og:image:height\" content=\"1200\" \/>\n\t<meta property=\"og:image:type\" content=\"image\/jpeg\" \/>\n<meta name=\"twitter:card\" content=\"summary_large_image\" \/>\n<meta name=\"twitter:label1\" content=\"Est. reading time\" \/>\n\t<meta name=\"twitter:data1\" content=\"1 minuta\" \/>\n<script type=\"application\/ld+json\" class=\"yoast-schema-graph\">{\"@context\":\"https:\\\/\\\/schema.org\",\"@graph\":[{\"@type\":\"WebPage\",\"@id\":\"https:\\\/\\\/dulonmarine.com\\\/da\\\/winkel\\\/daekkammerat\\\/torreprodukter\\\/proveprodukt\\\/deckmate-dm330-excellent-drying-mop\\\/\",\"url\":\"https:\\\/\\\/dulonmarine.com\\\/da\\\/winkel\\\/daekkammerat\\\/torreprodukter\\\/proveprodukt\\\/deckmate-dm330-excellent-drying-mop\\\/\",\"name\":\"Deckmate DM330 Excellent drying mop - Dulon Marine\",\"isPartOf\":{\"@id\":\"https:\\\/\\\/dulonmarine.com\\\/pt\\\/#website\"},\"primaryImageOfPage\":{\"@id\":\"https:\\\/\\\/dulonmarine.com\\\/da\\\/winkel\\\/daekkammerat\\\/torreprodukter\\\/proveprodukt\\\/deckmate-dm330-excellent-drying-mop\\\/#primaryimage\"},\"image\":{\"@id\":\"https:\\\/\\\/dulonmarine.com\\\/da\\\/winkel\\\/daekkammerat\\\/torreprodukter\\\/proveprodukt\\\/deckmate-dm330-excellent-drying-mop\\\/#primaryimage\"},\"thumbnailUrl\":\"https:\\\/\\\/dulonmarine.com\\\/wp-content\\\/uploads\\\/2023\\\/02\\\/330-Deckmate-Excellent-drying-mop-In-packaging-Front-view.jpg\",\"datePublished\":\"2023-02-08T10:17:34+00:00\",\"dateModified\":\"2024-10-24T12:04:33+00:00\",\"description\":\"The drying mop is easy to mount on a deckmate handle with the help of the quick release system.\",\"breadcrumb\":{\"@id\":\"https:\\\/\\\/dulonmarine.com\\\/da\\\/winkel\\\/daekkammerat\\\/torreprodukter\\\/proveprodukt\\\/deckmate-dm330-excellent-drying-mop\\\/#breadcrumb\"},\"inLanguage\":\"sl-SI\",\"potentialAction\":[{\"@type\":\"ReadAction\",\"target\":[\"https:\\\/\\\/dulonmarine.com\\\/da\\\/winkel\\\/daekkammerat\\\/torreprodukter\\\/proveprodukt\\\/deckmate-dm330-excellent-drying-mop\\\/\"]}]},{\"@type\":\"ImageObject\",\"inLanguage\":\"sl-SI\",\"@id\":\"https:\\\/\\\/dulonmarine.com\\\/da\\\/winkel\\\/daekkammerat\\\/torreprodukter\\\/proveprodukt\\\/deckmate-dm330-excellent-drying-mop\\\/#primaryimage\",\"url\":\"https:\\\/\\\/dulonmarine.com\\\/wp-content\\\/uploads\\\/2023\\\/02\\\/330-Deckmate-Excellent-drying-mop-In-packaging-Front-view.jpg\",\"contentUrl\":\"https:\\\/\\\/dulonmarine.com\\\/wp-content\\\/uploads\\\/2023\\\/02\\\/330-Deckmate-Excellent-drying-mop-In-packaging-Front-view.jpg\",\"width\":1200,\"height\":1200},{\"@type\":\"BreadcrumbList\",\"@id\":\"https:\\\/\\\/dulonmarine.com\\\/da\\\/winkel\\\/daekkammerat\\\/torreprodukter\\\/proveprodukt\\\/deckmate-dm330-excellent-drying-mop\\\/#breadcrumb\",\"itemListElement\":[{\"@type\":\"ListItem\",\"position\":1,\"name\":\"Home\",\"item\":\"https:\\\/\\\/dulonmarine.com\\\/\"},{\"@type\":\"ListItem\",\"position\":2,\"name\":\"Winkel\",\"item\":\"https:\\\/\\\/dulonmarine.com\\\/pt\\\/piacaba\\\/\"},{\"@type\":\"ListItem\",\"position\":3,\"name\":\"Deckmate DM330 Excellent drying mop\"}]},{\"@type\":\"WebSite\",\"@id\":\"https:\\\/\\\/dulonmarine.com\\\/pt\\\/#website\",\"url\":\"https:\\\/\\\/dulonmarine.com\\\/pt\\\/\",\"name\":\"Dulon Marine\",\"description\":\"Onderhoudsproducten voor de scheepvaart\",\"publisher\":{\"@id\":\"https:\\\/\\\/dulonmarine.com\\\/pt\\\/#organization\"},\"potentialAction\":[{\"@type\":\"SearchAction\",\"target\":{\"@type\":\"EntryPoint\",\"urlTemplate\":\"https:\\\/\\\/dulonmarine.com\\\/pt\\\/?s={search_term_string}\"},\"query-input\":{\"@type\":\"PropertyValueSpecification\",\"valueRequired\":true,\"valueName\":\"search_term_string\"}}],\"inLanguage\":\"sl-SI\"},{\"@type\":\"Organization\",\"@id\":\"https:\\\/\\\/dulonmarine.com\\\/pt\\\/#organization\",\"name\":\"Dulon Marine Deckmate Group\",\"url\":\"https:\\\/\\\/dulonmarine.com\\\/pt\\\/\",\"logo\":{\"@type\":\"ImageObject\",\"inLanguage\":\"sl-SI\",\"@id\":\"https:\\\/\\\/dulonmarine.com\\\/pt\\\/#\\\/schema\\\/logo\\\/image\\\/\",\"url\":\"http:\\\/\\\/dulonmarine.com\\\/wp-content\\\/uploads\\\/2023\\\/02\\\/Dulon-Marine-Deckmate-Group-logo-small.png\",\"contentUrl\":\"http:\\\/\\\/dulonmarine.com\\\/wp-content\\\/uploads\\\/2023\\\/02\\\/Dulon-Marine-Deckmate-Group-logo-small.png\",\"width\":350,\"height\":150,\"caption\":\"Dulon Marine Deckmate Group\"},\"image\":{\"@id\":\"https:\\\/\\\/dulonmarine.com\\\/pt\\\/#\\\/schema\\\/logo\\\/image\\\/\"},\"sameAs\":[\"https:\\\/\\\/www.facebook.com\\\/dulonmarine?locale=nl_NL\",\"https:\\\/\\\/www.instagram.com\\\/dulonmarinegroup\\\/\"]}]}<\/script>\n<!-- \/ Yoast SEO plugin. -->","yoast_head_json":{"title":"Deckmate DM330 Odli\u010dno su\u0161e\u010di se mop - Dulon Marine","description":"Mop za su\u0161enje lahko s pomo\u010djo sistema za hitro odpenjanje enostavno namestite na ro\u010daj Deckmate.","robots":{"index":"index","follow":"follow","max-snippet":"max-snippet:-1","max-image-preview":"max-image-preview:large","max-video-preview":"max-video-preview:-1"},"canonical":"https:\/\/dulonmarine.com\/sl\/winkel\/deckmate\/izdelki-za-susenje\/vzorcni-izdelek\/deckmate-dm330-odlicno-suseci-se-mop\/","og_locale":"sl_SI","og_type":"article","og_title":"Deckmate DM330 Excellent drying mop - Dulon Marine","og_description":"The drying mop is easy to mount on a deckmate handle with the help of the quick release system.","og_url":"https:\/\/dulonmarine.com\/sl\/winkel\/deckmate\/izdelki-za-susenje\/vzorcni-izdelek\/deckmate-dm330-odlicno-suseci-se-mop\/","og_site_name":"Dulon Marine","article_publisher":"https:\/\/www.facebook.com\/dulonmarine?locale=nl_NL","article_modified_time":"2024-10-24T12:04:33+00:00","og_image":[{"width":1200,"height":1200,"url":"https:\/\/dulonmarine.com\/wp-content\/uploads\/2023\/02\/330-Deckmate-Excellent-drying-mop-In-packaging-Front-view.jpg","type":"image\/jpeg"}],"twitter_card":"summary_large_image","twitter_misc":{"Est. reading time":"1 minuta"},"schema":{"@context":"https:\/\/schema.org","@graph":[{"@type":"WebPage","@id":"https:\/\/dulonmarine.com\/da\/winkel\/daekkammerat\/torreprodukter\/proveprodukt\/deckmate-dm330-excellent-drying-mop\/","url":"https:\/\/dulonmarine.com\/da\/winkel\/daekkammerat\/torreprodukter\/proveprodukt\/deckmate-dm330-excellent-drying-mop\/","name":"Deckmate DM330 Odli\u010dno su\u0161e\u010di se mop - Dulon Marine","isPartOf":{"@id":"https:\/\/dulonmarine.com\/pt\/#website"},"primaryImageOfPage":{"@id":"https:\/\/dulonmarine.com\/da\/winkel\/daekkammerat\/torreprodukter\/proveprodukt\/deckmate-dm330-excellent-drying-mop\/#primaryimage"},"image":{"@id":"https:\/\/dulonmarine.com\/da\/winkel\/daekkammerat\/torreprodukter\/proveprodukt\/deckmate-dm330-excellent-drying-mop\/#primaryimage"},"thumbnailUrl":"https:\/\/dulonmarine.com\/wp-content\/uploads\/2023\/02\/330-Deckmate-Excellent-drying-mop-In-packaging-Front-view.jpg","datePublished":"2023-02-08T10:17:34+00:00","dateModified":"2024-10-24T12:04:33+00:00","description":"Mop za su\u0161enje lahko s pomo\u010djo sistema za hitro odpenjanje enostavno namestite na ro\u010daj Deckmate.","breadcrumb":{"@id":"https:\/\/dulonmarine.com\/da\/winkel\/daekkammerat\/torreprodukter\/proveprodukt\/deckmate-dm330-excellent-drying-mop\/#breadcrumb"},"inLanguage":"sl-SI","potentialAction":[{"@type":"ReadAction","target":["https:\/\/dulonmarine.com\/da\/winkel\/daekkammerat\/torreprodukter\/proveprodukt\/deckmate-dm330-excellent-drying-mop\/"]}]},{"@type":"ImageObject","inLanguage":"sl-SI","@id":"https:\/\/dulonmarine.com\/da\/winkel\/daekkammerat\/torreprodukter\/proveprodukt\/deckmate-dm330-excellent-drying-mop\/#primaryimage","url":"https:\/\/dulonmarine.com\/wp-content\/uploads\/2023\/02\/330-Deckmate-Excellent-drying-mop-In-packaging-Front-view.jpg","contentUrl":"https:\/\/dulonmarine.com\/wp-content\/uploads\/2023\/02\/330-Deckmate-Excellent-drying-mop-In-packaging-Front-view.jpg","width":1200,"height":1200},{"@type":"BreadcrumbList","@id":"https:\/\/dulonmarine.com\/da\/winkel\/daekkammerat\/torreprodukter\/proveprodukt\/deckmate-dm330-excellent-drying-mop\/#breadcrumb","itemListElement":[{"@type":"ListItem","position":1,"name":"Home","item":"https:\/\/dulonmarine.com\/"},{"@type":"ListItem","position":2,"name":"Winkel","item":"https:\/\/dulonmarine.com\/pt\/piacaba\/"},{"@type":"ListItem","position":3,"name":"Deckmate DM330 Excellent drying mop"}]},{"@type":"WebSite","@id":"https:\/\/dulonmarine.com\/pt\/#website","url":"https:\/\/dulonmarine.com\/pt\/","name":"Dulon Marine","description":"Onderhoudsproducten voor de scheepvaart","publisher":{"@id":"https:\/\/dulonmarine.com\/pt\/#organization"},"potentialAction":[{"@type":"SearchAction","target":{"@type":"EntryPoint","urlTemplate":"https:\/\/dulonmarine.com\/pt\/?s={search_term_string}"},"query-input":{"@type":"PropertyValueSpecification","valueRequired":true,"valueName":"search_term_string"}}],"inLanguage":"sl-SI"},{"@type":"Organization","@id":"https:\/\/dulonmarine.com\/pt\/#organization","name":"Dulon Marine Skupina Deckmate","url":"https:\/\/dulonmarine.com\/pt\/","logo":{"@type":"ImageObject","inLanguage":"sl-SI","@id":"https:\/\/dulonmarine.com\/pt\/#\/schema\/logo\/image\/","url":"http:\/\/dulonmarine.com\/wp-content\/uploads\/2023\/02\/Dulon-Marine-Deckmate-Group-logo-small.png","contentUrl":"http:\/\/dulonmarine.com\/wp-content\/uploads\/2023\/02\/Dulon-Marine-Deckmate-Group-logo-small.png","width":350,"height":150,"caption":"Dulon Marine Deckmate Group"},"image":{"@id":"https:\/\/dulonmarine.com\/pt\/#\/schema\/logo\/image\/"},"sameAs":["https:\/\/www.facebook.com\/dulonmarine?locale=nl_NL","https:\/\/www.instagram.com\/dulonmarinegroup\/"]}]}},"_links":{"self":[{"href":"https:\/\/dulonmarine.com\/sl\/wp-json\/wp\/v2\/product\/8497","targetHints":{"allow":["GET"]}}],"collection":[{"href":"https:\/\/dulonmarine.com\/sl\/wp-json\/wp\/v2\/product"}],"about":[{"href":"https:\/\/dulonmarine.com\/sl\/wp-json\/wp\/v2\/types\/product"}],"wp:featuredmedia":[{"embeddable":true,"href":"https:\/\/dulonmarine.com\/sl\/wp-json\/wp\/v2\/media\/9379"}],"wp:attachment":[{"href":"https:\/\/dulonmarine.com\/sl\/wp-json\/wp\/v2\/media?parent=8497"}],"wp:term":[{"taxonomy":"product_brand","embeddable":true,"href":"https:\/\/dulonmarine.com\/sl\/wp-json\/wp\/v2\/product_brand?post=8497"},{"taxonomy":"product_cat","embeddable":true,"href":"https:\/\/dulonmarine.com\/sl\/wp-json\/wp\/v2\/product_cat?post=8497"},{"taxonomy":"product_tag","embeddable":true,"href":"https:\/\/dulonmarine.com\/sl\/wp-json\/wp\/v2\/product_tag?post=8497"}],"curies":[{"name":"wp","href":"https:\/\/api.w.org\/{rel}","templated":true}]}}