{"id":8505,"date":"2023-02-08T13:39:18","date_gmt":"2023-02-08T12:39:18","guid":{"rendered":"http:\/\/dulonmarine.com\/?post_type=product&#038;p=8505"},"modified":"2024-10-24T13:00:23","modified_gmt":"2024-10-24T12:00:23","slug":"prevleka-za-glavo-deckmate-dm230-iz-mikrovlaken","status":"publish","type":"product","link":"https:\/\/dulonmarine.com\/sl\/winkel\/deckmate\/wash-scrub\/sample-product\/deckmate-dm230-microfiber-washead-cover\/","title":{"rendered":"Deckmate DM230 Prevleka za pralno glavo iz mikrovlaken"},"content":{"rendered":"<p>Ta \u0161enilova prevleka za pranje je izdelana iz mo\u010dnega in izjemno mehkega materiala iz mikrovlaken, sestavljenega iz poliestra 80% in poliamida 20% v oran\u017eni barvi. Ta prevleka za pranje je zelo primerna za \u010di\u0161\u010denje na daljavo, saj te nitke mikrovlaken vpijajo in zadr\u017eujejo veliko vode.<br \/>\nPrednosti:<\/p>\n<ul>\n<li>Z zapenjanjem z velkro zaponko je mogo\u010de prevleko za pranje enostavno pritrditi na vrtljivo plo\u0161\u010do. Poleg tega se notranja podloga iz mikrovlaken varno pritrdi na trakove Velcro na vrtljivi plo\u0161\u010di, tako da prepre\u010dite, da bi prevleka za pranje zdrsnila ali se zasukala \u010dez vrtljivo plo\u0161\u010do.<\/li>\n<li>V notranjosti je dodana penasta blazinica z notranjo oblogo iz mikrovlaken, ki \u0161\u010diti povr\u0161ino za \u010di\u0161\u010denje pred vrtljivo plo\u0161\u010do, tako da je skoraj nemogo\u010de po\u0161kodovati povr\u0161ino med \u010di\u0161\u010denjem.<\/li>\n<\/ul>","protected":false},"excerpt":{"rendered":"<p>Ta prevleka iz mikrovlaken je primerna za:<\/p>\n<ul>\n<li>Z uporabo tega pokrova za pranje v kombinaciji z vrtljivo plo\u0161\u010do Deckmate boste lahko povr\u0161ine, ob\u010dutljive na praske, \u010distili z ve\u010dje razdalje ali vi\u0161ine s pomo\u010djo ro\u010daja.<\/li>\n<li>Poleg tega lahko pralno prevleko uporabljate tudi na suho za brisanje prahu na tleh in podobno.<\/li>\n<\/ul>\n<p>Po uporabi je priporo\u010dljivo, da prevleko operete v veliki koli\u010dini sve\u017ee vode, jo o\u017eemate in pustite, da se posu\u0161i.<\/p>\n<div class=\"x-video-inner\">\n    <video  \nclass=\"x-mejs x-wp-video-shortcode advanced-controls\" \n        width=\"400\" \n        height=\"400\" \n        loop autoplay muted playsinline style=\"border: none; outline: none; background: none;\"><source type=\"video\/mp4\" src=\"http:\/\/dulonmarine.com\/wp-content\/uploads\/2024\/10\/230_Microfiber_Washhead_Cover_1.mp4\"><\/video>\n<\/div>","protected":false},"featured_media":9395,"template":"","meta":{"_acf_changed":false,"om_disable_all_campaigns":false,"rs_blank_template":"","rs_page_bg_color":"","slide_template_v7":"","inline_featured_image":false,"_monsterinsights_skip_tracking":false,"_monsterinsights_sitenote_active":false,"_monsterinsights_sitenote_note":"","_monsterinsights_sitenote_category":0},"product_brand":[],"product_cat":[280,307],"product_tag":[314],"class_list":{"0":"post-8505","1":"product","2":"type-product","3":"status-publish","4":"has-post-thumbnail","6":"product_cat-deckmate","7":"product_cat-wash-scrub","8":"product_tag-314","9":"pa_article-numbers-contents-dm230","12":"first","13":"instock","14":"taxable","15":"shipping-taxable","16":"purchasable","17":"product-type-simple"},"acf":[],"yoast_head":"<!-- This site is optimized with the Yoast SEO plugin v27.6 - https:\/\/yoast.com\/product\/yoast-seo-wordpress\/ -->\n<title>Deckmate DM230 Microfiber washhead cover - Dulon Marine<\/title>\n<meta name=\"description\" content=\"This chenille washcover is made of strong and extremely soft microfibre material, consisting of 80% polyester and 20% polyamide in an orange colour.\" \/>\n<meta name=\"robots\" content=\"index, follow, max-snippet:-1, max-image-preview:large, max-video-preview:-1\" \/>\n<link rel=\"canonical\" href=\"https:\/\/dulonmarine.com\/sl\/winkel\/deckmate\/umivanje-ciscenje\/vzorcni-izdelek\/prevleka-za-glavo-deckmate-dm230-iz-mikrovlaken\/\" \/>\n<meta property=\"og:locale\" content=\"sl_SI\" \/>\n<meta property=\"og:type\" content=\"article\" \/>\n<meta property=\"og:title\" content=\"Deckmate DM230 Microfiber washhead cover - Dulon Marine\" \/>\n<meta property=\"og:description\" content=\"This chenille washcover is made of strong and extremely soft microfibre material, consisting of 80% polyester and 20% polyamide in an orange colour.\" \/>\n<meta property=\"og:url\" content=\"https:\/\/dulonmarine.com\/sl\/winkel\/deckmate\/umivanje-ciscenje\/vzorcni-izdelek\/prevleka-za-glavo-deckmate-dm230-iz-mikrovlaken\/\" \/>\n<meta property=\"og:site_name\" content=\"Dulon Marine\" \/>\n<meta property=\"article:publisher\" content=\"https:\/\/www.facebook.com\/dulonmarine?locale=nl_NL\" \/>\n<meta property=\"article:modified_time\" content=\"2024-10-24T12:00:23+00:00\" \/>\n<meta property=\"og:image\" content=\"https:\/\/dulonmarine.com\/wp-content\/uploads\/2023\/02\/230-Microfiber-washead-cover-side.jpg\" \/>\n\t<meta property=\"og:image:width\" content=\"1200\" \/>\n\t<meta property=\"og:image:height\" content=\"1200\" \/>\n\t<meta property=\"og:image:type\" content=\"image\/jpeg\" \/>\n<meta name=\"twitter:card\" content=\"summary_large_image\" \/>\n<meta name=\"twitter:label1\" content=\"Est. reading time\" \/>\n\t<meta name=\"twitter:data1\" content=\"1 minuta\" \/>\n<script type=\"application\/ld+json\" class=\"yoast-schema-graph\">{\"@context\":\"https:\\\/\\\/schema.org\",\"@graph\":[{\"@type\":\"WebPage\",\"@id\":\"https:\\\/\\\/dulonmarine.com\\\/es\\\/winkel\\\/companero-de-cubierta\\\/lavar-fregar\\\/producto-de-muestra\\\/deckmate-dm230-microfibra-washead-cover\\\/\",\"url\":\"https:\\\/\\\/dulonmarine.com\\\/es\\\/winkel\\\/companero-de-cubierta\\\/lavar-fregar\\\/producto-de-muestra\\\/deckmate-dm230-microfibra-washead-cover\\\/\",\"name\":\"Deckmate DM230 Microfiber washhead cover - Dulon Marine\",\"isPartOf\":{\"@id\":\"https:\\\/\\\/dulonmarine.com\\\/pt\\\/#website\"},\"primaryImageOfPage\":{\"@id\":\"https:\\\/\\\/dulonmarine.com\\\/es\\\/winkel\\\/companero-de-cubierta\\\/lavar-fregar\\\/producto-de-muestra\\\/deckmate-dm230-microfibra-washead-cover\\\/#primaryimage\"},\"image\":{\"@id\":\"https:\\\/\\\/dulonmarine.com\\\/es\\\/winkel\\\/companero-de-cubierta\\\/lavar-fregar\\\/producto-de-muestra\\\/deckmate-dm230-microfibra-washead-cover\\\/#primaryimage\"},\"thumbnailUrl\":\"https:\\\/\\\/dulonmarine.com\\\/wp-content\\\/uploads\\\/2023\\\/02\\\/230-Microfiber-washead-cover-side.jpg\",\"datePublished\":\"2023-02-08T12:39:18+00:00\",\"dateModified\":\"2024-10-24T12:00:23+00:00\",\"description\":\"This chenille washcover is made of strong and extremely soft microfibre material, consisting of 80% polyester and 20% polyamide in an orange colour.\",\"breadcrumb\":{\"@id\":\"https:\\\/\\\/dulonmarine.com\\\/es\\\/winkel\\\/companero-de-cubierta\\\/lavar-fregar\\\/producto-de-muestra\\\/deckmate-dm230-microfibra-washead-cover\\\/#breadcrumb\"},\"inLanguage\":\"sl-SI\",\"potentialAction\":[{\"@type\":\"ReadAction\",\"target\":[\"https:\\\/\\\/dulonmarine.com\\\/es\\\/winkel\\\/companero-de-cubierta\\\/lavar-fregar\\\/producto-de-muestra\\\/deckmate-dm230-microfibra-washead-cover\\\/\"]}]},{\"@type\":\"ImageObject\",\"inLanguage\":\"sl-SI\",\"@id\":\"https:\\\/\\\/dulonmarine.com\\\/es\\\/winkel\\\/companero-de-cubierta\\\/lavar-fregar\\\/producto-de-muestra\\\/deckmate-dm230-microfibra-washead-cover\\\/#primaryimage\",\"url\":\"https:\\\/\\\/dulonmarine.com\\\/wp-content\\\/uploads\\\/2023\\\/02\\\/230-Microfiber-washead-cover-side.jpg\",\"contentUrl\":\"https:\\\/\\\/dulonmarine.com\\\/wp-content\\\/uploads\\\/2023\\\/02\\\/230-Microfiber-washead-cover-side.jpg\",\"width\":1200,\"height\":1200},{\"@type\":\"BreadcrumbList\",\"@id\":\"https:\\\/\\\/dulonmarine.com\\\/es\\\/winkel\\\/companero-de-cubierta\\\/lavar-fregar\\\/producto-de-muestra\\\/deckmate-dm230-microfibra-washead-cover\\\/#breadcrumb\",\"itemListElement\":[{\"@type\":\"ListItem\",\"position\":1,\"name\":\"Home\",\"item\":\"https:\\\/\\\/dulonmarine.com\\\/\"},{\"@type\":\"ListItem\",\"position\":2,\"name\":\"Winkel\",\"item\":\"https:\\\/\\\/dulonmarine.com\\\/pt\\\/piacaba\\\/\"},{\"@type\":\"ListItem\",\"position\":3,\"name\":\"Deckmate DM230 Microfiber washhead cover\"}]},{\"@type\":\"WebSite\",\"@id\":\"https:\\\/\\\/dulonmarine.com\\\/pt\\\/#website\",\"url\":\"https:\\\/\\\/dulonmarine.com\\\/pt\\\/\",\"name\":\"Dulon Marine\",\"description\":\"Onderhoudsproducten voor de scheepvaart\",\"publisher\":{\"@id\":\"https:\\\/\\\/dulonmarine.com\\\/pt\\\/#organization\"},\"potentialAction\":[{\"@type\":\"SearchAction\",\"target\":{\"@type\":\"EntryPoint\",\"urlTemplate\":\"https:\\\/\\\/dulonmarine.com\\\/pt\\\/?s={search_term_string}\"},\"query-input\":{\"@type\":\"PropertyValueSpecification\",\"valueRequired\":true,\"valueName\":\"search_term_string\"}}],\"inLanguage\":\"sl-SI\"},{\"@type\":\"Organization\",\"@id\":\"https:\\\/\\\/dulonmarine.com\\\/pt\\\/#organization\",\"name\":\"Dulon Marine Deckmate Group\",\"url\":\"https:\\\/\\\/dulonmarine.com\\\/pt\\\/\",\"logo\":{\"@type\":\"ImageObject\",\"inLanguage\":\"sl-SI\",\"@id\":\"https:\\\/\\\/dulonmarine.com\\\/pt\\\/#\\\/schema\\\/logo\\\/image\\\/\",\"url\":\"http:\\\/\\\/dulonmarine.com\\\/wp-content\\\/uploads\\\/2023\\\/02\\\/Dulon-Marine-Deckmate-Group-logo-small.png\",\"contentUrl\":\"http:\\\/\\\/dulonmarine.com\\\/wp-content\\\/uploads\\\/2023\\\/02\\\/Dulon-Marine-Deckmate-Group-logo-small.png\",\"width\":350,\"height\":150,\"caption\":\"Dulon Marine Deckmate Group\"},\"image\":{\"@id\":\"https:\\\/\\\/dulonmarine.com\\\/pt\\\/#\\\/schema\\\/logo\\\/image\\\/\"},\"sameAs\":[\"https:\\\/\\\/www.facebook.com\\\/dulonmarine?locale=nl_NL\",\"https:\\\/\\\/www.instagram.com\\\/dulonmarinegroup\\\/\"]}]}<\/script>\n<!-- \/ Yoast SEO plugin. -->","yoast_head_json":{"title":"Deckmate DM230 Prevleka za pralno glavo iz mikrovlaken - Dulon Marine","description":"Ta \u0161enilova prevleka za pranje je izdelana iz mo\u010dnega in izjemno mehkega materiala iz mikrovlaken, sestavljenega iz poliestra 80% in poliamida 20% v oran\u017eni barvi.","robots":{"index":"index","follow":"follow","max-snippet":"max-snippet:-1","max-image-preview":"max-image-preview:large","max-video-preview":"max-video-preview:-1"},"canonical":"https:\/\/dulonmarine.com\/sl\/winkel\/deckmate\/umivanje-ciscenje\/vzorcni-izdelek\/prevleka-za-glavo-deckmate-dm230-iz-mikrovlaken\/","og_locale":"sl_SI","og_type":"article","og_title":"Deckmate DM230 Microfiber washhead cover - Dulon Marine","og_description":"This chenille washcover is made of strong and extremely soft microfibre material, consisting of 80% polyester and 20% polyamide in an orange colour.","og_url":"https:\/\/dulonmarine.com\/sl\/winkel\/deckmate\/umivanje-ciscenje\/vzorcni-izdelek\/prevleka-za-glavo-deckmate-dm230-iz-mikrovlaken\/","og_site_name":"Dulon Marine","article_publisher":"https:\/\/www.facebook.com\/dulonmarine?locale=nl_NL","article_modified_time":"2024-10-24T12:00:23+00:00","og_image":[{"width":1200,"height":1200,"url":"https:\/\/dulonmarine.com\/wp-content\/uploads\/2023\/02\/230-Microfiber-washead-cover-side.jpg","type":"image\/jpeg"}],"twitter_card":"summary_large_image","twitter_misc":{"Est. reading time":"1 minuta"},"schema":{"@context":"https:\/\/schema.org","@graph":[{"@type":"WebPage","@id":"https:\/\/dulonmarine.com\/es\/winkel\/companero-de-cubierta\/lavar-fregar\/producto-de-muestra\/deckmate-dm230-microfibra-washead-cover\/","url":"https:\/\/dulonmarine.com\/es\/winkel\/companero-de-cubierta\/lavar-fregar\/producto-de-muestra\/deckmate-dm230-microfibra-washead-cover\/","name":"Deckmate DM230 Prevleka za pralno glavo iz mikrovlaken - Dulon Marine","isPartOf":{"@id":"https:\/\/dulonmarine.com\/pt\/#website"},"primaryImageOfPage":{"@id":"https:\/\/dulonmarine.com\/es\/winkel\/companero-de-cubierta\/lavar-fregar\/producto-de-muestra\/deckmate-dm230-microfibra-washead-cover\/#primaryimage"},"image":{"@id":"https:\/\/dulonmarine.com\/es\/winkel\/companero-de-cubierta\/lavar-fregar\/producto-de-muestra\/deckmate-dm230-microfibra-washead-cover\/#primaryimage"},"thumbnailUrl":"https:\/\/dulonmarine.com\/wp-content\/uploads\/2023\/02\/230-Microfiber-washead-cover-side.jpg","datePublished":"2023-02-08T12:39:18+00:00","dateModified":"2024-10-24T12:00:23+00:00","description":"Ta \u0161enilova prevleka za pranje je izdelana iz mo\u010dnega in izjemno mehkega materiala iz mikrovlaken, sestavljenega iz poliestra 80% in poliamida 20% v oran\u017eni barvi.","breadcrumb":{"@id":"https:\/\/dulonmarine.com\/es\/winkel\/companero-de-cubierta\/lavar-fregar\/producto-de-muestra\/deckmate-dm230-microfibra-washead-cover\/#breadcrumb"},"inLanguage":"sl-SI","potentialAction":[{"@type":"ReadAction","target":["https:\/\/dulonmarine.com\/es\/winkel\/companero-de-cubierta\/lavar-fregar\/producto-de-muestra\/deckmate-dm230-microfibra-washead-cover\/"]}]},{"@type":"ImageObject","inLanguage":"sl-SI","@id":"https:\/\/dulonmarine.com\/es\/winkel\/companero-de-cubierta\/lavar-fregar\/producto-de-muestra\/deckmate-dm230-microfibra-washead-cover\/#primaryimage","url":"https:\/\/dulonmarine.com\/wp-content\/uploads\/2023\/02\/230-Microfiber-washead-cover-side.jpg","contentUrl":"https:\/\/dulonmarine.com\/wp-content\/uploads\/2023\/02\/230-Microfiber-washead-cover-side.jpg","width":1200,"height":1200},{"@type":"BreadcrumbList","@id":"https:\/\/dulonmarine.com\/es\/winkel\/companero-de-cubierta\/lavar-fregar\/producto-de-muestra\/deckmate-dm230-microfibra-washead-cover\/#breadcrumb","itemListElement":[{"@type":"ListItem","position":1,"name":"Home","item":"https:\/\/dulonmarine.com\/"},{"@type":"ListItem","position":2,"name":"Winkel","item":"https:\/\/dulonmarine.com\/pt\/piacaba\/"},{"@type":"ListItem","position":3,"name":"Deckmate DM230 Microfiber washhead cover"}]},{"@type":"WebSite","@id":"https:\/\/dulonmarine.com\/pt\/#website","url":"https:\/\/dulonmarine.com\/pt\/","name":"Dulon Marine","description":"Onderhoudsproducten voor de scheepvaart","publisher":{"@id":"https:\/\/dulonmarine.com\/pt\/#organization"},"potentialAction":[{"@type":"SearchAction","target":{"@type":"EntryPoint","urlTemplate":"https:\/\/dulonmarine.com\/pt\/?s={search_term_string}"},"query-input":{"@type":"PropertyValueSpecification","valueRequired":true,"valueName":"search_term_string"}}],"inLanguage":"sl-SI"},{"@type":"Organization","@id":"https:\/\/dulonmarine.com\/pt\/#organization","name":"Dulon Marine Skupina Deckmate","url":"https:\/\/dulonmarine.com\/pt\/","logo":{"@type":"ImageObject","inLanguage":"sl-SI","@id":"https:\/\/dulonmarine.com\/pt\/#\/schema\/logo\/image\/","url":"http:\/\/dulonmarine.com\/wp-content\/uploads\/2023\/02\/Dulon-Marine-Deckmate-Group-logo-small.png","contentUrl":"http:\/\/dulonmarine.com\/wp-content\/uploads\/2023\/02\/Dulon-Marine-Deckmate-Group-logo-small.png","width":350,"height":150,"caption":"Dulon Marine Deckmate Group"},"image":{"@id":"https:\/\/dulonmarine.com\/pt\/#\/schema\/logo\/image\/"},"sameAs":["https:\/\/www.facebook.com\/dulonmarine?locale=nl_NL","https:\/\/www.instagram.com\/dulonmarinegroup\/"]}]}},"_links":{"self":[{"href":"https:\/\/dulonmarine.com\/sl\/wp-json\/wp\/v2\/product\/8505","targetHints":{"allow":["GET"]}}],"collection":[{"href":"https:\/\/dulonmarine.com\/sl\/wp-json\/wp\/v2\/product"}],"about":[{"href":"https:\/\/dulonmarine.com\/sl\/wp-json\/wp\/v2\/types\/product"}],"wp:featuredmedia":[{"embeddable":true,"href":"https:\/\/dulonmarine.com\/sl\/wp-json\/wp\/v2\/media\/9395"}],"wp:attachment":[{"href":"https:\/\/dulonmarine.com\/sl\/wp-json\/wp\/v2\/media?parent=8505"}],"wp:term":[{"taxonomy":"product_brand","embeddable":true,"href":"https:\/\/dulonmarine.com\/sl\/wp-json\/wp\/v2\/product_brand?post=8505"},{"taxonomy":"product_cat","embeddable":true,"href":"https:\/\/dulonmarine.com\/sl\/wp-json\/wp\/v2\/product_cat?post=8505"},{"taxonomy":"product_tag","embeddable":true,"href":"https:\/\/dulonmarine.com\/sl\/wp-json\/wp\/v2\/product_tag?post=8505"}],"curies":[{"name":"wp","href":"https:\/\/api.w.org\/{rel}","templated":true}]}}