{"id":9179,"date":"2024-10-10T11:10:13","date_gmt":"2024-10-10T10:10:13","guid":{"rendered":"http:\/\/dulonmarine.com\/?post_type=product&#038;p=9179"},"modified":"2025-10-22T16:34:08","modified_gmt":"2025-10-22T15:34:08","slug":"rocaji-deckmate","status":"publish","type":"product","link":"https:\/\/dulonmarine.com\/sl\/winkel\/deckmate\/telescopic-and-fixed-handles\/sample-product\/deckmate-handles\/","title":{"rendered":"Deckmate DM444 DM446 DM454 DM456 Ro\u010daji"},"content":{"rendered":"<p>Lahki ro\u010daji Deckmate so izdelani iz letalsko anodiziranega aluminija s svetlim potopnim nanosom in sijajno polirano povr\u0161ino.<\/p>\n<p>Ro\u010daji Deckmate so izjemno mo\u010dni in lahki, zato teleskopski ro\u010daj omogo\u010da dober nadzor nad krta\u010do ali drugim pripomo\u010dkom med \u010di\u0161\u010denjem na ve\u010djih razdaljah in prepre\u010duje nepotrebne po\u0161kodbe.<\/p>\n<p>Prednosti:<\/p>\n<ul>\n<li style=\"list-style-type: none;\">\n<ul>\n<li>Te teleskopske ro\u010daje je mogo\u010de nastaviti na 3 razli\u010dne dol\u017eine, trdno pa so pritrjeni z gumbom z vzmetno sponko iz nerjave\u010dega jekla.<\/li>\n<li>Notranja cev ima trajno referen\u010dno \u010drto za hitro in enostavno pritrditev.<\/li>\n<li>Vsak ro\u010daj ima enega ali ve\u010d udobnih nedrse\u010dih ro\u010dajev.<\/li>\n<\/ul>\n<\/li>\n<\/ul>\n<p>S pomo\u010djo sistema za hitro odpenjanje je mogo\u010de na ro\u010daje hitro in enostavno namestiti razli\u010dne dodatke.<\/p>","protected":false},"excerpt":{"rendered":"<p>Ro\u010daji Deckmate so odporni na korozijo, ki jo povzro\u010data vlaga in morska voda. Vendar je priporo\u010dljivo, da ro\u010daj po uporabi v slani vodi sperete z veliko sladke vode.<\/p>\n<p><strong>Ponudba izdelkov:<\/strong><\/p>\n<ul>\n<li>DM444 Fiksni ro\u010daj - 120cm \/ 47inch<\/li>\n<li>DM446 Fiksni ro\u010daj - 150cm \/ 59inch<\/li>\n<li>DM454 Teleskopski kratki ro\u010daj - 107-181cm \/ 42-47inch<\/li>\n<li>DM456 Teleskopski dolgi ro\u010daj - 156-278cm \/ 61-109inch<\/li>\n<\/ul>","protected":false},"featured_media":9905,"template":"","meta":{"_acf_changed":false,"om_disable_all_campaigns":false,"rs_blank_template":"","rs_page_bg_color":"","slide_template_v7":"","inline_featured_image":false,"_monsterinsights_skip_tracking":false,"_monsterinsights_sitenote_active":false,"_monsterinsights_sitenote_note":"","_monsterinsights_sitenote_category":0},"product_brand":[],"product_cat":[280,279],"product_tag":[302,348,303,304],"class_list":{"0":"post-9179","1":"product","2":"type-product","3":"status-publish","4":"has-post-thumbnail","6":"product_cat-deckmate","7":"product_cat-telescopic-and-fixed-handles","8":"product_tag-302","9":"product_tag-348","10":"product_tag-303","11":"product_tag-304","12":"pa_article-numbers-contents-dm444","13":"pa_article-numbers-contents-dm446","14":"pa_article-numbers-contents-dm454","15":"pa_article-numbers-contents-dm456","18":"first","19":"instock","20":"taxable","21":"shipping-taxable","22":"purchasable","23":"product-type-variable"},"acf":[],"yoast_head":"<!-- This site is optimized with the Yoast SEO plugin v27.4 - https:\/\/yoast.com\/product\/yoast-seo-wordpress\/ -->\n<title>Deckmate DM444 DM446 DM454 DM456 Handles - Dulon Marine<\/title>\n<meta name=\"robots\" content=\"index, follow, max-snippet:-1, max-image-preview:large, max-video-preview:-1\" \/>\n<link rel=\"canonical\" href=\"https:\/\/dulonmarine.com\/sl\/winkel\/deckmate\/teleskopski-in-fiksni-rocaji\/vzorcni-izdelek\/rocaji-deckmate\/\" \/>\n<meta property=\"og:locale\" content=\"sl_SI\" \/>\n<meta property=\"og:type\" content=\"article\" \/>\n<meta property=\"og:title\" content=\"Deckmate DM444 DM446 DM454 DM456 Handles - Dulon Marine\" \/>\n<meta property=\"og:description\" content=\"Deckmate handles can withstand corrosion caused by moisture and seawater. It is recommended, however, that you rinse the handle with plenty of fresh water after use in salt water.  Product range:   DM444 Handle Fixed \u2013 120cm \/ 47inch     DM446 Handle Fixed \u2013 150cm \/ 59inch  DM454 Handle Telescopic Short \u2013 107-181cm \/ 42-47inch  DM456 Handle Telescopic Long \u2013 156-278cm \/ 61-109inch\" \/>\n<meta property=\"og:url\" content=\"https:\/\/dulonmarine.com\/sl\/winkel\/deckmate\/teleskopski-in-fiksni-rocaji\/vzorcni-izdelek\/rocaji-deckmate\/\" \/>\n<meta property=\"og:site_name\" content=\"Dulon Marine\" \/>\n<meta property=\"article:publisher\" content=\"https:\/\/www.facebook.com\/dulonmarine?locale=nl_NL\" \/>\n<meta property=\"article:modified_time\" content=\"2025-10-22T15:34:08+00:00\" \/>\n<meta property=\"og:image\" content=\"https:\/\/dulonmarine.com\/wp-content\/uploads\/2024\/10\/01.-444-454-456-Deckmate-Handles-Full-shot-View-from-above.webp\" \/>\n\t<meta property=\"og:image:width\" content=\"1200\" \/>\n\t<meta property=\"og:image:height\" content=\"1200\" \/>\n\t<meta property=\"og:image:type\" content=\"image\/webp\" \/>\n<meta name=\"twitter:card\" content=\"summary_large_image\" \/>\n<meta name=\"twitter:label1\" content=\"Est. reading time\" \/>\n\t<meta name=\"twitter:data1\" content=\"1 minuta\" \/>\n<script type=\"application\/ld+json\" class=\"yoast-schema-graph\">{\"@context\":\"https:\\\/\\\/schema.org\",\"@graph\":[{\"@type\":\"WebPage\",\"@id\":\"https:\\\/\\\/dulonmarine.com\\\/winkel\\\/deckmate\\\/telescopic-and-fixed-handles\\\/sample-product\\\/deckmate-handles\\\/\",\"url\":\"https:\\\/\\\/dulonmarine.com\\\/winkel\\\/deckmate\\\/telescopic-and-fixed-handles\\\/sample-product\\\/deckmate-handles\\\/\",\"name\":\"Deckmate DM444 DM446 DM454 DM456 Handles - Dulon Marine\",\"isPartOf\":{\"@id\":\"https:\\\/\\\/dulonmarine.com\\\/pt\\\/#website\"},\"primaryImageOfPage\":{\"@id\":\"https:\\\/\\\/dulonmarine.com\\\/winkel\\\/deckmate\\\/telescopic-and-fixed-handles\\\/sample-product\\\/deckmate-handles\\\/#primaryimage\"},\"image\":{\"@id\":\"https:\\\/\\\/dulonmarine.com\\\/winkel\\\/deckmate\\\/telescopic-and-fixed-handles\\\/sample-product\\\/deckmate-handles\\\/#primaryimage\"},\"thumbnailUrl\":\"https:\\\/\\\/dulonmarine.com\\\/wp-content\\\/uploads\\\/2024\\\/10\\\/01.-444-454-456-Deckmate-Handles-Full-shot-View-from-above.webp\",\"datePublished\":\"2024-10-10T10:10:13+00:00\",\"dateModified\":\"2025-10-22T15:34:08+00:00\",\"breadcrumb\":{\"@id\":\"https:\\\/\\\/dulonmarine.com\\\/winkel\\\/deckmate\\\/telescopic-and-fixed-handles\\\/sample-product\\\/deckmate-handles\\\/#breadcrumb\"},\"inLanguage\":\"sl-SI\",\"potentialAction\":[{\"@type\":\"ReadAction\",\"target\":[\"https:\\\/\\\/dulonmarine.com\\\/winkel\\\/deckmate\\\/telescopic-and-fixed-handles\\\/sample-product\\\/deckmate-handles\\\/\"]}]},{\"@type\":\"ImageObject\",\"inLanguage\":\"sl-SI\",\"@id\":\"https:\\\/\\\/dulonmarine.com\\\/winkel\\\/deckmate\\\/telescopic-and-fixed-handles\\\/sample-product\\\/deckmate-handles\\\/#primaryimage\",\"url\":\"https:\\\/\\\/dulonmarine.com\\\/wp-content\\\/uploads\\\/2024\\\/10\\\/01.-444-454-456-Deckmate-Handles-Full-shot-View-from-above.webp\",\"contentUrl\":\"https:\\\/\\\/dulonmarine.com\\\/wp-content\\\/uploads\\\/2024\\\/10\\\/01.-444-454-456-Deckmate-Handles-Full-shot-View-from-above.webp\",\"width\":1200,\"height\":1200},{\"@type\":\"BreadcrumbList\",\"@id\":\"https:\\\/\\\/dulonmarine.com\\\/winkel\\\/deckmate\\\/telescopic-and-fixed-handles\\\/sample-product\\\/deckmate-handles\\\/#breadcrumb\",\"itemListElement\":[{\"@type\":\"ListItem\",\"position\":1,\"name\":\"Home\",\"item\":\"https:\\\/\\\/dulonmarine.com\\\/\"},{\"@type\":\"ListItem\",\"position\":2,\"name\":\"Winkel\",\"item\":\"https:\\\/\\\/dulonmarine.com\\\/pt\\\/piacaba\\\/\"},{\"@type\":\"ListItem\",\"position\":3,\"name\":\"Deckmate DM444 DM446 DM454 DM456 Handles\"}]},{\"@type\":\"WebSite\",\"@id\":\"https:\\\/\\\/dulonmarine.com\\\/pt\\\/#website\",\"url\":\"https:\\\/\\\/dulonmarine.com\\\/pt\\\/\",\"name\":\"Dulon Marine\",\"description\":\"Onderhoudsproducten voor de scheepvaart\",\"publisher\":{\"@id\":\"https:\\\/\\\/dulonmarine.com\\\/pt\\\/#organization\"},\"potentialAction\":[{\"@type\":\"SearchAction\",\"target\":{\"@type\":\"EntryPoint\",\"urlTemplate\":\"https:\\\/\\\/dulonmarine.com\\\/pt\\\/?s={search_term_string}\"},\"query-input\":{\"@type\":\"PropertyValueSpecification\",\"valueRequired\":true,\"valueName\":\"search_term_string\"}}],\"inLanguage\":\"sl-SI\"},{\"@type\":\"Organization\",\"@id\":\"https:\\\/\\\/dulonmarine.com\\\/pt\\\/#organization\",\"name\":\"Dulon Marine Deckmate Group\",\"url\":\"https:\\\/\\\/dulonmarine.com\\\/pt\\\/\",\"logo\":{\"@type\":\"ImageObject\",\"inLanguage\":\"sl-SI\",\"@id\":\"https:\\\/\\\/dulonmarine.com\\\/pt\\\/#\\\/schema\\\/logo\\\/image\\\/\",\"url\":\"http:\\\/\\\/dulonmarine.com\\\/wp-content\\\/uploads\\\/2023\\\/02\\\/Dulon-Marine-Deckmate-Group-logo-small.png\",\"contentUrl\":\"http:\\\/\\\/dulonmarine.com\\\/wp-content\\\/uploads\\\/2023\\\/02\\\/Dulon-Marine-Deckmate-Group-logo-small.png\",\"width\":350,\"height\":150,\"caption\":\"Dulon Marine Deckmate Group\"},\"image\":{\"@id\":\"https:\\\/\\\/dulonmarine.com\\\/pt\\\/#\\\/schema\\\/logo\\\/image\\\/\"},\"sameAs\":[\"https:\\\/\\\/www.facebook.com\\\/dulonmarine?locale=nl_NL\",\"https:\\\/\\\/www.instagram.com\\\/dulonmarinegroup\\\/\"]}]}<\/script>\n<!-- \/ Yoast SEO plugin. -->","yoast_head_json":{"title":"Deckmate DM444 DM446 DM454 DM456 Ro\u010daji - Dulon Marine","robots":{"index":"index","follow":"follow","max-snippet":"max-snippet:-1","max-image-preview":"max-image-preview:large","max-video-preview":"max-video-preview:-1"},"canonical":"https:\/\/dulonmarine.com\/sl\/winkel\/deckmate\/teleskopski-in-fiksni-rocaji\/vzorcni-izdelek\/rocaji-deckmate\/","og_locale":"sl_SI","og_type":"article","og_title":"Deckmate DM444 DM446 DM454 DM456 Handles - Dulon Marine","og_description":"Deckmate handles can withstand corrosion caused by moisture and seawater. It is recommended, however, that you rinse the handle with plenty of fresh water after use in salt water.  Product range:   DM444 Handle Fixed \u2013 120cm \/ 47inch     DM446 Handle Fixed \u2013 150cm \/ 59inch  DM454 Handle Telescopic Short \u2013 107-181cm \/ 42-47inch  DM456 Handle Telescopic Long \u2013 156-278cm \/ 61-109inch","og_url":"https:\/\/dulonmarine.com\/sl\/winkel\/deckmate\/teleskopski-in-fiksni-rocaji\/vzorcni-izdelek\/rocaji-deckmate\/","og_site_name":"Dulon Marine","article_publisher":"https:\/\/www.facebook.com\/dulonmarine?locale=nl_NL","article_modified_time":"2025-10-22T15:34:08+00:00","og_image":[{"width":1200,"height":1200,"url":"https:\/\/dulonmarine.com\/wp-content\/uploads\/2024\/10\/01.-444-454-456-Deckmate-Handles-Full-shot-View-from-above.webp","type":"image\/webp"}],"twitter_card":"summary_large_image","twitter_misc":{"Est. reading time":"1 minuta"},"schema":{"@context":"https:\/\/schema.org","@graph":[{"@type":"WebPage","@id":"https:\/\/dulonmarine.com\/winkel\/deckmate\/telescopic-and-fixed-handles\/sample-product\/deckmate-handles\/","url":"https:\/\/dulonmarine.com\/winkel\/deckmate\/telescopic-and-fixed-handles\/sample-product\/deckmate-handles\/","name":"Deckmate DM444 DM446 DM454 DM456 Ro\u010daji - Dulon Marine","isPartOf":{"@id":"https:\/\/dulonmarine.com\/pt\/#website"},"primaryImageOfPage":{"@id":"https:\/\/dulonmarine.com\/winkel\/deckmate\/telescopic-and-fixed-handles\/sample-product\/deckmate-handles\/#primaryimage"},"image":{"@id":"https:\/\/dulonmarine.com\/winkel\/deckmate\/telescopic-and-fixed-handles\/sample-product\/deckmate-handles\/#primaryimage"},"thumbnailUrl":"https:\/\/dulonmarine.com\/wp-content\/uploads\/2024\/10\/01.-444-454-456-Deckmate-Handles-Full-shot-View-from-above.webp","datePublished":"2024-10-10T10:10:13+00:00","dateModified":"2025-10-22T15:34:08+00:00","breadcrumb":{"@id":"https:\/\/dulonmarine.com\/winkel\/deckmate\/telescopic-and-fixed-handles\/sample-product\/deckmate-handles\/#breadcrumb"},"inLanguage":"sl-SI","potentialAction":[{"@type":"ReadAction","target":["https:\/\/dulonmarine.com\/winkel\/deckmate\/telescopic-and-fixed-handles\/sample-product\/deckmate-handles\/"]}]},{"@type":"ImageObject","inLanguage":"sl-SI","@id":"https:\/\/dulonmarine.com\/winkel\/deckmate\/telescopic-and-fixed-handles\/sample-product\/deckmate-handles\/#primaryimage","url":"https:\/\/dulonmarine.com\/wp-content\/uploads\/2024\/10\/01.-444-454-456-Deckmate-Handles-Full-shot-View-from-above.webp","contentUrl":"https:\/\/dulonmarine.com\/wp-content\/uploads\/2024\/10\/01.-444-454-456-Deckmate-Handles-Full-shot-View-from-above.webp","width":1200,"height":1200},{"@type":"BreadcrumbList","@id":"https:\/\/dulonmarine.com\/winkel\/deckmate\/telescopic-and-fixed-handles\/sample-product\/deckmate-handles\/#breadcrumb","itemListElement":[{"@type":"ListItem","position":1,"name":"Home","item":"https:\/\/dulonmarine.com\/"},{"@type":"ListItem","position":2,"name":"Winkel","item":"https:\/\/dulonmarine.com\/pt\/piacaba\/"},{"@type":"ListItem","position":3,"name":"Deckmate DM444 DM446 DM454 DM456 Handles"}]},{"@type":"WebSite","@id":"https:\/\/dulonmarine.com\/pt\/#website","url":"https:\/\/dulonmarine.com\/pt\/","name":"Dulon Marine","description":"Onderhoudsproducten voor de scheepvaart","publisher":{"@id":"https:\/\/dulonmarine.com\/pt\/#organization"},"potentialAction":[{"@type":"SearchAction","target":{"@type":"EntryPoint","urlTemplate":"https:\/\/dulonmarine.com\/pt\/?s={search_term_string}"},"query-input":{"@type":"PropertyValueSpecification","valueRequired":true,"valueName":"search_term_string"}}],"inLanguage":"sl-SI"},{"@type":"Organization","@id":"https:\/\/dulonmarine.com\/pt\/#organization","name":"Dulon Marine Skupina Deckmate","url":"https:\/\/dulonmarine.com\/pt\/","logo":{"@type":"ImageObject","inLanguage":"sl-SI","@id":"https:\/\/dulonmarine.com\/pt\/#\/schema\/logo\/image\/","url":"http:\/\/dulonmarine.com\/wp-content\/uploads\/2023\/02\/Dulon-Marine-Deckmate-Group-logo-small.png","contentUrl":"http:\/\/dulonmarine.com\/wp-content\/uploads\/2023\/02\/Dulon-Marine-Deckmate-Group-logo-small.png","width":350,"height":150,"caption":"Dulon Marine Deckmate Group"},"image":{"@id":"https:\/\/dulonmarine.com\/pt\/#\/schema\/logo\/image\/"},"sameAs":["https:\/\/www.facebook.com\/dulonmarine?locale=nl_NL","https:\/\/www.instagram.com\/dulonmarinegroup\/"]}]}},"_links":{"self":[{"href":"https:\/\/dulonmarine.com\/sl\/wp-json\/wp\/v2\/product\/9179","targetHints":{"allow":["GET"]}}],"collection":[{"href":"https:\/\/dulonmarine.com\/sl\/wp-json\/wp\/v2\/product"}],"about":[{"href":"https:\/\/dulonmarine.com\/sl\/wp-json\/wp\/v2\/types\/product"}],"wp:featuredmedia":[{"embeddable":true,"href":"https:\/\/dulonmarine.com\/sl\/wp-json\/wp\/v2\/media\/9905"}],"wp:attachment":[{"href":"https:\/\/dulonmarine.com\/sl\/wp-json\/wp\/v2\/media?parent=9179"}],"wp:term":[{"taxonomy":"product_brand","embeddable":true,"href":"https:\/\/dulonmarine.com\/sl\/wp-json\/wp\/v2\/product_brand?post=9179"},{"taxonomy":"product_cat","embeddable":true,"href":"https:\/\/dulonmarine.com\/sl\/wp-json\/wp\/v2\/product_cat?post=9179"},{"taxonomy":"product_tag","embeddable":true,"href":"https:\/\/dulonmarine.com\/sl\/wp-json\/wp\/v2\/product_tag?post=9179"}],"curies":[{"name":"wp","href":"https:\/\/api.w.org\/{rel}","templated":true}]}}