{"id":9912,"date":"2025-11-12T11:09:29","date_gmt":"2025-11-12T10:09:29","guid":{"rendered":"https:\/\/dulonmarine.com\/?page_id=9912"},"modified":"2025-11-12T11:09:29","modified_gmt":"2025-11-12T10:09:29","slug":"underhallsguide","status":"publish","type":"page","link":"https:\/\/dulonmarine.com\/sv\/maintenance-guide\/","title":{"rendered":"Underh\u00e5llsguide"},"content":{"rendered":"<div id=\"cs-content\" class=\"cs-content\"><div class=\"x-section e9912-e1 m7nc-0\"><div class=\"x-row x-container max width e9912-e2 m7nc-1 m7nc-2 m7nc-4\"><div class=\"x-row-inner\"><div class=\"x-col e9912-e3 m7nc-b m7nc-c\"><h1  class=\"h-custom-headline h2\" style=\"margin-top:0px;\"><span>UNDERH\u00c5LLSGUIDE<\/span><\/h1><div id=\"\" class=\"x-text\" style=\"\" ><p>Med produkterna fr\u00e5n Dulon Marine, Deckmate och Captain Green kan du vara s\u00e4ker p\u00e5 att f\u00e5 b\u00e4sta kvalitet f\u00f6r att g\u00f6ra din b\u00e5t snygg och h\u00e5lla den i toppskick.<\/p>\n<p>Baserat p\u00e5 v\u00e5r underh\u00e5llsprincip \u2013 reng\u00f6r, \u00e5terst\u00e4ll, skydda \u2013 har vi sammanst\u00e4llt f\u00f6ljande stegvisa underh\u00e5llsplan f\u00f6r dig.<\/p>\n<\/div><h1  class=\"h-custom-headline h3\" style=\"margin-top:0px;\"><span>SKROV<\/span><\/h1><div id=\"\" class=\"x-text\" style=\"\" ><p>F\u00f6r att h\u00e5lla skrovet i optimalt skick under hela seglingss\u00e4songen \u00e4r det viktigt att reng\u00f6ra, renovera och skydda det noggrant 1 till 2 g\u00e5nger om \u00e5ret, f\u00f6ljt av regelbunden tv\u00e4tt.<\/p>\n<\/div><\/div><\/div><\/div><div class=\"x-row e9912-e8 m7nc-1 m7nc-3 m7nc-5 m7nc-6\"><div class=\"x-row-inner\"><div class=\"x-col e9912-e9 m7nc-b m7nc-c m7nc-d m7nc-e\"><div class=\"x-bg\" aria-hidden=\"true\"><div class=\"x-bg-layer-lower-image\"><\/div><\/div><\/div><div class=\"x-col e9912-e10 m7nc-b m7nc-f\"><h1  class=\"h-custom-headline h3\" style=\"margin-top:0px; margin-bottom:30px;\"><span>F\u00f6r b\u00e4sta resultat b\u00f6r f\u00f6ljande steg f\u00f6ljas:<\/span><\/h1><div class=\"x-text x-text-headline e9912-e12 m7nc-k m7nc-l\"><div class=\"x-text-content\"><div class=\"x-text-content-text\"><h3 class=\"x-text-content-text-primary\">STEG 1:<\/h3>\n<\/div><\/div><\/div><h1  class=\"h-custom-headline h3\" style=\"color: #000000;margin-top:0px; font-weight: 100 !important;\"><span>Reng\u00f6ring<\/span><\/h1><div id=\"\" class=\"x-text\" style=\"\" ><p>B\u00f6rja med att reng\u00f6ra skrovet noggrant f\u00f6r att ta bort smuts, alger, gamla vaxlager och andra f\u00f6roreningar. Anv\u00e4nd f\u00f6ljande produkter:<\/p>\n<\/div><h1  class=\"h-custom-headline link h5\" style=\"color: #000000;margin-top:0px; font-weight: 100 !important; text-decoration: underline 2px;\"><span><a href=\"https:\/\/dulonmarine.com\/sv\/winkel\/dulon\/allman\/produktprov\/skrovets-vattenlinje-ren-22-avlagsnar-brunaktiga-gula-avlagringar\/\">DULON SKROV &amp; VATTENLINJE RENG\u00d6RING 22<\/a><\/span><\/h1><div id=\"\" class=\"x-text\" style=\"\" ><p>Ett kraftfullt reng\u00f6ringsmedel f\u00f6r att ta bort gula vattenr\u00e4nder och kalkavlagringar.<\/p>\n<p><b>Instruktioner:<\/b><\/p>\n<ol style=\"margin-top:-20px;\">\n<li>Applicera DULON HULL &amp; WATERLINE CLEAN 22 med en Deckmate Brush Soft och sprid ut det tunt \u00f6ver ytan.<\/li>\n<li>L\u00e5t det st\u00e5 i cirka 10 minuter (undvik att det torkar ut).<\/li>\n<li>Sk\u00f6lj av med rent vatten.<\/li>\n<\/ol>\n<\/div><h1  class=\"h-custom-headline link h5\" style=\"color: hsl(0, 0%, 0%);margin-top:0px; font-weight: 100 !important; text-decoration: underline 2px;\"><span><a href=\"https:\/\/dulonmarine.com\/sv\/winkel\/dulon\/allman\/produktprov\/predulon-00-kraftfull-djuprengoring-att-anvanda-fore-polering\/\">PREDULON 00<\/a><\/span><\/h1><div id=\"\" class=\"x-text\" style=\"\" ><p>En kraftfull djupreng\u00f6rare som avl\u00e4gsnar ytliga f\u00f6roreningar, fett, olja och gamla lager av vax och silikon.<\/p>\n<p><b>Instruktioner:<\/b><\/p>\n<ol style=\"margin-top:-20px;\">\n<li>Tills\u00e4tt 250 ml PREDULON 00 i en hink med varmt vatten.<\/li>\n<li>Reng\u00f6r ytan med en Deckmate Washmitt eller Deckmate Brush Soft.<\/li>\n<li>L\u00e5t PREDULON 00 verka i cirka 30 sekunder.<\/li>\n<li>Sk\u00f6lj av med rent vatten.<\/li>\n<\/ol>\n<\/div><\/div><\/div><\/div><div class=\"x-row e9912-e19 m7nc-1 m7nc-3 m7nc-5 m7nc-7\"><div class=\"x-row-inner\"><div class=\"x-col e9912-e20 m7nc-b m7nc-c m7nc-e m7nc-g\"><div class=\"x-bg\" aria-hidden=\"true\"><div class=\"x-bg-layer-lower-image\"><\/div><\/div><\/div><div class=\"x-col e9912-e21 m7nc-b m7nc-f\"><div class=\"x-text x-text-headline e9912-e22 m7nc-k m7nc-m\"><div class=\"x-text-content\"><div class=\"x-text-content-text\"><h3 class=\"x-text-content-text-primary\">STEG 2:<\/h3>\n<\/div><\/div><\/div><h1  class=\"h-custom-headline h3\" style=\"margin-top:0px; font-weight: 100 !important;\"><span>\u00c5TERST\u00c4LLA<\/span><\/h1><div id=\"\" class=\"x-text\" style=\"\" ><p>Ta bort sm\u00e5 repor och matt fl\u00e4ckar s\u00e5 att skrovet \u00e5terf\u00e5r sin h\u00f6ga glans. Anv\u00e4nd f\u00f6ljande produkt:<\/p>\n<\/div><h1  class=\"h-custom-headline link h5\" style=\"margin-top:0px; font-weight: 100 !important; text-decoration: underline 2px;\"><span><a href=\"https:\/\/dulonmarine.com\/sv\/winkel\/dulon\/polish-vax\/produktprov\/dulon-poly-polish-rubbing-compound\/\">DULON POLY POLISH RUBBING COMPOUND STRONG 14<\/a><\/span><\/h1><div id=\"\" class=\"x-text\" style=\"\" ><p>En professionell polermedel som \u00e5terst\u00e4ller v\u00e4derbitna, oxiderade och missf\u00e4rgade ytor samtidigt som den tar bort repor, envisa fl\u00e4ckar och r\u00e4nder.<\/p>\n<p><b>Instruktioner <u>manual<\/u> polering:<\/b><\/p>\n<ol style=\"margin-top:-20px;\">\n<li>Applicera DULON POLY POLISH med en fuktig Deckmate Polish Pad i cirkul\u00e4ra r\u00f6relser tills \u00f6nskat resultat uppn\u00e5s.<\/li>\n<li>Ta bort eventuella poleringsrester med Deckmate Multi Towel | Coral Fleece.<\/li>\n<\/ol>\n<\/div><div id=\"\" class=\"x-text\" style=\"\" ><p><b>Instruktioner <u>maskin<\/u> polering (roterande maskin + h\u00e5rd polerskiva):<\/b><\/p>\n<ol style=\"margin-top:-20px;\">\n<li>Fukta polerskivan l\u00e4tt och applicera en liten m\u00e4ngd DULON POLY POLISH p\u00e5 skivan.<\/li>\n<li>Sprid DULON POLY POLISH tunt \u00f6ver ytan.<\/li>\n<li>Polera ytan med l\u00e5g hastighet i j\u00e4mna, kontrollerade r\u00f6relser \u2013 b\u00e5de horisontellt och vertikalt.<\/li>\n<li>\u00d6ka hastigheten gradvis under poleringsprocessen tills \u00f6nskat resultat uppn\u00e5s.<\/li>\n<li>Ta bort eventuella poleringsrester med Deckmate Multi Towel | Coral Fleece.<\/li>\n<\/ol>\n<\/div><\/div><\/div><\/div><div class=\"x-row e9912-e28 m7nc-1 m7nc-3 m7nc-5 m7nc-8\"><div class=\"x-row-inner\"><div class=\"x-col e9912-e29 m7nc-b m7nc-c m7nc-e m7nc-h\"><div class=\"x-bg\" aria-hidden=\"true\"><div class=\"x-bg-layer-lower-image\"><\/div><\/div><\/div><div class=\"x-col e9912-e30 m7nc-b m7nc-f\"><div class=\"x-text x-text-headline e9912-e31 m7nc-k m7nc-m\"><div class=\"x-text-content\"><div class=\"x-text-content-text\"><h3 class=\"x-text-content-text-primary\">STEG 3:<\/h3>\n<\/div><\/div><\/div><h1  class=\"h-custom-headline h3\" style=\"margin-top:0px; font-weight: 100 !important;\"><span>SKYDDANDE<\/span><\/h1><div id=\"\" class=\"x-text\" style=\"\" ><p>Det \u00e4r viktigt att skydda skrovet ordentligt mot UV-str\u00e5lning och kalkavlagringar. Anv\u00e4nd f\u00f6ljande produkt:<\/p>\n<\/div><h1  class=\"h-custom-headline link h5\" style=\"margin-top:0px; font-weight: 100 !important; text-decoration: underline 2px;\"><span><a href=\"https:\/\/dulonmarine.com\/sv\/winkel\/dulon\/polish-vax\/produktprov\/dulon-1-2-komponent\/\">DULON 1&amp;2<\/a><\/span><\/h1><div id=\"\" class=\"x-text\" style=\"\" ><p>Ett revolutionerande 2-komponents polerings- och vaxningssystem som skapar ett unikt, ogenomtr\u00e4ngligt molekyl\u00e4rt skydd p\u00e5 h\u00e5rda material som gelcoat, lackerat st\u00e5l, tr\u00e4 och rostfritt st\u00e5l. DULON 1&amp;2 ger bland annat ett l\u00e5ngvarigt h\u00f6gblankt skydd mot UV-str\u00e5lning.\n<\/p>\n<p><b>Instruktioner <u>manual<\/u> polering:<\/b><\/p>\n<ol style=\"margin-top:-20px;\">\n<li>Applicera DULON 1 med en fuktig Deckmate Polish Pad i cirkul\u00e4ra r\u00f6relser tills en l\u00e4tt dimma uppst\u00e5r.<\/li>\n<li>TORKA INTE BORT!<\/li>\n<li>Applicera DULON 2 p\u00e5 samma s\u00e4tt tills en l\u00e4tt<br \/>\ndimma uppst\u00e5r.<\/li>\n<li>L\u00e5t torka tills ett pulveraktigt skikt bildas och polera bort med Deckmate Multi Towel | Coral Fleece.<\/li>\n<\/ol>\n<\/div><div id=\"\" class=\"x-text\" style=\"\" ><p><b>Instruktioner <u>maskin<\/u> polering<br \/>(roterande + medium, mjuk polerskiva och f\u00e5rskinn):<\/b><\/p>\n<ol style=\"margin-top:-20px;\">\n<li>Fukta den medelstora polerskivan l\u00e4tt och applicera en liten m\u00e4ngd DULON 1 p\u00e5 skivan.<\/li>\n<li>Sprid ut DULON 1 tunt \u00f6ver ytan.<\/li>\n<li>Polera ytan med medelh\u00f6g hastighet tills en l\u00e4tt vit dimma uppst\u00e5r.<\/li>\n<li>Torka INTE bort dimman!<\/li>\n<li>Fukta den mjuka polerskivan l\u00e4tt och applicera en liten m\u00e4ngd DULON 2 p\u00e5 skivan.<\/li>\n<\/li>\n<li>Sprid ut DULON 2 tunt \u00f6ver ytan.<\/li>\n<li>Polera ytan med medelh\u00f6g hastighet tills en l\u00e4tt vit dimma uppst\u00e5r.<\/li>\n<li>L\u00e5t torka till ett pulverformigt skikt.<\/li>\n<li>Polera med f\u00e5rskinn i h\u00f6g hastighet.<\/li>\n<\/ol>\n<\/div><\/div><\/div><\/div><div class=\"x-row e9912-e37 m7nc-1 m7nc-3 m7nc-5 m7nc-9\"><div class=\"x-row-inner\"><div class=\"x-col e9912-e38 m7nc-b m7nc-c m7nc-e m7nc-i\"><div class=\"x-bg\" aria-hidden=\"true\"><div class=\"x-bg-layer-lower-image\"><\/div><\/div><\/div><div class=\"x-col e9912-e39 m7nc-b m7nc-f\"><div class=\"x-text x-text-headline e9912-e40 m7nc-k m7nc-m\"><div class=\"x-text-content\"><div class=\"x-text-content-text\"><h3 class=\"x-text-content-text-primary\">STEG 4:<\/h3>\n<\/div><\/div><\/div><h1  class=\"h-custom-headline h3\" style=\"margin-top:0px; font-weight: 100 !important;\"><span>PERIODISKT UNDERH\u00c5LL<\/span><\/h1><div id=\"\" class=\"x-text\" style=\"\" ><p>F\u00f6r att h\u00e5lla skrovet rent och snyggt under hela seglingss\u00e4songen b\u00f6r det tv\u00e4ttas regelbundet. Anv\u00e4nd f\u00f6ljande produkt:<\/p>\n<\/div><h1  class=\"h-custom-headline link h5\" style=\"margin-top:0px; font-weight: 100 !important; text-decoration: underline 2px;\"><span><a href=\"https:\/\/dulonmarine.com\/sv\/winkel\/dulon\/allman\/produktprov\/premiumschampo-03-tvattvax\/\">DULON PREMIUM SHAMPOO 03 \u2013 TV\u00c4TTA &amp; VAXA<\/a><\/span><\/h1><div id=\"\" class=\"x-text\" style=\"\" ><p>Ett h\u00f6gkoncentrerat b\u00e5tschampo av h\u00f6gsta kvalitet med specialutvecklade tillsatser som h\u00e5ller DULON 1&amp;2-skyddssystemet i optimalt skick. Det reng\u00f6r grundligt, ger en h\u00f6gblank yta och har en sj\u00e4lvtorkande effekt. Det \u00e5terst\u00e4ller \u00e4ven eventuella molekyl\u00e4ra skador p\u00e5 DULON 1&amp;2-systemet.<\/p>\n<p><b>Instruktioner:<\/b><\/p>\n<ol style=\"margin-top:-20px;\">\n<li>Tills\u00e4tt 25 ml DULON PREMIUM SHAMPOO WASH &amp; WAX 03 i en hink med varmt vatten.<\/li>\n<\/li>\n<li>Tv\u00e4tta ytan med en Deckmate Washmitt eller Deckmate Brush Soft.<\/li>\n<li>Sk\u00f6lj av med rent vatten.<\/li>\n<\/ol>\n<p>Genom att f\u00f6lja dessa steg kan du se till att din b\u00e5t h\u00e5lls i toppskick, s\u00e5 att du kan njuta fullt ut av dina seglingsturer.<\/p>\n<\/div><\/div><\/div><\/div><div class=\"x-row e9912-e45 m7nc-1 m7nc-3 m7nc-5 m7nc-a\"><div class=\"x-row-inner\"><div class=\"x-col e9912-e46 m7nc-b m7nc-c m7nc-e m7nc-j\"><div class=\"x-bg\" aria-hidden=\"true\"><div class=\"x-bg-layer-lower-image\"><\/div><\/div><\/div><div class=\"x-col e9912-e47 m7nc-b m7nc-f\"><h1  class=\"h-custom-headline h3\" style=\"margin-top:0px; font-weight: 100 !important;\"><span>VANLIGASTE UNDERH\u00c5LLS\u00c5TG\u00c4RDER<\/span><\/h1><h1  class=\"h-custom-headline h5\" style=\"margin-top:20px; font-weight: 100 !important;\"><span>SVARTA STRIMOR<\/span><\/h1><div id=\"\" class=\"x-text\" style=\"margin-top:-10px;\" ><p>Ett av de vanligaste problemen ombord \u00e4r s\u00e5 kallade svarta r\u00e4nder eller avlagringar, som ofta f\u00f6rekommer i f\u00f6nsterh\u00f6rn eller vid vattenuttag. Dessa m\u00e4rken orsakas av luftf\u00f6roreningar som fastnar under regn och l\u00e4mnar fula svarta r\u00e4nder och fl\u00e4ckar. F\u00f6r att effektivt ta bort dessa f\u00f6roreningar, anv\u00e4nd:<\/p>\n<\/div><h1  class=\"h-custom-headline link h5\" style=\"margin-top:-20px; font-weight: 100 !important; text-decoration: underline 2px;\"><span><a href=\"https:\/\/dulonmarine.com\/sv\/winkel\/dulon\/allman\/produktprov\/dulon-black-streak-remover-26-avlagsnar-svarta-atmosfariska-avlagringar\/\">DULON SVART STRIMORBORST 26<\/a><\/span><\/h1><h1  class=\"h-custom-headline h5\" style=\"margin-top:20px; font-weight: 100 !important;\"><span>GLAS- ELLER PLASTSPEGLAR<\/span><\/h1><div id=\"\" class=\"x-text\" style=\"margin-top:-10px;\" ><p>Glas- eller plastf\u00f6nstren ombord kan bli smutsiga p\u00e5 grund av regn, vattenst\u00e4nk och andra faktorer. F\u00f6r snabb och enkel reng\u00f6ring rekommenderar vi f\u00f6ljande:<\/p>\n<\/div><h1  class=\"h-custom-headline link h5\" style=\"margin-top:-20px; font-weight: 100 !important; text-decoration: underline 2px;\"><span><a href=\"https:\/\/dulonmarine.com\/sv\/winkel\/glas\/produktprov\/dulon-glass-clean-50-professionell-formula\/\">DULON GLASRENG\u00d6RING 50<\/a><\/span><\/h1><h1  class=\"h-custom-headline h5\" style=\"margin-top:20px; font-weight: 100 !important;\"><span>TEAK \u2013 NATURLIGT ELLER SYNTETISKT<\/span><\/h1><div id=\"\" class=\"x-text\" style=\"margin-top:-10px;\" ><p>B\u00e5de naturligt och syntetiskt teak \u00e4r vanliga material p\u00e5 b\u00e5tar. Genom att reng\u00f6ra, restaurera och skydda teaken p\u00e5 r\u00e4tt s\u00e4tt kan du se till att d\u00e4cket blir fl\u00e4ckfritt. Anv\u00e4nd f\u00f6ljande produkter f\u00f6r b\u00e4sta resultat:<\/p>\n<\/div><h1  class=\"h-custom-headline link h5\" style=\"margin-top:-20px; font-weight: 100 !important; text-decoration: underline 2px;\"><span><a href=\"https:\/\/dulonmarine.com\/sv\/winkel\/teak\/produktprov\/dulon-teak-avfettningsmedel-41-djuprengorande-avfettningsmedel\/\">DULON TEAK AVFETTARE 41<\/a><\/span><\/h1><h1  class=\"h-custom-headline link h5\" style=\"margin-top:-10px; font-weight: 100 !important; text-decoration: underline 2px;\"><span><a href=\"https:\/\/dulonmarine.com\/sv\/winkel\/teak\/produktprov\/dulon-teak-rengoringsmedel-21-fargaterstallande-rengoringsmedel\/\">DULON TEAK RENG\u00d6RING &amp; LJUSNING 42<\/a><\/span><\/h1><h1  class=\"h-custom-headline link h5\" style=\"margin-top:-10px; font-weight: 100 !important; text-decoration: underline 2px;\"><span><a href=\"https:\/\/dulonmarine.com\/sv\/winkel\/teak\/produktprov\/dulon-teak-protector-43-impregnator-uv-blocker\/\">DULON TEAKSKYDD 43<\/a><\/span><\/h1><h1  class=\"h-custom-headline link h5\" style=\"margin-top:-10px; font-weight: 100 !important; text-decoration: underline 2px;\"><span><a href=\"https:\/\/dulonmarine.com\/sv\/winkel\/teak\/produktprov\/dulon-syntetisk-teakrengorare-46-for-all-syntetisk-teak\/\">DULON SYNTETISK TEAKRENG\u00d6RINGSMEDEL 46<\/a><\/span><\/h1><h1  class=\"h-custom-headline h5\" style=\"margin-top:20px; font-weight: 100 !important;\"><span>ROSTFRITT ST\u00c5L<\/span><\/h1><div id=\"\" class=\"x-text\" style=\"margin-top:-10px;\" ><p>Pollare, r\u00e4cken, vattenuttag och andra beslag \u00e4r ofta tillverkade av rostfritt st\u00e5l, antingen polerat eller f\u00f6rkromat. F\u00f6r att h\u00e5lla ditt rostfria st\u00e5l i perfekt skick, anv\u00e4nd:<\/p>\n<\/div><h1  class=\"h-custom-headline link h5\" style=\"margin-top:-20px; font-weight: 100 !important; text-decoration: underline 2px;\"><span><a href=\"https:\/\/dulonmarine.com\/sv\/winkel\/metall\/produktprov\/dulon-polish-for-rostfritt-stal-60-clean-shine-protect\/\">DULON ROSTFRITT ST\u00c5LPOLERINGSMEDEL 60<\/a><\/span><\/h1><h1  class=\"h-custom-headline h5\" style=\"margin-top:20px; font-weight: 100 !important;\"><span>YTBETONAD FLASHROST<\/span><\/h1><div id=\"\" class=\"x-text\" style=\"margin-top:-10px;\" ><p>\u00c4ven om rostfritt st\u00e5l och andra rostbest\u00e4ndiga material anv\u00e4nds ombord kan ytliga rostfl\u00e4ckar fortfarande uppst\u00e5, s\u00e4rskilt i marinor och hamnar. Dessa fl\u00e4ckar orsakas vanligtvis av sm\u00e5 metallpartiklar som flyter i luften och l\u00e4gger sig under regn. F\u00f6r att effektivt ta bort dessa ytliga rostfl\u00e4ckar, anv\u00e4nd:<\/p>\n<\/div><h1  class=\"h-custom-headline link h5\" style=\"margin-top:-20px; font-weight: 100 !important; text-decoration: underline 2px;\"><span><a href=\"https:\/\/dulonmarine.com\/sv\/winkel\/metall\/produktprov\/dulon-rostborttagare-64-tar-bort-flashrost\/\">\nDULON ROSTBORTAGNINGSMEDEL 64<\/a><\/span><\/h1><div id=\"\" class=\"x-text\" style=\"margin-top:0px;\" ><p>Denna metod hj\u00e4lper dig att bevara det ursprungliga utseendet p\u00e5 dina rostfria ytor.<\/p>\n<\/div><h1  class=\"h-custom-headline h5\" style=\"margin-top:20px; font-weight: 100 !important;\"><span>FENDERS, JOLLAR, PVC-S\u00c4TEN OCH SPRAYHOODS<\/span><\/h1><div id=\"\" class=\"x-text\" style=\"margin-top:-10px;\" ><p>PVC (polyvinylklorid) \u00e4r ett material som ofta anv\u00e4nds p\u00e5 b\u00e5tar f\u00f6r fendrar, s\u00e4ten, kuddar och sprayhoods. F\u00f6r att reng\u00f6ra dina PVC-artiklar effektivt och enkelt, anv\u00e4nd:<\/p>\n<\/div><h1  class=\"h-custom-headline link h5\" style=\"margin-top:-20px; font-weight: 100 !important; text-decoration: underline 2px;\"><span><a href=\"https:\/\/dulonmarine.com\/sv\/winkel\/syntetisk\/produktprov\/dulon-rib-fender-clean-70-rengoringsmedel-fargaterstallare\/\">DULON RIB &amp; FENDER CLEAN 70<\/a><\/span><\/h1><\/div><\/div><\/div><\/div><\/div>","protected":false},"excerpt":{"rendered":"<p>Underh\u00e5llsguideMed produkterna fr\u00e5n Dulon Marine, Deckmate och Captain Green kan du vara s\u00e4ker p\u00e5 att f\u00e5 den b\u00e4sta kvaliteten f\u00f6r att f\u00e5 ditt fartyg att se fantastiskt ut och h\u00e5lla det i toppskick. Baserat p\u00e5 v\u00e5r underh\u00e5llsprincip - reng\u00f6ra, \u00e5terst\u00e4lla, skydda - har vi sammanst\u00e4llt f\u00f6ljande stegvisa underh\u00e5llsplan f\u00f6r dig. SKROVF\u00f6r att h\u00e5lla skrovet i optimalt skick under hela ... <a href=\"https:\/\/dulonmarine.com\/sv\/maintenance-guide\/\" class=\"more-link\">Read More<\/a><\/p>","protected":false},"author":11,"featured_media":0,"parent":0,"menu_order":0,"comment_status":"closed","ping_status":"closed","template":"template-blank-4.php","meta":{"_acf_changed":false,"om_disable_all_campaigns":false,"rs_blank_template":"","rs_page_bg_color":"","slide_template_v7":"","inline_featured_image":false,"_monsterinsights_skip_tracking":false,"_monsterinsights_sitenote_active":false,"_monsterinsights_sitenote_note":"","_monsterinsights_sitenote_category":0,"footnotes":""},"class_list":["post-9912","page","type-page","status-publish","hentry","no-post-thumbnail"],"acf":[],"yoast_head":"<!-- This site is optimized with the Yoast SEO plugin v27.6 - https:\/\/yoast.com\/product\/yoast-seo-wordpress\/ -->\n<title>Maintenance Guide - Dulon Marine Deckmate Group<\/title>\n<meta name=\"description\" content=\"Based on our maintenance principle \u2013 clean, restore, protect \u2013 we have compiled the following maintenance step plan for you.\" \/>\n<meta name=\"robots\" content=\"index, follow, max-snippet:-1, max-image-preview:large, max-video-preview:-1\" \/>\n<link rel=\"canonical\" href=\"https:\/\/dulonmarine.com\/sv\/underhallsguide\/\" \/>\n<meta property=\"og:locale\" content=\"sv_SE\" \/>\n<meta property=\"og:type\" content=\"article\" \/>\n<meta property=\"og:title\" content=\"Maintenance Guide - Dulon Marine Deckmate Group\" \/>\n<meta property=\"og:description\" content=\"Based on our maintenance principle \u2013 clean, restore, protect \u2013 we have compiled the following maintenance step plan for you.\" \/>\n<meta property=\"og:url\" content=\"https:\/\/dulonmarine.com\/sv\/underhallsguide\/\" \/>\n<meta property=\"og:site_name\" content=\"Dulon Marine\" \/>\n<meta property=\"article:publisher\" content=\"https:\/\/www.facebook.com\/dulonmarine?locale=nl_NL\" \/>\n<meta name=\"twitter:card\" content=\"summary_large_image\" \/>\n<meta name=\"twitter:label1\" content=\"Ber\u00e4knad l\u00e4stid\" \/>\n\t<meta name=\"twitter:data1\" content=\"6 minuter\" \/>\n<script type=\"application\/ld+json\" class=\"yoast-schema-graph\">{\"@context\":\"https:\\\/\\\/schema.org\",\"@graph\":[{\"@type\":\"WebPage\",\"@id\":\"https:\\\/\\\/dulonmarine.com\\\/maintenance-guide\\\/\",\"url\":\"https:\\\/\\\/dulonmarine.com\\\/maintenance-guide\\\/\",\"name\":\"Maintenance Guide - Dulon Marine Deckmate Group\",\"isPartOf\":{\"@id\":\"https:\\\/\\\/dulonmarine.com\\\/pt\\\/#website\"},\"datePublished\":\"2025-11-12T10:09:29+00:00\",\"description\":\"Based on our maintenance principle \u2013 clean, restore, protect \u2013 we have compiled the following maintenance step plan for you.\",\"breadcrumb\":{\"@id\":\"https:\\\/\\\/dulonmarine.com\\\/maintenance-guide\\\/#breadcrumb\"},\"inLanguage\":\"sv-SE\",\"potentialAction\":[{\"@type\":\"ReadAction\",\"target\":[\"https:\\\/\\\/dulonmarine.com\\\/maintenance-guide\\\/\"]}]},{\"@type\":\"BreadcrumbList\",\"@id\":\"https:\\\/\\\/dulonmarine.com\\\/maintenance-guide\\\/#breadcrumb\",\"itemListElement\":[{\"@type\":\"ListItem\",\"position\":1,\"name\":\"Home\",\"item\":\"https:\\\/\\\/dulonmarine.com\\\/\"},{\"@type\":\"ListItem\",\"position\":2,\"name\":\"Maintenance Guide\"}]},{\"@type\":\"WebSite\",\"@id\":\"https:\\\/\\\/dulonmarine.com\\\/pt\\\/#website\",\"url\":\"https:\\\/\\\/dulonmarine.com\\\/pt\\\/\",\"name\":\"Dulon Marine\",\"description\":\"Onderhoudsproducten voor de scheepvaart\",\"publisher\":{\"@id\":\"https:\\\/\\\/dulonmarine.com\\\/pt\\\/#organization\"},\"potentialAction\":[{\"@type\":\"SearchAction\",\"target\":{\"@type\":\"EntryPoint\",\"urlTemplate\":\"https:\\\/\\\/dulonmarine.com\\\/pt\\\/?s={search_term_string}\"},\"query-input\":{\"@type\":\"PropertyValueSpecification\",\"valueRequired\":true,\"valueName\":\"search_term_string\"}}],\"inLanguage\":\"sv-SE\"},{\"@type\":\"Organization\",\"@id\":\"https:\\\/\\\/dulonmarine.com\\\/pt\\\/#organization\",\"name\":\"Dulon Marine Deckmate Group\",\"url\":\"https:\\\/\\\/dulonmarine.com\\\/pt\\\/\",\"logo\":{\"@type\":\"ImageObject\",\"inLanguage\":\"sv-SE\",\"@id\":\"https:\\\/\\\/dulonmarine.com\\\/pt\\\/#\\\/schema\\\/logo\\\/image\\\/\",\"url\":\"http:\\\/\\\/dulonmarine.com\\\/wp-content\\\/uploads\\\/2023\\\/02\\\/Dulon-Marine-Deckmate-Group-logo-small.png\",\"contentUrl\":\"http:\\\/\\\/dulonmarine.com\\\/wp-content\\\/uploads\\\/2023\\\/02\\\/Dulon-Marine-Deckmate-Group-logo-small.png\",\"width\":350,\"height\":150,\"caption\":\"Dulon Marine Deckmate Group\"},\"image\":{\"@id\":\"https:\\\/\\\/dulonmarine.com\\\/pt\\\/#\\\/schema\\\/logo\\\/image\\\/\"},\"sameAs\":[\"https:\\\/\\\/www.facebook.com\\\/dulonmarine?locale=nl_NL\",\"https:\\\/\\\/www.instagram.com\\\/dulonmarinegroup\\\/\"]}]}<\/script>\n<!-- \/ Yoast SEO plugin. -->","yoast_head_json":{"title":"Underh\u00e5llsguide \u2013 Dulon Marine Deckmate Group","description":"Baserat p\u00e5 v\u00e5r underh\u00e5llsprincip \u2013 reng\u00f6r, \u00e5terst\u00e4ll, skydda \u2013 har vi sammanst\u00e4llt f\u00f6ljande stegvisa underh\u00e5llsplan f\u00f6r dig.","robots":{"index":"index","follow":"follow","max-snippet":"max-snippet:-1","max-image-preview":"max-image-preview:large","max-video-preview":"max-video-preview:-1"},"canonical":"https:\/\/dulonmarine.com\/sv\/underhallsguide\/","og_locale":"sv_SE","og_type":"article","og_title":"Maintenance Guide - Dulon Marine Deckmate Group","og_description":"Based on our maintenance principle \u2013 clean, restore, protect \u2013 we have compiled the following maintenance step plan for you.","og_url":"https:\/\/dulonmarine.com\/sv\/underhallsguide\/","og_site_name":"Dulon Marine","article_publisher":"https:\/\/www.facebook.com\/dulonmarine?locale=nl_NL","twitter_card":"summary_large_image","twitter_misc":{"Ber\u00e4knad l\u00e4stid":"6 minuter"},"schema":{"@context":"https:\/\/schema.org","@graph":[{"@type":"WebPage","@id":"https:\/\/dulonmarine.com\/maintenance-guide\/","url":"https:\/\/dulonmarine.com\/maintenance-guide\/","name":"Underh\u00e5llsguide \u2013 Dulon Marine Deckmate Group","isPartOf":{"@id":"https:\/\/dulonmarine.com\/pt\/#website"},"datePublished":"2025-11-12T10:09:29+00:00","description":"Baserat p\u00e5 v\u00e5r underh\u00e5llsprincip \u2013 reng\u00f6r, \u00e5terst\u00e4ll, skydda \u2013 har vi sammanst\u00e4llt f\u00f6ljande stegvisa underh\u00e5llsplan f\u00f6r dig.","breadcrumb":{"@id":"https:\/\/dulonmarine.com\/maintenance-guide\/#breadcrumb"},"inLanguage":"sv-SE","potentialAction":[{"@type":"ReadAction","target":["https:\/\/dulonmarine.com\/maintenance-guide\/"]}]},{"@type":"BreadcrumbList","@id":"https:\/\/dulonmarine.com\/maintenance-guide\/#breadcrumb","itemListElement":[{"@type":"ListItem","position":1,"name":"Home","item":"https:\/\/dulonmarine.com\/"},{"@type":"ListItem","position":2,"name":"Maintenance Guide"}]},{"@type":"WebSite","@id":"https:\/\/dulonmarine.com\/pt\/#website","url":"https:\/\/dulonmarine.com\/pt\/","name":"Dulon Marine","description":"Onderhoudsproducten voor de scheepvaart","publisher":{"@id":"https:\/\/dulonmarine.com\/pt\/#organization"},"potentialAction":[{"@type":"SearchAction","target":{"@type":"EntryPoint","urlTemplate":"https:\/\/dulonmarine.com\/pt\/?s={search_term_string}"},"query-input":{"@type":"PropertyValueSpecification","valueRequired":true,"valueName":"search_term_string"}}],"inLanguage":"sv-SE"},{"@type":"Organization","@id":"https:\/\/dulonmarine.com\/pt\/#organization","name":"Dulon Marine Deckmate Group","url":"https:\/\/dulonmarine.com\/pt\/","logo":{"@type":"ImageObject","inLanguage":"sv-SE","@id":"https:\/\/dulonmarine.com\/pt\/#\/schema\/logo\/image\/","url":"http:\/\/dulonmarine.com\/wp-content\/uploads\/2023\/02\/Dulon-Marine-Deckmate-Group-logo-small.png","contentUrl":"http:\/\/dulonmarine.com\/wp-content\/uploads\/2023\/02\/Dulon-Marine-Deckmate-Group-logo-small.png","width":350,"height":150,"caption":"Dulon Marine Deckmate Group"},"image":{"@id":"https:\/\/dulonmarine.com\/pt\/#\/schema\/logo\/image\/"},"sameAs":["https:\/\/www.facebook.com\/dulonmarine?locale=nl_NL","https:\/\/www.instagram.com\/dulonmarinegroup\/"]}]}},"_links":{"self":[{"href":"https:\/\/dulonmarine.com\/sv\/wp-json\/wp\/v2\/pages\/9912","targetHints":{"allow":["GET"]}}],"collection":[{"href":"https:\/\/dulonmarine.com\/sv\/wp-json\/wp\/v2\/pages"}],"about":[{"href":"https:\/\/dulonmarine.com\/sv\/wp-json\/wp\/v2\/types\/page"}],"author":[{"embeddable":true,"href":"https:\/\/dulonmarine.com\/sv\/wp-json\/wp\/v2\/users\/11"}],"replies":[{"embeddable":true,"href":"https:\/\/dulonmarine.com\/sv\/wp-json\/wp\/v2\/comments?post=9912"}],"version-history":[{"count":7,"href":"https:\/\/dulonmarine.com\/sv\/wp-json\/wp\/v2\/pages\/9912\/revisions"}],"predecessor-version":[{"id":9924,"href":"https:\/\/dulonmarine.com\/sv\/wp-json\/wp\/v2\/pages\/9912\/revisions\/9924"}],"wp:attachment":[{"href":"https:\/\/dulonmarine.com\/sv\/wp-json\/wp\/v2\/media?parent=9912"}],"curies":[{"name":"wp","href":"https:\/\/api.w.org\/{rel}","templated":true}]}}