{"id":7744,"date":"2020-08-17T09:03:41","date_gmt":"2020-08-17T08:03:41","guid":{"rendered":"http:\/\/dulonmarine.com\/?post_type=product&#038;p=7744"},"modified":"2024-10-23T14:37:34","modified_gmt":"2024-10-23T13:37:34","slug":"dulon-glass-clean-50-professionell-formula","status":"publish","type":"product","link":"https:\/\/dulonmarine.com\/sv\/winkel\/glass\/sample-product\/dulon-glass-clean-50-professional-formula\/","title":{"rendered":"Dulon Glass Clean 50 - professionell formula"},"content":{"rendered":"","protected":false},"excerpt":{"rendered":"<p>Professionell glasreng\u00f6rare.<\/p>\n<hr \/>\n<p>Professionellt reng\u00f6ringsmedel f\u00f6r alla typer av h\u00e5rda och mjuka (plast)glasrutor, perspex, lexan, plexiglas, akrylat, polykarbonat och s\u00e5 vidare. DULON GLASS CLEAN 50 torkar j\u00e4mnt och snabbt och l\u00e4mnar inga bl\u00e5a fl\u00e4ckar.<\/p>\n<ul>\n<li>Professionell alkoholbaserad formula.<\/li>\n<li>F\u00f6r alla typer av glas och plast.<\/li>\n<li>Streak-free resultat utan bl\u00e5 dis.<\/li>\n<\/ul>\n<div class=\"x-video-inner\">\n    <video  \nclass=\"x-mejs x-wp-video-shortcode advanced-controls\" \n        width=\"400\" \n        height=\"400\" \n        loop autoplay muted playsinline style=\"border: none; outline: none; background: none;\"><source type=\"video\/mp4\" src=\"http:\/\/dulonmarine.com\/wp-content\/uploads\/2024\/10\/50.Glass_Clean-360-video.mp4\"><\/video>\n<\/div>","protected":false},"featured_media":9131,"template":"","meta":{"_acf_changed":false,"om_disable_all_campaigns":false,"rs_blank_template":"","rs_page_bg_color":"","slide_template_v7":"","inline_featured_image":false,"_monsterinsights_skip_tracking":false,"_monsterinsights_sitenote_active":false,"_monsterinsights_sitenote_note":"","_monsterinsights_sitenote_category":0},"product_brand":[],"product_cat":[48],"product_tag":[34],"class_list":{"0":"post-7744","1":"product","2":"type-product","3":"status-publish","4":"has-post-thumbnail","6":"product_cat-glass","7":"product_tag-34","8":"pa_article-numbers-contents-6-50010","9":"pa_article-numbers-contents-6-50050","10":"pa_article-numbers-contents-6-50250","11":"pa_available-content-1l","12":"pa_available-content-25l","13":"pa_available-content-5l","14":"pa_crp-clean-en","17":"first","18":"instock","19":"purchasable","20":"product-type-variable"},"acf":[],"yoast_head":"<!-- This site is optimized with the Yoast SEO plugin v27.4 - https:\/\/yoast.com\/product\/yoast-seo-wordpress\/ -->\n<title>Dulon Glass Clean 50 - professional formula -<\/title>\n<meta name=\"description\" content=\"Professional cleaner for all types of hard and soft (plastic) panes of glass.\" \/>\n<meta name=\"robots\" content=\"index, follow, max-snippet:-1, max-image-preview:large, max-video-preview:-1\" \/>\n<link rel=\"canonical\" href=\"https:\/\/dulonmarine.com\/sv\/winkel\/glas\/produktprov\/dulon-glass-clean-50-professionell-formula\/\" \/>\n<meta property=\"og:locale\" content=\"sv_SE\" \/>\n<meta property=\"og:type\" content=\"article\" \/>\n<meta property=\"og:title\" content=\"Dulon Glass Clean 50 - professional formula -\" \/>\n<meta property=\"og:description\" content=\"Professional cleaner for all types of hard and soft (plastic) panes of glass.\" \/>\n<meta property=\"og:url\" content=\"https:\/\/dulonmarine.com\/sv\/winkel\/glas\/produktprov\/dulon-glass-clean-50-professionell-formula\/\" \/>\n<meta property=\"og:site_name\" content=\"Dulon Marine\" \/>\n<meta property=\"article:publisher\" content=\"https:\/\/www.facebook.com\/dulonmarine?locale=nl_NL\" \/>\n<meta property=\"article:modified_time\" content=\"2024-10-23T13:37:34+00:00\" \/>\n<meta property=\"og:image\" content=\"https:\/\/dulonmarine.com\/wp-content\/uploads\/2020\/08\/50-Dulon-Marine-Glass-Clean.jpg\" \/>\n\t<meta property=\"og:image:width\" content=\"1200\" \/>\n\t<meta property=\"og:image:height\" content=\"1200\" \/>\n\t<meta property=\"og:image:type\" content=\"image\/jpeg\" \/>\n<meta name=\"twitter:card\" content=\"summary_large_image\" \/>\n<meta name=\"twitter:label1\" content=\"Ber\u00e4knad l\u00e4stid\" \/>\n\t<meta name=\"twitter:data1\" content=\"1 minut\" \/>\n<script type=\"application\/ld+json\" class=\"yoast-schema-graph\">{\"@context\":\"https:\\\/\\\/schema.org\",\"@graph\":[{\"@type\":\"WebPage\",\"@id\":\"https:\\\/\\\/dulonmarine.com\\\/de\\\/winkel\\\/glass\\\/musterprodukt\\\/dulon-glass-clean-50-professional-formula\\\/\",\"url\":\"https:\\\/\\\/dulonmarine.com\\\/de\\\/winkel\\\/glass\\\/musterprodukt\\\/dulon-glass-clean-50-professional-formula\\\/\",\"name\":\"Dulon Glass Clean 50 - professional formula -\",\"isPartOf\":{\"@id\":\"https:\\\/\\\/dulonmarine.com\\\/pt\\\/#website\"},\"primaryImageOfPage\":{\"@id\":\"https:\\\/\\\/dulonmarine.com\\\/de\\\/winkel\\\/glass\\\/musterprodukt\\\/dulon-glass-clean-50-professional-formula\\\/#primaryimage\"},\"image\":{\"@id\":\"https:\\\/\\\/dulonmarine.com\\\/de\\\/winkel\\\/glass\\\/musterprodukt\\\/dulon-glass-clean-50-professional-formula\\\/#primaryimage\"},\"thumbnailUrl\":\"https:\\\/\\\/dulonmarine.com\\\/wp-content\\\/uploads\\\/2020\\\/08\\\/50-Dulon-Marine-Glass-Clean.jpg\",\"datePublished\":\"2020-08-17T08:03:41+00:00\",\"dateModified\":\"2024-10-23T13:37:34+00:00\",\"description\":\"Professional cleaner for all types of hard and soft (plastic) panes of glass.\",\"breadcrumb\":{\"@id\":\"https:\\\/\\\/dulonmarine.com\\\/de\\\/winkel\\\/glass\\\/musterprodukt\\\/dulon-glass-clean-50-professional-formula\\\/#breadcrumb\"},\"inLanguage\":\"sv-SE\",\"potentialAction\":[{\"@type\":\"ReadAction\",\"target\":[\"https:\\\/\\\/dulonmarine.com\\\/de\\\/winkel\\\/glass\\\/musterprodukt\\\/dulon-glass-clean-50-professional-formula\\\/\"]}]},{\"@type\":\"ImageObject\",\"inLanguage\":\"sv-SE\",\"@id\":\"https:\\\/\\\/dulonmarine.com\\\/de\\\/winkel\\\/glass\\\/musterprodukt\\\/dulon-glass-clean-50-professional-formula\\\/#primaryimage\",\"url\":\"https:\\\/\\\/dulonmarine.com\\\/wp-content\\\/uploads\\\/2020\\\/08\\\/50-Dulon-Marine-Glass-Clean.jpg\",\"contentUrl\":\"https:\\\/\\\/dulonmarine.com\\\/wp-content\\\/uploads\\\/2020\\\/08\\\/50-Dulon-Marine-Glass-Clean.jpg\",\"width\":1200,\"height\":1200},{\"@type\":\"BreadcrumbList\",\"@id\":\"https:\\\/\\\/dulonmarine.com\\\/de\\\/winkel\\\/glass\\\/musterprodukt\\\/dulon-glass-clean-50-professional-formula\\\/#breadcrumb\",\"itemListElement\":[{\"@type\":\"ListItem\",\"position\":1,\"name\":\"Home\",\"item\":\"https:\\\/\\\/dulonmarine.com\\\/\"},{\"@type\":\"ListItem\",\"position\":2,\"name\":\"Winkel\",\"item\":\"https:\\\/\\\/dulonmarine.com\\\/pt\\\/piacaba\\\/\"},{\"@type\":\"ListItem\",\"position\":3,\"name\":\"Dulon Glass Clean 50 &#8211; professional formula\"}]},{\"@type\":\"WebSite\",\"@id\":\"https:\\\/\\\/dulonmarine.com\\\/pt\\\/#website\",\"url\":\"https:\\\/\\\/dulonmarine.com\\\/pt\\\/\",\"name\":\"Dulon Marine\",\"description\":\"Onderhoudsproducten voor de scheepvaart\",\"publisher\":{\"@id\":\"https:\\\/\\\/dulonmarine.com\\\/pt\\\/#organization\"},\"potentialAction\":[{\"@type\":\"SearchAction\",\"target\":{\"@type\":\"EntryPoint\",\"urlTemplate\":\"https:\\\/\\\/dulonmarine.com\\\/pt\\\/?s={search_term_string}\"},\"query-input\":{\"@type\":\"PropertyValueSpecification\",\"valueRequired\":true,\"valueName\":\"search_term_string\"}}],\"inLanguage\":\"sv-SE\"},{\"@type\":\"Organization\",\"@id\":\"https:\\\/\\\/dulonmarine.com\\\/pt\\\/#organization\",\"name\":\"Dulon Marine Deckmate Group\",\"url\":\"https:\\\/\\\/dulonmarine.com\\\/pt\\\/\",\"logo\":{\"@type\":\"ImageObject\",\"inLanguage\":\"sv-SE\",\"@id\":\"https:\\\/\\\/dulonmarine.com\\\/pt\\\/#\\\/schema\\\/logo\\\/image\\\/\",\"url\":\"http:\\\/\\\/dulonmarine.com\\\/wp-content\\\/uploads\\\/2023\\\/02\\\/Dulon-Marine-Deckmate-Group-logo-small.png\",\"contentUrl\":\"http:\\\/\\\/dulonmarine.com\\\/wp-content\\\/uploads\\\/2023\\\/02\\\/Dulon-Marine-Deckmate-Group-logo-small.png\",\"width\":350,\"height\":150,\"caption\":\"Dulon Marine Deckmate Group\"},\"image\":{\"@id\":\"https:\\\/\\\/dulonmarine.com\\\/pt\\\/#\\\/schema\\\/logo\\\/image\\\/\"},\"sameAs\":[\"https:\\\/\\\/www.facebook.com\\\/dulonmarine?locale=nl_NL\",\"https:\\\/\\\/www.instagram.com\\\/dulonmarinegroup\\\/\"]}]}<\/script>\n<!-- \/ Yoast SEO plugin. -->","yoast_head_json":{"title":"Dulon Glass Clean 50 \u2013 professionell formula \u2013","description":"Professionellt reng\u00f6ringsmedel f\u00f6r alla typer av h\u00e5rda och mjuka (plast)glasrutor.","robots":{"index":"index","follow":"follow","max-snippet":"max-snippet:-1","max-image-preview":"max-image-preview:large","max-video-preview":"max-video-preview:-1"},"canonical":"https:\/\/dulonmarine.com\/sv\/winkel\/glas\/produktprov\/dulon-glass-clean-50-professionell-formula\/","og_locale":"sv_SE","og_type":"article","og_title":"Dulon Glass Clean 50 - professional formula -","og_description":"Professional cleaner for all types of hard and soft (plastic) panes of glass.","og_url":"https:\/\/dulonmarine.com\/sv\/winkel\/glas\/produktprov\/dulon-glass-clean-50-professionell-formula\/","og_site_name":"Dulon Marine","article_publisher":"https:\/\/www.facebook.com\/dulonmarine?locale=nl_NL","article_modified_time":"2024-10-23T13:37:34+00:00","og_image":[{"width":1200,"height":1200,"url":"https:\/\/dulonmarine.com\/wp-content\/uploads\/2020\/08\/50-Dulon-Marine-Glass-Clean.jpg","type":"image\/jpeg"}],"twitter_card":"summary_large_image","twitter_misc":{"Ber\u00e4knad l\u00e4stid":"1 minut"},"schema":{"@context":"https:\/\/schema.org","@graph":[{"@type":"WebPage","@id":"https:\/\/dulonmarine.com\/de\/winkel\/glass\/musterprodukt\/dulon-glass-clean-50-professional-formula\/","url":"https:\/\/dulonmarine.com\/de\/winkel\/glass\/musterprodukt\/dulon-glass-clean-50-professional-formula\/","name":"Dulon Glass Clean 50 \u2013 professionell formula \u2013","isPartOf":{"@id":"https:\/\/dulonmarine.com\/pt\/#website"},"primaryImageOfPage":{"@id":"https:\/\/dulonmarine.com\/de\/winkel\/glass\/musterprodukt\/dulon-glass-clean-50-professional-formula\/#primaryimage"},"image":{"@id":"https:\/\/dulonmarine.com\/de\/winkel\/glass\/musterprodukt\/dulon-glass-clean-50-professional-formula\/#primaryimage"},"thumbnailUrl":"https:\/\/dulonmarine.com\/wp-content\/uploads\/2020\/08\/50-Dulon-Marine-Glass-Clean.jpg","datePublished":"2020-08-17T08:03:41+00:00","dateModified":"2024-10-23T13:37:34+00:00","description":"Professionellt reng\u00f6ringsmedel f\u00f6r alla typer av h\u00e5rda och mjuka (plast)glasrutor.","breadcrumb":{"@id":"https:\/\/dulonmarine.com\/de\/winkel\/glass\/musterprodukt\/dulon-glass-clean-50-professional-formula\/#breadcrumb"},"inLanguage":"sv-SE","potentialAction":[{"@type":"ReadAction","target":["https:\/\/dulonmarine.com\/de\/winkel\/glass\/musterprodukt\/dulon-glass-clean-50-professional-formula\/"]}]},{"@type":"ImageObject","inLanguage":"sv-SE","@id":"https:\/\/dulonmarine.com\/de\/winkel\/glass\/musterprodukt\/dulon-glass-clean-50-professional-formula\/#primaryimage","url":"https:\/\/dulonmarine.com\/wp-content\/uploads\/2020\/08\/50-Dulon-Marine-Glass-Clean.jpg","contentUrl":"https:\/\/dulonmarine.com\/wp-content\/uploads\/2020\/08\/50-Dulon-Marine-Glass-Clean.jpg","width":1200,"height":1200},{"@type":"BreadcrumbList","@id":"https:\/\/dulonmarine.com\/de\/winkel\/glass\/musterprodukt\/dulon-glass-clean-50-professional-formula\/#breadcrumb","itemListElement":[{"@type":"ListItem","position":1,"name":"Home","item":"https:\/\/dulonmarine.com\/"},{"@type":"ListItem","position":2,"name":"Winkel","item":"https:\/\/dulonmarine.com\/pt\/piacaba\/"},{"@type":"ListItem","position":3,"name":"Dulon Glass Clean 50 &#8211; professional formula"}]},{"@type":"WebSite","@id":"https:\/\/dulonmarine.com\/pt\/#website","url":"https:\/\/dulonmarine.com\/pt\/","name":"Dulon Marine","description":"Onderhoudsproducten voor de scheepvaart","publisher":{"@id":"https:\/\/dulonmarine.com\/pt\/#organization"},"potentialAction":[{"@type":"SearchAction","target":{"@type":"EntryPoint","urlTemplate":"https:\/\/dulonmarine.com\/pt\/?s={search_term_string}"},"query-input":{"@type":"PropertyValueSpecification","valueRequired":true,"valueName":"search_term_string"}}],"inLanguage":"sv-SE"},{"@type":"Organization","@id":"https:\/\/dulonmarine.com\/pt\/#organization","name":"Dulon Marine Deckmate Group","url":"https:\/\/dulonmarine.com\/pt\/","logo":{"@type":"ImageObject","inLanguage":"sv-SE","@id":"https:\/\/dulonmarine.com\/pt\/#\/schema\/logo\/image\/","url":"http:\/\/dulonmarine.com\/wp-content\/uploads\/2023\/02\/Dulon-Marine-Deckmate-Group-logo-small.png","contentUrl":"http:\/\/dulonmarine.com\/wp-content\/uploads\/2023\/02\/Dulon-Marine-Deckmate-Group-logo-small.png","width":350,"height":150,"caption":"Dulon Marine Deckmate Group"},"image":{"@id":"https:\/\/dulonmarine.com\/pt\/#\/schema\/logo\/image\/"},"sameAs":["https:\/\/www.facebook.com\/dulonmarine?locale=nl_NL","https:\/\/www.instagram.com\/dulonmarinegroup\/"]}]}},"_links":{"self":[{"href":"https:\/\/dulonmarine.com\/sv\/wp-json\/wp\/v2\/product\/7744","targetHints":{"allow":["GET"]}}],"collection":[{"href":"https:\/\/dulonmarine.com\/sv\/wp-json\/wp\/v2\/product"}],"about":[{"href":"https:\/\/dulonmarine.com\/sv\/wp-json\/wp\/v2\/types\/product"}],"wp:featuredmedia":[{"embeddable":true,"href":"https:\/\/dulonmarine.com\/sv\/wp-json\/wp\/v2\/media\/9131"}],"wp:attachment":[{"href":"https:\/\/dulonmarine.com\/sv\/wp-json\/wp\/v2\/media?parent=7744"}],"wp:term":[{"taxonomy":"product_brand","embeddable":true,"href":"https:\/\/dulonmarine.com\/sv\/wp-json\/wp\/v2\/product_brand?post=7744"},{"taxonomy":"product_cat","embeddable":true,"href":"https:\/\/dulonmarine.com\/sv\/wp-json\/wp\/v2\/product_cat?post=7744"},{"taxonomy":"product_tag","embeddable":true,"href":"https:\/\/dulonmarine.com\/sv\/wp-json\/wp\/v2\/product_tag?post=7744"}],"curies":[{"name":"wp","href":"https:\/\/api.w.org\/{rel}","templated":true}]}}