{"id":8682,"date":"2023-02-16T11:58:16","date_gmt":"2023-02-16T10:58:16","guid":{"rendered":"http:\/\/dulonmarine.com\/?page_id=8682"},"modified":"2025-11-12T11:55:32","modified_gmt":"2025-11-12T10:55:32","slug":"dulon-marine-deckmate-2","status":"publish","type":"page","link":"https:\/\/dulonmarine.com\/tr\/","title":{"rendered":"Dulon Marine &amp; Deckmate"},"content":{"rendered":"<div id=\"cs-content\" class=\"cs-content\"><div class=\"x-section x-hide-lg x-hide-md x-hide-xl e8682-e1 m6p6-0 m6p6-1\"><div class=\"x-row e8682-e2 m6p6-3 m6p6-4 m6p6-5 m6p6-8 m6p6-9\"><div class=\"x-row-inner\"><div class=\"x-col e8682-e3 m6p6-h m6p6-i\">\t<script src=\"https:\/\/www.youtube.com\/iframe_api\"><\/script>\n\n\t\t\t\t<p class=\"rs-p-wp-fix\"><\/p>\n\t\t\t\t<sr7-module data-alias=\"dulon-marine-deckmate-header-video-2023-1\" data-id=\"43\" id=\"SR7_43_1\" data-version=\"7.0.12\">\n\t\t\t\t\t<sr7-adjuster><\/sr7-adjuster>\n\t\t\t\t\t<sr7-content>\n\t\t\t\t\t\t<sr7-slide id=\"SR7_43_1-49\" data-key=\"49\">\n\t\t\t\t\t\t<\/sr7-slide>\n\t\t\t\t\t\t<sr7-slide id=\"SR7_43_1-89\" data-key=\"89\">\n\t\t\t\t\t\t<\/sr7-slide>\n\t\t\t\t\t<\/sr7-content>\n\t\t\t\t<\/sr7-module>\n\t\t\t\t<script>\n\t\t\t\t\twindow.SR7??={}; SR7.PMH ??={}; SR7.PMH[\"SR7_43_1\"] = {cn:100,state:false,fn: function() { if (window._tpt!==undefined && window._tpt.prepareModuleHeight !== undefined) {  _tpt.prepareModuleHeight({id:\"SR7_43_1\",el:[900,900,900,900,900],type:'standard',gh:[900,900,900,900,900],gw:[1240,1240,1240,1240,1240],vpt:['-200px'],size:{fullWidth:true, fullHeight:false},mh:'0',onh:0,onw:0,bg:{color:'{\"orig\":\"transparent\",\"type\":\"solid\",\"string\":\"transparent\"}'}});   SR7.PMH[\"SR7_43_1\"].state=true;} else if(SR7.PMH[\"SR7_43_1\"].cn-->0)\tsetTimeout( SR7.PMH[\"SR7_43_1\"].fn,19);}};SR7.PMH[\"SR7_43_1\" ].fn();\n\t\t\t\t<\/script>\n<\/div><\/div><\/div><\/div><div class=\"x-section x-hide-sm x-hide-xs e8682-e5 m6p6-0 m6p6-1\"><div class=\"x-row e8682-e6 m6p6-3 m6p6-4 m6p6-5 m6p6-8 m6p6-a\"><div class=\"x-row-inner\"><div class=\"x-col e8682-e7 m6p6-h m6p6-i\">\n\t\t\t\t<p class=\"rs-p-wp-fix\"><\/p>\n\t\t\t\t<sr7-module data-alias=\"Dulon-Marine-Deckmate-group---24\" data-id=\"47\" id=\"SR7_47_2\" data-version=\"7.0.12\">\n\t\t\t\t\t<sr7-adjuster><\/sr7-adjuster>\n\t\t\t\t\t<sr7-content>\n\t\t\t\t\t\t<sr7-slide id=\"SR7_47_2-92\" data-key=\"92\">\n\t\t\t\t\t\t<\/sr7-slide>\n\t\t\t\t\t\t<sr7-slide id=\"SR7_47_2-93\" data-key=\"93\">\n\t\t\t\t\t\t<\/sr7-slide>\n\t\t\t\t\t<\/sr7-content>\n\t\t\t\t<\/sr7-module>\n\t\t\t\t<script>\n\t\t\t\t\twindow.SR7??={}; SR7.PMH ??={}; SR7.PMH[\"SR7_47_2\"] = {cn:100,state:false,fn: function() { if (window._tpt!==undefined && window._tpt.prepareModuleHeight !== undefined) {  _tpt.prepareModuleHeight({id:\"SR7_47_2\",el:[900,900,900,900,900],type:'standard',gh:[900,900,900,900,900],gw:[1240,1240,1240,1240,1240],vpt:['-200px'],size:{fullWidth:true, fullHeight:false},mh:'0',onh:0,onw:0,bg:{color:'{\"orig\":\"transparent\",\"type\":\"solid\",\"string\":\"transparent\"}'}});   SR7.PMH[\"SR7_47_2\"].state=true;} else if(SR7.PMH[\"SR7_47_2\"].cn-->0)\tsetTimeout( SR7.PMH[\"SR7_47_2\"].fn,19);}};SR7.PMH[\"SR7_47_2\" ].fn();\n\t\t\t\t<\/script>\n<\/div><\/div><\/div><\/div><div class=\"x-section x-hide-md x-hide-sm x-hide-xs e8682-e9 m6p6-0 m6p6-1\"><div class=\"x-row e8682-e10 m6p6-3 m6p6-4 m6p6-5 m6p6-8 m6p6-b\" id=\"about-us\"><div class=\"x-row-inner\"><div class=\"x-col e8682-e11 m6p6-h m6p6-i m6p6-j m6p6-k m6p6-l m6p6-m m6p6-n\"><div class=\"x-bg\" aria-hidden=\"true\"><div class=\"x-bg-layer-lower-image\"><\/div><div class=\"x-bg-layer-upper-color\"><\/div><\/div><h1  class=\"h-custom-headline cs-ta-right h1\" style=\"color: hsl(0, 0%, 100%);padding-top:90px; margin-top:0px; padding-right:60px; padding-bottom:90px; padding-left:230px;\"><span>ABOUT US.<\/span><\/h1><\/div><div class=\"x-col e8682-e13 m6p6-h m6p6-j m6p6-o\"><div id=\"\" class=\"x-text\" style=\"margin-bottom:-20px;\" ><p>Dulon Marine and Deckmate are worldwide leaders in the maintenance of pleasure yachts and commercial shipping. With a wide range of high-quality maintenance products suitable for both private and professional use, Dulon Marine offers a fitting solution for almost every maintenance challenge.<br \/>\n<br \/>\n<strong>Wanna know how to maintain your vessel like a professional?<\/strong><\/br><\/p>\n<\/div><a class=\"x-anchor x-anchor-button e8682-e15 m6p6-10 m6p6-11 m6p6-12\" tabindex=\"0\" href=\"https:\/\/dulonmarine.com\/maintenance-guide\/\"><div class=\"x-anchor-content\"><div class=\"x-anchor-text\"><span class=\"x-anchor-text-primary\">Check our Maintenance Guide<\/span><\/div><\/div><\/a><\/div><\/div><\/div><\/div><div class=\"x-section x-hide-lg x-hide-xl e8682-e16 m6p6-0 m6p6-1\"><div class=\"x-row e8682-e17 m6p6-3 m6p6-4 m6p6-5 m6p6-8 m6p6-c\"><div class=\"x-row-inner\"><div class=\"x-col e8682-e18 m6p6-h m6p6-i m6p6-k m6p6-l m6p6-m m6p6-p m6p6-q\"><div class=\"x-bg\" aria-hidden=\"true\"><div class=\"x-bg-layer-lower-image\"><\/div><div class=\"x-bg-layer-upper-color\"><\/div><\/div><h1  class=\"h-custom-headline cs-ta-left h1\" style=\"color: hsl(0, 0%, 100%);padding-top:80px; padding-left:40px; padding-right:170px;\"><span>ABOUT US.<\/span><\/h1><\/div><div class=\"x-col e8682-e20 m6p6-h m6p6-r\"><div id=\"\" class=\"x-text\" style=\"margin-bottom:-10px;\" ><p>Dulon Marine and Deckmate are worldwide leaders in the maintenance of pleasure yachts and commercial shipping. With a wide range of high-quality maintenance products suitable for both private and professional use, Dulon Marine offers a fitting solution for almost every maintenance challenge.<br \/>\n<br \/>\n<strong>Wanna know how to maintain your vessel like a professional?<\/strong><\/br><\/p>\n<\/div><a class=\"x-anchor x-anchor-button e8682-e22 m6p6-10 m6p6-11 m6p6-12\" tabindex=\"0\" href=\"https:\/\/dulonmarine.com\/maintenance-guide\/\"><div class=\"x-anchor-content\"><div class=\"x-anchor-text\"><span class=\"x-anchor-text-primary\">Check our maintenance guide<\/span><\/div><\/div><\/a><\/div><\/div><\/div><\/div><div class=\"x-section x-hide-lg x-hide-md x-hide-sm x-hide-xl x-hide-xs e8682-e23 m6p6-0 m6p6-1\"><div class=\"x-row e8682-e24 m6p6-3 m6p6-4 m6p6-5 m6p6-8 m6p6-d\"><div class=\"x-row-inner\"><div class=\"x-col e8682-e25 m6p6-h m6p6-i m6p6-k m6p6-p m6p6-s m6p6-t\"><div class=\"x-bg\" aria-hidden=\"true\"><div class=\"x-bg-layer-upper-image\"><\/div><\/div><hr  class=\"x-gap\" style=\"margin: 50px 0 0 0;\"><\/div><div class=\"x-col e8682-e27 m6p6-h m6p6-i\"><h2  class=\"h-custom-headline h2\" style=\"margin-top:90px; margin-left:90px; margin-right:90px;\"><span>ABOUT US.<\/span><\/h2><div id=\"\" class=\"x-text\" style=\"margin-left:90px; margin-right:90px; margin-bottom:90px;\" ><p>Dulon Marine and Deckmate are worldwide leaders in the maintenance of pleasure yachts and commercial shipping. With a wide range of high-quality maintenance products suitable for both private and professional use, Dulon Marine offers a fitting solution for almost every maintenance challenge.<\/p>\n<\/div><\/div><\/div><\/div><\/div><div class=\"x-section x-hide-lg x-hide-md x-hide-sm x-hide-xl x-hide-xs e8682-e30 m6p6-0 m6p6-1\"><div class=\"x-row e8682-e31 m6p6-3 m6p6-4 m6p6-5 m6p6-8 m6p6-e\"><div class=\"x-row-inner\"><div class=\"x-col e8682-e32 m6p6-h m6p6-i m6p6-m m6p6-u\"><div class=\"x-bg\" aria-hidden=\"true\"><div class=\"x-bg-layer-lower-image\" data-x-element-bg-layer=\"{&quot;parallaxSize&quot;:&quot;150%&quot;,&quot;parallaxDir&quot;:&quot;v&quot;,&quot;parallaxRev&quot;:false}\"><\/div><\/div><hr  class=\"x-gap\" style=\"margin: 400px 0 0 0;\"><\/div><div class=\"x-col e8682-e34 m6p6-h m6p6-v\"><h2  class=\"h-custom-headline h2\" style=\"margin-top:0px;\"><span>ABOUT US.<\/span><\/h2><div id=\"\" class=\"x-text\" style=\"\" ><p>Dulon Marine and Deckmate are worldwide leaders in the maintenance of pleasure yachts and commercial shipping. With a wide range of high-quality maintenance products suitable for both private and professional use, Dulon Marine offers a fitting solution for almost every maintenance challenge.<\/p>\n<\/div><\/div><\/div><\/div><\/div><div class=\"x-section e8682-e37 m6p6-0 m6p6-1\" id=\"our-products\"><div class=\"x-row e8682-e38 m6p6-3 m6p6-5 m6p6-6 m6p6-8 m6p6-f\"><div class=\"x-row-inner\"><div class=\"x-col e8682-e39 m6p6-h m6p6-t m6p6-w m6p6-x\" id=\"deckmate\"><hr  class=\"x-gap\" style=\"margin: 5px 0 0 0;\"><a  class=\"x-img x-img-link x-img-none\"  href=\"http:\/\/dulonmarine.com\/deckmate\"     data-options=\"thumbnail: '8710:full'\"><img decoding=\"async\" src=\"https:\/\/dulonmarine.com\/wp-content\/uploads\/2023\/02\/Deckmate-Webvisual-med.png\" ><\/a><a class=\"x-anchor x-anchor-button e8682-e42 m6p6-10 m6p6-12 m6p6-13 m6p6-14\" tabindex=\"0\" href=\"http:\/\/dulonmarine.com\/deckmate\"><div class=\"x-anchor-content\"><div class=\"x-anchor-text\"><span class=\"x-anchor-text-primary\">Go to Deckmate<\/span><\/div><\/div><\/a><\/div><div class=\"x-col e8682-e43 m6p6-h m6p6-w m6p6-y\" id=\"dulon\"><a  class=\"x-img x-img-link x-img-none\"  href=\"http:\/\/dulonmarine.com\/dulon\"     data-options=\"thumbnail: '8828:full'\"><img decoding=\"async\" src=\"https:\/\/dulonmarine.com\/wp-content\/uploads\/2023\/03\/Dulon_home-visual.png\" ><\/a><hr  class=\"x-gap\" style=\"margin: 5px 0 0 0;\"><a class=\"x-anchor x-anchor-button e8682-e46 m6p6-10 m6p6-12 m6p6-13 m6p6-14\" tabindex=\"0\" href=\"https:\/\/dulonmarine.com\/dulon-marine-categorieen\/\"><div class=\"x-anchor-content\"><div class=\"x-anchor-text\"><span class=\"x-anchor-text-primary\">Go to Dulon Marine<\/span><\/div><\/div><\/a><\/div><\/div><\/div><\/div><div class=\"x-section e8682-e47 m6p6-0 m6p6-2\"><div class=\"x-bg\" aria-hidden=\"true\"><div class=\"x-bg-layer-lower-image\" data-x-element-bg-layer=\"{&quot;parallaxSize&quot;:&quot;150%&quot;,&quot;parallaxDir&quot;:&quot;v&quot;,&quot;parallaxRev&quot;:false}\"><\/div><div class=\"x-bg-layer-upper-color\"><\/div><\/div><div class=\"x-row e8682-e48 m6p6-3 m6p6-4 m6p6-7 m6p6-g\"><div class=\"x-row-inner\"><div class=\"x-col e8682-e49 m6p6-h m6p6-i m6p6-z\"><hr  class=\"x-gap\" style=\"margin: 250px 0 0 0;\"><h1  class=\"h-custom-headline cs-ta-right h1\" style=\"color: hsl(0, 0%, 100%);margin-top:0px;\"><span>A FITTING SOLUTION <br>\nFOR EVERY MAINTENANCE CHALLENGE<\/span><\/h1><a class=\"x-anchor x-anchor-button e8682-e52 m6p6-10 m6p6-13 m6p6-15\" tabindex=\"0\" href=\"https:\/\/dulonmarine.com\/maintenance-guide\/\"><div class=\"x-anchor-content\"><div class=\"x-anchor-text\"><span class=\"x-anchor-text-primary\">Our Maintenance Guide<\/span><\/div><\/div><\/a><\/div><\/div><\/div><\/div><\/div>\n","protected":false},"excerpt":{"rendered":"<p>HAKKIMIZDA.Dulon Marine ve Deckmate, gezi yatlar\u0131n\u0131n ve ticari gemilerin bak\u0131m\u0131nda d\u00fcnya \u00e7ap\u0131nda liderdir. Hem \u00f6zel hem de profesyonel kullan\u0131ma uygun \u00e7ok \u00e7e\u015fitli y\u00fcksek kaliteli bak\u0131m \u00fcr\u00fcnleri ile Dulon Marine, neredeyse her bak\u0131m zorlu\u011fu i\u00e7in uygun bir \u00e7\u00f6z\u00fcm sunar. Geminizin bak\u0131m\u0131n\u0131 bir profesyonel gibi nas\u0131l yapaca\u011f\u0131n\u0131z\u0131 \u00f6\u011frenmek ister misiniz? Bak\u0131m K\u0131lavuzumuza g\u00f6z at\u0131nB\u0130Z\u0130M HAKKIMIZDA.Dulon Marine ve ... <a href=\"https:\/\/dulonmarine.com\/tr\/\" class=\"more-link\">Read More<\/a><\/p>","protected":false},"author":11,"featured_media":0,"parent":0,"menu_order":0,"comment_status":"closed","ping_status":"closed","template":"template-blank-4.php","meta":{"_acf_changed":false,"om_disable_all_campaigns":false,"rs_blank_template":"","rs_page_bg_color":"","slide_template_v7":"","inline_featured_image":false,"_monsterinsights_skip_tracking":false,"_monsterinsights_sitenote_active":false,"_monsterinsights_sitenote_note":"","_monsterinsights_sitenote_category":0,"footnotes":""},"class_list":["post-8682","page","type-page","status-publish","hentry","no-post-thumbnail"],"acf":[],"yoast_head":"<!-- This site is optimized with the Yoast SEO plugin v27.6 - https:\/\/yoast.com\/product\/yoast-seo-wordpress\/ -->\n<title>Dulon Marine &amp; Deckmate - Dulon Marine<\/title>\n<meta name=\"robots\" content=\"index, follow, max-snippet:-1, max-image-preview:large, max-video-preview:-1\" \/>\n<link rel=\"canonical\" href=\"https:\/\/dulonmarine.com\/tr\/\" \/>\n<meta property=\"og:locale\" content=\"tr_TR\" \/>\n<meta property=\"og:type\" content=\"article\" \/>\n<meta property=\"og:title\" content=\"Dulon Marine &amp; Deckmate - Dulon Marine\" \/>\n<meta property=\"og:description\" content=\"ABOUT US.Dulon Marine and Deckmate are worldwide leaders in the maintenance of pleasure yachts and commercial shipping. With a wide range of high-quality maintenance products suitable for both private and professional use, Dulon Marine offers a fitting solution for almost every maintenance challenge. Wanna know how to maintain your vessel like a professional? Check our Maintenance GuideABOUT US.Dulon Marine and ... Read More\" \/>\n<meta property=\"og:url\" content=\"https:\/\/dulonmarine.com\/tr\/\" \/>\n<meta property=\"og:site_name\" content=\"Dulon Marine\" \/>\n<meta property=\"article:publisher\" content=\"https:\/\/www.facebook.com\/dulonmarine?locale=nl_NL\" \/>\n<meta property=\"article:modified_time\" content=\"2025-11-12T10:55:32+00:00\" \/>\n<meta name=\"twitter:card\" content=\"summary_large_image\" \/>\n<meta name=\"twitter:label1\" content=\"Tahmini okuma s\u00fcresi\" \/>\n\t<meta name=\"twitter:data1\" content=\"1 dakika\" \/>\n<script type=\"application\/ld+json\" class=\"yoast-schema-graph\">{\"@context\":\"https:\\\/\\\/schema.org\",\"@graph\":[{\"@type\":\"WebPage\",\"@id\":\"https:\\\/\\\/dulonmarine.com\\\/\",\"url\":\"https:\\\/\\\/dulonmarine.com\\\/\",\"name\":\"Dulon Marine & Deckmate - Dulon Marine\",\"isPartOf\":{\"@id\":\"https:\\\/\\\/dulonmarine.com\\\/pt\\\/#website\"},\"datePublished\":\"2023-02-16T10:58:16+00:00\",\"dateModified\":\"2025-11-12T10:55:32+00:00\",\"breadcrumb\":{\"@id\":\"https:\\\/\\\/dulonmarine.com\\\/#breadcrumb\"},\"inLanguage\":\"tr\",\"potentialAction\":[{\"@type\":\"ReadAction\",\"target\":[\"https:\\\/\\\/dulonmarine.com\\\/\"]}]},{\"@type\":\"BreadcrumbList\",\"@id\":\"https:\\\/\\\/dulonmarine.com\\\/#breadcrumb\",\"itemListElement\":[{\"@type\":\"ListItem\",\"position\":1,\"name\":\"Home\",\"item\":\"https:\\\/\\\/dulonmarine.com\\\/\"},{\"@type\":\"ListItem\",\"position\":2,\"name\":\"Dulon Marine &#038; Deckmate\"}]},{\"@type\":\"WebSite\",\"@id\":\"https:\\\/\\\/dulonmarine.com\\\/pt\\\/#website\",\"url\":\"https:\\\/\\\/dulonmarine.com\\\/pt\\\/\",\"name\":\"Dulon Marine\",\"description\":\"Onderhoudsproducten voor de scheepvaart\",\"publisher\":{\"@id\":\"https:\\\/\\\/dulonmarine.com\\\/pt\\\/#organization\"},\"potentialAction\":[{\"@type\":\"SearchAction\",\"target\":{\"@type\":\"EntryPoint\",\"urlTemplate\":\"https:\\\/\\\/dulonmarine.com\\\/pt\\\/?s={search_term_string}\"},\"query-input\":{\"@type\":\"PropertyValueSpecification\",\"valueRequired\":true,\"valueName\":\"search_term_string\"}}],\"inLanguage\":\"tr\"},{\"@type\":\"Organization\",\"@id\":\"https:\\\/\\\/dulonmarine.com\\\/pt\\\/#organization\",\"name\":\"Dulon Marine Deckmate Group\",\"url\":\"https:\\\/\\\/dulonmarine.com\\\/pt\\\/\",\"logo\":{\"@type\":\"ImageObject\",\"inLanguage\":\"tr\",\"@id\":\"https:\\\/\\\/dulonmarine.com\\\/pt\\\/#\\\/schema\\\/logo\\\/image\\\/\",\"url\":\"http:\\\/\\\/dulonmarine.com\\\/wp-content\\\/uploads\\\/2023\\\/02\\\/Dulon-Marine-Deckmate-Group-logo-small.png\",\"contentUrl\":\"http:\\\/\\\/dulonmarine.com\\\/wp-content\\\/uploads\\\/2023\\\/02\\\/Dulon-Marine-Deckmate-Group-logo-small.png\",\"width\":350,\"height\":150,\"caption\":\"Dulon Marine Deckmate Group\"},\"image\":{\"@id\":\"https:\\\/\\\/dulonmarine.com\\\/pt\\\/#\\\/schema\\\/logo\\\/image\\\/\"},\"sameAs\":[\"https:\\\/\\\/www.facebook.com\\\/dulonmarine?locale=nl_NL\",\"https:\\\/\\\/www.instagram.com\\\/dulonmarinegroup\\\/\"]}]}<\/script>\n<!-- \/ Yoast SEO plugin. -->","yoast_head_json":{"title":"Dulon Marine &amp; Deckmate - Dulon Marine","robots":{"index":"index","follow":"follow","max-snippet":"max-snippet:-1","max-image-preview":"max-image-preview:large","max-video-preview":"max-video-preview:-1"},"canonical":"https:\/\/dulonmarine.com\/tr\/","og_locale":"tr_TR","og_type":"article","og_title":"Dulon Marine & Deckmate - Dulon Marine","og_description":"ABOUT US.Dulon Marine and Deckmate are worldwide leaders in the maintenance of pleasure yachts and commercial shipping. With a wide range of high-quality maintenance products suitable for both private and professional use, Dulon Marine offers a fitting solution for almost every maintenance challenge. Wanna know how to maintain your vessel like a professional? Check our Maintenance GuideABOUT US.Dulon Marine and ... Read More","og_url":"https:\/\/dulonmarine.com\/tr\/","og_site_name":"Dulon Marine","article_publisher":"https:\/\/www.facebook.com\/dulonmarine?locale=nl_NL","article_modified_time":"2025-11-12T10:55:32+00:00","twitter_card":"summary_large_image","twitter_misc":{"Tahmini okuma s\u00fcresi":"1 dakika"},"schema":{"@context":"https:\/\/schema.org","@graph":[{"@type":"WebPage","@id":"https:\/\/dulonmarine.com\/","url":"https:\/\/dulonmarine.com\/","name":"Dulon Marine &amp; Deckmate - Dulon Marine","isPartOf":{"@id":"https:\/\/dulonmarine.com\/pt\/#website"},"datePublished":"2023-02-16T10:58:16+00:00","dateModified":"2025-11-12T10:55:32+00:00","breadcrumb":{"@id":"https:\/\/dulonmarine.com\/#breadcrumb"},"inLanguage":"tr","potentialAction":[{"@type":"ReadAction","target":["https:\/\/dulonmarine.com\/"]}]},{"@type":"BreadcrumbList","@id":"https:\/\/dulonmarine.com\/#breadcrumb","itemListElement":[{"@type":"ListItem","position":1,"name":"Home","item":"https:\/\/dulonmarine.com\/"},{"@type":"ListItem","position":2,"name":"Dulon Marine &#038; Deckmate"}]},{"@type":"WebSite","@id":"https:\/\/dulonmarine.com\/pt\/#website","url":"https:\/\/dulonmarine.com\/pt\/","name":"Dulon Marine","description":"Scheepvaart i\u00e7in di\u011fer \u00fcr\u00fcnler","publisher":{"@id":"https:\/\/dulonmarine.com\/pt\/#organization"},"potentialAction":[{"@type":"SearchAction","target":{"@type":"EntryPoint","urlTemplate":"https:\/\/dulonmarine.com\/pt\/?s={search_term_string}"},"query-input":{"@type":"PropertyValueSpecification","valueRequired":true,"valueName":"search_term_string"}}],"inLanguage":"tr"},{"@type":"Organization","@id":"https:\/\/dulonmarine.com\/pt\/#organization","name":"Dulon Marine Deckmate Grubu","url":"https:\/\/dulonmarine.com\/pt\/","logo":{"@type":"ImageObject","inLanguage":"tr","@id":"https:\/\/dulonmarine.com\/pt\/#\/schema\/logo\/image\/","url":"http:\/\/dulonmarine.com\/wp-content\/uploads\/2023\/02\/Dulon-Marine-Deckmate-Group-logo-small.png","contentUrl":"http:\/\/dulonmarine.com\/wp-content\/uploads\/2023\/02\/Dulon-Marine-Deckmate-Group-logo-small.png","width":350,"height":150,"caption":"Dulon Marine Deckmate Group"},"image":{"@id":"https:\/\/dulonmarine.com\/pt\/#\/schema\/logo\/image\/"},"sameAs":["https:\/\/www.facebook.com\/dulonmarine?locale=nl_NL","https:\/\/www.instagram.com\/dulonmarinegroup\/"]}]}},"_links":{"self":[{"href":"https:\/\/dulonmarine.com\/tr\/wp-json\/wp\/v2\/pages\/8682","targetHints":{"allow":["GET"]}}],"collection":[{"href":"https:\/\/dulonmarine.com\/tr\/wp-json\/wp\/v2\/pages"}],"about":[{"href":"https:\/\/dulonmarine.com\/tr\/wp-json\/wp\/v2\/types\/page"}],"author":[{"embeddable":true,"href":"https:\/\/dulonmarine.com\/tr\/wp-json\/wp\/v2\/users\/11"}],"replies":[{"embeddable":true,"href":"https:\/\/dulonmarine.com\/tr\/wp-json\/wp\/v2\/comments?post=8682"}],"version-history":[{"count":4,"href":"https:\/\/dulonmarine.com\/tr\/wp-json\/wp\/v2\/pages\/8682\/revisions"}],"predecessor-version":[{"id":9931,"href":"https:\/\/dulonmarine.com\/tr\/wp-json\/wp\/v2\/pages\/8682\/revisions\/9931"}],"wp:attachment":[{"href":"https:\/\/dulonmarine.com\/tr\/wp-json\/wp\/v2\/media?parent=8682"}],"curies":[{"name":"wp","href":"https:\/\/api.w.org\/{rel}","templated":true}]}}