{"id":7723,"date":"2020-08-14T12:26:49","date_gmt":"2020-08-14T11:26:49","guid":{"rendered":"http:\/\/dulonmarine.com\/?post_type=product&#038;p=7723"},"modified":"2024-10-23T14:21:36","modified_gmt":"2024-10-23T13:21:36","slug":"dulon-sintine-motor-temizleyici-34-agir-hizmet-tipi","status":"publish","type":"product","link":"https:\/\/dulonmarine.com\/tr\/winkel\/technique\/sample-product\/dulon-bilge-engine-cleaner-34-heavy-duty\/","title":{"rendered":"Dulon Sintine ve Motor Temizleyici 34 - A\u011f\u0131r Hizmet"},"content":{"rendered":"","protected":false},"excerpt":{"rendered":"<p>Ya\u011f, gres ve \u00e7amuru temizler ve \u00e7\u00f6zer<\/p>\n<hr \/>\n<p>Motor, motor b\u00f6lmesi ve sintine temizli\u011fi ve ya\u011f giderme i\u00e7in \u00f6zel olarak geli\u015ftirilmi\u015f g\u00fc\u00e7l\u00fc, \u00e7ok i\u015flevli ya\u011f giderici. \u00dcr\u00fcn kullan\u0131mda g\u00fcvenlidir, biyolojik olarak par\u00e7alanabilir ve ya\u011f, gres ve ya\u011flay\u0131c\u0131lar gibi maddeleri etkili bir \u015fekilde giderir.<\/p>\n<ul>\n<li>End\u00fcstriyel - A\u011f\u0131r Hizmet Tipi form\u00fclasyon.<\/li>\n<li>Ya\u011f, gres, ya\u011flay\u0131c\u0131lar vb. maddeleri zahmetsizce temizler.<\/li>\n<li>G\u00fcvenli kullan\u0131m.<\/li>\n<li>Biyolojik olarak par\u00e7alanabilir.<\/li>\n<\/ul>\n<div class=\"x-video-inner\">\n    <video  \nclass=\"x-mejs x-wp-video-shortcode advanced-controls\" \n        width=\"400\" \n        height=\"400\" \n        loop autoplay muted playsinline style=\"border: none; outline: none; background: none;\"><source type=\"video\/mp4\" src=\"http:\/\/dulonmarine.com\/wp-content\/uploads\/2024\/10\/34.Bilge_And_Engine_Cleaner_Heavy_Duty-360-video.mp4\"><\/video>\n<\/div>","protected":false},"featured_media":9141,"template":"","meta":{"_acf_changed":false,"om_disable_all_campaigns":false,"rs_blank_template":"","rs_page_bg_color":"","slide_template_v7":"","inline_featured_image":false,"_monsterinsights_skip_tracking":false,"_monsterinsights_sitenote_active":false,"_monsterinsights_sitenote_note":"","_monsterinsights_sitenote_category":0},"product_brand":[],"product_cat":[46],"product_tag":[22],"class_list":{"0":"post-7723","1":"product","2":"type-product","3":"status-publish","4":"has-post-thumbnail","6":"product_cat-technique","7":"product_tag-22","8":"pa_article-numbers-contents-6-34010","9":"pa_article-numbers-contents-6-35040","10":"pa_article-numbers-contents-6-34250","11":"pa_available-content-1l","12":"pa_available-content-25l","13":"pa_available-content-5l","14":"pa_crp-clean-en","17":"first","18":"instock","19":"purchasable","20":"product-type-variable"},"acf":[],"yoast_head":"<!-- This site is optimized with the Yoast SEO plugin v27.4 - https:\/\/yoast.com\/product\/yoast-seo-wordpress\/ -->\n<title>Dulon Bilge &amp; Engine Cleaner 34 - Heavy Duty -<\/title>\n<meta name=\"description\" content=\"Strong multifunctional degreaser, developed especially for cleaning and degreasing the engine, motor (compartment) and bilge.\" \/>\n<meta name=\"robots\" content=\"index, follow, max-snippet:-1, max-image-preview:large, max-video-preview:-1\" \/>\n<link rel=\"canonical\" href=\"https:\/\/dulonmarine.com\/tr\/winkel\/teknigi\/ornek-urun\/dulon-sintine-motor-temizleyici-34-agir-hizmet-tipi\/\" \/>\n<meta property=\"og:locale\" content=\"tr_TR\" \/>\n<meta property=\"og:type\" content=\"article\" \/>\n<meta property=\"og:title\" content=\"Dulon Bilge &amp; Engine Cleaner 34 - Heavy Duty -\" \/>\n<meta property=\"og:description\" content=\"Strong multifunctional degreaser, developed especially for cleaning and degreasing the engine, motor (compartment) and bilge.\" \/>\n<meta property=\"og:url\" content=\"https:\/\/dulonmarine.com\/tr\/winkel\/teknigi\/ornek-urun\/dulon-sintine-motor-temizleyici-34-agir-hizmet-tipi\/\" \/>\n<meta property=\"og:site_name\" content=\"Dulon Marine\" \/>\n<meta property=\"article:publisher\" content=\"https:\/\/www.facebook.com\/dulonmarine?locale=nl_NL\" \/>\n<meta property=\"article:modified_time\" content=\"2024-10-23T13:21:36+00:00\" \/>\n<meta property=\"og:image\" content=\"https:\/\/dulonmarine.com\/wp-content\/uploads\/2020\/08\/34-Dulon-Marine-Bilge-Engine-Cleaner-heavy-duty.jpg\" \/>\n\t<meta property=\"og:image:width\" content=\"1200\" \/>\n\t<meta property=\"og:image:height\" content=\"1200\" \/>\n\t<meta property=\"og:image:type\" content=\"image\/jpeg\" \/>\n<meta name=\"twitter:card\" content=\"summary_large_image\" \/>\n<meta name=\"twitter:label1\" content=\"Tahmini okuma s\u00fcresi\" \/>\n\t<meta name=\"twitter:data1\" content=\"1 dakika\" \/>\n<script type=\"application\/ld+json\" class=\"yoast-schema-graph\">{\"@context\":\"https:\\\/\\\/schema.org\",\"@graph\":[{\"@type\":\"WebPage\",\"@id\":\"https:\\\/\\\/dulonmarine.com\\\/da\\\/winkel\\\/technique\\\/proveprodukt\\\/dulon-bilge-engine-cleaner-34-heavy-duty\\\/\",\"url\":\"https:\\\/\\\/dulonmarine.com\\\/da\\\/winkel\\\/technique\\\/proveprodukt\\\/dulon-bilge-engine-cleaner-34-heavy-duty\\\/\",\"name\":\"Dulon Bilge & Engine Cleaner 34 - Heavy Duty -\",\"isPartOf\":{\"@id\":\"https:\\\/\\\/dulonmarine.com\\\/pt\\\/#website\"},\"primaryImageOfPage\":{\"@id\":\"https:\\\/\\\/dulonmarine.com\\\/da\\\/winkel\\\/technique\\\/proveprodukt\\\/dulon-bilge-engine-cleaner-34-heavy-duty\\\/#primaryimage\"},\"image\":{\"@id\":\"https:\\\/\\\/dulonmarine.com\\\/da\\\/winkel\\\/technique\\\/proveprodukt\\\/dulon-bilge-engine-cleaner-34-heavy-duty\\\/#primaryimage\"},\"thumbnailUrl\":\"https:\\\/\\\/dulonmarine.com\\\/wp-content\\\/uploads\\\/2020\\\/08\\\/34-Dulon-Marine-Bilge-Engine-Cleaner-heavy-duty.jpg\",\"datePublished\":\"2020-08-14T11:26:49+00:00\",\"dateModified\":\"2024-10-23T13:21:36+00:00\",\"description\":\"Strong multifunctional degreaser, developed especially for cleaning and degreasing the engine, motor (compartment) and bilge.\",\"breadcrumb\":{\"@id\":\"https:\\\/\\\/dulonmarine.com\\\/da\\\/winkel\\\/technique\\\/proveprodukt\\\/dulon-bilge-engine-cleaner-34-heavy-duty\\\/#breadcrumb\"},\"inLanguage\":\"tr\",\"potentialAction\":[{\"@type\":\"ReadAction\",\"target\":[\"https:\\\/\\\/dulonmarine.com\\\/da\\\/winkel\\\/technique\\\/proveprodukt\\\/dulon-bilge-engine-cleaner-34-heavy-duty\\\/\"]}]},{\"@type\":\"ImageObject\",\"inLanguage\":\"tr\",\"@id\":\"https:\\\/\\\/dulonmarine.com\\\/da\\\/winkel\\\/technique\\\/proveprodukt\\\/dulon-bilge-engine-cleaner-34-heavy-duty\\\/#primaryimage\",\"url\":\"https:\\\/\\\/dulonmarine.com\\\/wp-content\\\/uploads\\\/2020\\\/08\\\/34-Dulon-Marine-Bilge-Engine-Cleaner-heavy-duty.jpg\",\"contentUrl\":\"https:\\\/\\\/dulonmarine.com\\\/wp-content\\\/uploads\\\/2020\\\/08\\\/34-Dulon-Marine-Bilge-Engine-Cleaner-heavy-duty.jpg\",\"width\":1200,\"height\":1200},{\"@type\":\"BreadcrumbList\",\"@id\":\"https:\\\/\\\/dulonmarine.com\\\/da\\\/winkel\\\/technique\\\/proveprodukt\\\/dulon-bilge-engine-cleaner-34-heavy-duty\\\/#breadcrumb\",\"itemListElement\":[{\"@type\":\"ListItem\",\"position\":1,\"name\":\"Home\",\"item\":\"https:\\\/\\\/dulonmarine.com\\\/\"},{\"@type\":\"ListItem\",\"position\":2,\"name\":\"Winkel\",\"item\":\"https:\\\/\\\/dulonmarine.com\\\/pt\\\/piacaba\\\/\"},{\"@type\":\"ListItem\",\"position\":3,\"name\":\"Dulon Bilge &#038; Engine Cleaner 34 &#8211; Heavy Duty\"}]},{\"@type\":\"WebSite\",\"@id\":\"https:\\\/\\\/dulonmarine.com\\\/pt\\\/#website\",\"url\":\"https:\\\/\\\/dulonmarine.com\\\/pt\\\/\",\"name\":\"Dulon Marine\",\"description\":\"Onderhoudsproducten voor de scheepvaart\",\"publisher\":{\"@id\":\"https:\\\/\\\/dulonmarine.com\\\/pt\\\/#organization\"},\"potentialAction\":[{\"@type\":\"SearchAction\",\"target\":{\"@type\":\"EntryPoint\",\"urlTemplate\":\"https:\\\/\\\/dulonmarine.com\\\/pt\\\/?s={search_term_string}\"},\"query-input\":{\"@type\":\"PropertyValueSpecification\",\"valueRequired\":true,\"valueName\":\"search_term_string\"}}],\"inLanguage\":\"tr\"},{\"@type\":\"Organization\",\"@id\":\"https:\\\/\\\/dulonmarine.com\\\/pt\\\/#organization\",\"name\":\"Dulon Marine Deckmate Group\",\"url\":\"https:\\\/\\\/dulonmarine.com\\\/pt\\\/\",\"logo\":{\"@type\":\"ImageObject\",\"inLanguage\":\"tr\",\"@id\":\"https:\\\/\\\/dulonmarine.com\\\/pt\\\/#\\\/schema\\\/logo\\\/image\\\/\",\"url\":\"http:\\\/\\\/dulonmarine.com\\\/wp-content\\\/uploads\\\/2023\\\/02\\\/Dulon-Marine-Deckmate-Group-logo-small.png\",\"contentUrl\":\"http:\\\/\\\/dulonmarine.com\\\/wp-content\\\/uploads\\\/2023\\\/02\\\/Dulon-Marine-Deckmate-Group-logo-small.png\",\"width\":350,\"height\":150,\"caption\":\"Dulon Marine Deckmate Group\"},\"image\":{\"@id\":\"https:\\\/\\\/dulonmarine.com\\\/pt\\\/#\\\/schema\\\/logo\\\/image\\\/\"},\"sameAs\":[\"https:\\\/\\\/www.facebook.com\\\/dulonmarine?locale=nl_NL\",\"https:\\\/\\\/www.instagram.com\\\/dulonmarinegroup\\\/\"]}]}<\/script>\n<!-- \/ Yoast SEO plugin. -->","yoast_head_json":{"title":"Dulon Sintine ve Motor Temizleyici 34 - A\u011f\u0131r Hizmet Tipi -","description":"\u00d6zellikle motor, motor (b\u00f6lmesi) ve sintinenin temizlenmesi ve ya\u011fdan ar\u0131nd\u0131r\u0131lmas\u0131 i\u00e7in geli\u015ftirilmi\u015f g\u00fc\u00e7l\u00fc \u00e7ok i\u015flevli ya\u011f giderici.","robots":{"index":"index","follow":"follow","max-snippet":"max-snippet:-1","max-image-preview":"max-image-preview:large","max-video-preview":"max-video-preview:-1"},"canonical":"https:\/\/dulonmarine.com\/tr\/winkel\/teknigi\/ornek-urun\/dulon-sintine-motor-temizleyici-34-agir-hizmet-tipi\/","og_locale":"tr_TR","og_type":"article","og_title":"Dulon Bilge & Engine Cleaner 34 - Heavy Duty -","og_description":"Strong multifunctional degreaser, developed especially for cleaning and degreasing the engine, motor (compartment) and bilge.","og_url":"https:\/\/dulonmarine.com\/tr\/winkel\/teknigi\/ornek-urun\/dulon-sintine-motor-temizleyici-34-agir-hizmet-tipi\/","og_site_name":"Dulon Marine","article_publisher":"https:\/\/www.facebook.com\/dulonmarine?locale=nl_NL","article_modified_time":"2024-10-23T13:21:36+00:00","og_image":[{"width":1200,"height":1200,"url":"https:\/\/dulonmarine.com\/wp-content\/uploads\/2020\/08\/34-Dulon-Marine-Bilge-Engine-Cleaner-heavy-duty.jpg","type":"image\/jpeg"}],"twitter_card":"summary_large_image","twitter_misc":{"Tahmini okuma s\u00fcresi":"1 dakika"},"schema":{"@context":"https:\/\/schema.org","@graph":[{"@type":"WebPage","@id":"https:\/\/dulonmarine.com\/da\/winkel\/technique\/proveprodukt\/dulon-bilge-engine-cleaner-34-heavy-duty\/","url":"https:\/\/dulonmarine.com\/da\/winkel\/technique\/proveprodukt\/dulon-bilge-engine-cleaner-34-heavy-duty\/","name":"Dulon Sintine ve Motor Temizleyici 34 - A\u011f\u0131r Hizmet Tipi -","isPartOf":{"@id":"https:\/\/dulonmarine.com\/pt\/#website"},"primaryImageOfPage":{"@id":"https:\/\/dulonmarine.com\/da\/winkel\/technique\/proveprodukt\/dulon-bilge-engine-cleaner-34-heavy-duty\/#primaryimage"},"image":{"@id":"https:\/\/dulonmarine.com\/da\/winkel\/technique\/proveprodukt\/dulon-bilge-engine-cleaner-34-heavy-duty\/#primaryimage"},"thumbnailUrl":"https:\/\/dulonmarine.com\/wp-content\/uploads\/2020\/08\/34-Dulon-Marine-Bilge-Engine-Cleaner-heavy-duty.jpg","datePublished":"2020-08-14T11:26:49+00:00","dateModified":"2024-10-23T13:21:36+00:00","description":"\u00d6zellikle motor, motor (b\u00f6lmesi) ve sintinenin temizlenmesi ve ya\u011fdan ar\u0131nd\u0131r\u0131lmas\u0131 i\u00e7in geli\u015ftirilmi\u015f g\u00fc\u00e7l\u00fc \u00e7ok i\u015flevli ya\u011f giderici.","breadcrumb":{"@id":"https:\/\/dulonmarine.com\/da\/winkel\/technique\/proveprodukt\/dulon-bilge-engine-cleaner-34-heavy-duty\/#breadcrumb"},"inLanguage":"tr","potentialAction":[{"@type":"ReadAction","target":["https:\/\/dulonmarine.com\/da\/winkel\/technique\/proveprodukt\/dulon-bilge-engine-cleaner-34-heavy-duty\/"]}]},{"@type":"ImageObject","inLanguage":"tr","@id":"https:\/\/dulonmarine.com\/da\/winkel\/technique\/proveprodukt\/dulon-bilge-engine-cleaner-34-heavy-duty\/#primaryimage","url":"https:\/\/dulonmarine.com\/wp-content\/uploads\/2020\/08\/34-Dulon-Marine-Bilge-Engine-Cleaner-heavy-duty.jpg","contentUrl":"https:\/\/dulonmarine.com\/wp-content\/uploads\/2020\/08\/34-Dulon-Marine-Bilge-Engine-Cleaner-heavy-duty.jpg","width":1200,"height":1200},{"@type":"BreadcrumbList","@id":"https:\/\/dulonmarine.com\/da\/winkel\/technique\/proveprodukt\/dulon-bilge-engine-cleaner-34-heavy-duty\/#breadcrumb","itemListElement":[{"@type":"ListItem","position":1,"name":"Home","item":"https:\/\/dulonmarine.com\/"},{"@type":"ListItem","position":2,"name":"Winkel","item":"https:\/\/dulonmarine.com\/pt\/piacaba\/"},{"@type":"ListItem","position":3,"name":"Dulon Bilge &#038; Engine Cleaner 34 &#8211; Heavy Duty"}]},{"@type":"WebSite","@id":"https:\/\/dulonmarine.com\/pt\/#website","url":"https:\/\/dulonmarine.com\/pt\/","name":"Dulon Marine","description":"Scheepvaart i\u00e7in di\u011fer \u00fcr\u00fcnler","publisher":{"@id":"https:\/\/dulonmarine.com\/pt\/#organization"},"potentialAction":[{"@type":"SearchAction","target":{"@type":"EntryPoint","urlTemplate":"https:\/\/dulonmarine.com\/pt\/?s={search_term_string}"},"query-input":{"@type":"PropertyValueSpecification","valueRequired":true,"valueName":"search_term_string"}}],"inLanguage":"tr"},{"@type":"Organization","@id":"https:\/\/dulonmarine.com\/pt\/#organization","name":"Dulon Marine Deckmate Grubu","url":"https:\/\/dulonmarine.com\/pt\/","logo":{"@type":"ImageObject","inLanguage":"tr","@id":"https:\/\/dulonmarine.com\/pt\/#\/schema\/logo\/image\/","url":"http:\/\/dulonmarine.com\/wp-content\/uploads\/2023\/02\/Dulon-Marine-Deckmate-Group-logo-small.png","contentUrl":"http:\/\/dulonmarine.com\/wp-content\/uploads\/2023\/02\/Dulon-Marine-Deckmate-Group-logo-small.png","width":350,"height":150,"caption":"Dulon Marine Deckmate Group"},"image":{"@id":"https:\/\/dulonmarine.com\/pt\/#\/schema\/logo\/image\/"},"sameAs":["https:\/\/www.facebook.com\/dulonmarine?locale=nl_NL","https:\/\/www.instagram.com\/dulonmarinegroup\/"]}]}},"_links":{"self":[{"href":"https:\/\/dulonmarine.com\/tr\/wp-json\/wp\/v2\/product\/7723","targetHints":{"allow":["GET"]}}],"collection":[{"href":"https:\/\/dulonmarine.com\/tr\/wp-json\/wp\/v2\/product"}],"about":[{"href":"https:\/\/dulonmarine.com\/tr\/wp-json\/wp\/v2\/types\/product"}],"wp:featuredmedia":[{"embeddable":true,"href":"https:\/\/dulonmarine.com\/tr\/wp-json\/wp\/v2\/media\/9141"}],"wp:attachment":[{"href":"https:\/\/dulonmarine.com\/tr\/wp-json\/wp\/v2\/media?parent=7723"}],"wp:term":[{"taxonomy":"product_brand","embeddable":true,"href":"https:\/\/dulonmarine.com\/tr\/wp-json\/wp\/v2\/product_brand?post=7723"},{"taxonomy":"product_cat","embeddable":true,"href":"https:\/\/dulonmarine.com\/tr\/wp-json\/wp\/v2\/product_cat?post=7723"},{"taxonomy":"product_tag","embeddable":true,"href":"https:\/\/dulonmarine.com\/tr\/wp-json\/wp\/v2\/product_tag?post=7723"}],"curies":[{"name":"wp","href":"https:\/\/api.w.org\/{rel}","templated":true}]}}