{"id":7748,"date":"2020-08-17T09:27:41","date_gmt":"2020-08-17T08:27:41","guid":{"rendered":"http:\/\/dulonmarine.com\/?post_type=product&#038;p=7748"},"modified":"2024-10-23T14:42:53","modified_gmt":"2024-10-23T13:42:53","slug":"dulon-paslanmaz-celi%cc%87k-ci%cc%87la-60-temi%cc%87z-parlatir-korur","status":"publish","type":"product","link":"https:\/\/dulonmarine.com\/tr\/winkel\/metal\/sample-product\/dulon-stainless-steel-polish-60-clean-shine-protect\/","title":{"rendered":"Dulon Paslanmaz \u00c7elik Cilas\u0131 60 - temizleyin, parlat\u0131n ve koruyun"},"content":{"rendered":"","protected":false},"excerpt":{"rendered":"<p>Temizleyin, Parlat\u0131n ve I\u015f\u0131ldat\u0131n<\/p>\n<hr \/>\n<p>Direkler, korkuluklar, mente\u015feler, hava kep\u00e7eleri, mandallar, kilitler, s\u00fcrg\u00fcler, liman delikleri vb. gibi her t\u00fcrl\u00fc (cilal\u0131) paslanmaz \u00e7elik i\u00e7in profesyonel temizleyici ve koruyucu. Kirlili\u011fi, korozyonu giderir ve bir koruma katman\u0131 sa\u011flar.<\/p>\n<ul>\n<li>Kire\u00e7, kire\u00e7 birikintileri, korozyon ve di\u011fer kirleticileri temizler.<\/li>\n<li>Derin parlakl\u0131k.<\/li>\n<li>Uzun \u00f6m\u00fcrl\u00fc koruyucu i\u015flev.<\/li>\n<li>Kolay a\u00e7\u0131l\u0131r, kolay kapan\u0131r.<\/li>\n<\/ul>\n<div class=\"x-video-inner\">\n    <video  \nclass=\"x-mejs x-wp-video-shortcode advanced-controls\" \n        width=\"400\" \n        height=\"400\" \n        loop autoplay muted playsinline style=\"border: none; outline: none; background: none;\"><source type=\"video\/mp4\" src=\"http:\/\/dulonmarine.com\/wp-content\/uploads\/2024\/10\/60.Stainless_Steel_Polish-360-video.mp4\"><\/video>\n<\/div>","protected":false},"featured_media":9133,"template":"","meta":{"_acf_changed":false,"om_disable_all_campaigns":false,"rs_blank_template":"","rs_page_bg_color":"","slide_template_v7":"","inline_featured_image":false,"_monsterinsights_skip_tracking":false,"_monsterinsights_sitenote_active":false,"_monsterinsights_sitenote_note":"","_monsterinsights_sitenote_category":0},"product_brand":[],"product_cat":[49],"product_tag":[15],"class_list":{"0":"post-7748","1":"product","2":"type-product","3":"status-publish","4":"has-post-thumbnail","6":"product_cat-metal","7":"product_tag-15","8":"pa_article-numbers-contents-6-60005","9":"pa_article-numbers-contents-6-60050","10":"pa_article-numbers-contents-6-60250","11":"pa_available-content-0-5l","12":"pa_available-content-25l","13":"pa_available-content-5l","14":"pa_crp-clean-restore-protect-en","17":"first","18":"instock","19":"purchasable","20":"product-type-variable"},"acf":[],"yoast_head":"<!-- This site is optimized with the Yoast SEO plugin v27.3 - https:\/\/yoast.com\/product\/yoast-seo-wordpress\/ -->\n<title>Dulon Stainless Steel Polish 60 - clean, shine &amp; protect -<\/title>\n<meta name=\"description\" content=\"Professional cleaner &amp; protector for all kinds of (polished) stainless steel\" \/>\n<meta name=\"robots\" content=\"index, follow, max-snippet:-1, max-image-preview:large, max-video-preview:-1\" \/>\n<link rel=\"canonical\" href=\"https:\/\/dulonmarine.com\/tr\/winkel\/metal\/ornek-urun\/dulon-paslanmaz-celi\u0307k-ci\u0307la-60-temi\u0307z-parlatir-korur\/\" \/>\n<meta property=\"og:locale\" content=\"tr_TR\" \/>\n<meta property=\"og:type\" content=\"article\" \/>\n<meta property=\"og:title\" content=\"Dulon Stainless Steel Polish 60 - clean, shine &amp; protect -\" \/>\n<meta property=\"og:description\" content=\"Professional cleaner &amp; protector for all kinds of (polished) stainless steel\" \/>\n<meta property=\"og:url\" content=\"https:\/\/dulonmarine.com\/tr\/winkel\/metal\/ornek-urun\/dulon-paslanmaz-celi\u0307k-ci\u0307la-60-temi\u0307z-parlatir-korur\/\" \/>\n<meta property=\"og:site_name\" content=\"Dulon Marine\" \/>\n<meta property=\"article:publisher\" content=\"https:\/\/www.facebook.com\/dulonmarine?locale=nl_NL\" \/>\n<meta property=\"article:modified_time\" content=\"2024-10-23T13:42:53+00:00\" \/>\n<meta property=\"og:image\" content=\"https:\/\/dulonmarine.com\/wp-content\/uploads\/2020\/08\/60-Dulon-Marine-Stainless-Steel-Polish.jpg\" \/>\n\t<meta property=\"og:image:width\" content=\"1200\" \/>\n\t<meta property=\"og:image:height\" content=\"1200\" \/>\n\t<meta property=\"og:image:type\" content=\"image\/jpeg\" \/>\n<meta name=\"twitter:card\" content=\"summary_large_image\" \/>\n<meta name=\"twitter:label1\" content=\"Tahmini okuma s\u00fcresi\" \/>\n\t<meta name=\"twitter:data1\" content=\"1 dakika\" \/>\n<script type=\"application\/ld+json\" class=\"yoast-schema-graph\">{\"@context\":\"https:\\\/\\\/schema.org\",\"@graph\":[{\"@type\":\"WebPage\",\"@id\":\"https:\\\/\\\/dulonmarine.com\\\/es\\\/winkel\\\/metal\\\/producto-de-muestra\\\/dulon-stainless-steel-polish-60-clean-shine-protect\\\/\",\"url\":\"https:\\\/\\\/dulonmarine.com\\\/es\\\/winkel\\\/metal\\\/producto-de-muestra\\\/dulon-stainless-steel-polish-60-clean-shine-protect\\\/\",\"name\":\"Dulon Stainless Steel Polish 60 - clean, shine & protect -\",\"isPartOf\":{\"@id\":\"https:\\\/\\\/dulonmarine.com\\\/pt\\\/#website\"},\"primaryImageOfPage\":{\"@id\":\"https:\\\/\\\/dulonmarine.com\\\/es\\\/winkel\\\/metal\\\/producto-de-muestra\\\/dulon-stainless-steel-polish-60-clean-shine-protect\\\/#primaryimage\"},\"image\":{\"@id\":\"https:\\\/\\\/dulonmarine.com\\\/es\\\/winkel\\\/metal\\\/producto-de-muestra\\\/dulon-stainless-steel-polish-60-clean-shine-protect\\\/#primaryimage\"},\"thumbnailUrl\":\"https:\\\/\\\/dulonmarine.com\\\/wp-content\\\/uploads\\\/2020\\\/08\\\/60-Dulon-Marine-Stainless-Steel-Polish.jpg\",\"datePublished\":\"2020-08-17T08:27:41+00:00\",\"dateModified\":\"2024-10-23T13:42:53+00:00\",\"description\":\"Professional cleaner & protector for all kinds of (polished) stainless steel\",\"breadcrumb\":{\"@id\":\"https:\\\/\\\/dulonmarine.com\\\/es\\\/winkel\\\/metal\\\/producto-de-muestra\\\/dulon-stainless-steel-polish-60-clean-shine-protect\\\/#breadcrumb\"},\"inLanguage\":\"tr\",\"potentialAction\":[{\"@type\":\"ReadAction\",\"target\":[\"https:\\\/\\\/dulonmarine.com\\\/es\\\/winkel\\\/metal\\\/producto-de-muestra\\\/dulon-stainless-steel-polish-60-clean-shine-protect\\\/\"]}]},{\"@type\":\"ImageObject\",\"inLanguage\":\"tr\",\"@id\":\"https:\\\/\\\/dulonmarine.com\\\/es\\\/winkel\\\/metal\\\/producto-de-muestra\\\/dulon-stainless-steel-polish-60-clean-shine-protect\\\/#primaryimage\",\"url\":\"https:\\\/\\\/dulonmarine.com\\\/wp-content\\\/uploads\\\/2020\\\/08\\\/60-Dulon-Marine-Stainless-Steel-Polish.jpg\",\"contentUrl\":\"https:\\\/\\\/dulonmarine.com\\\/wp-content\\\/uploads\\\/2020\\\/08\\\/60-Dulon-Marine-Stainless-Steel-Polish.jpg\",\"width\":1200,\"height\":1200},{\"@type\":\"BreadcrumbList\",\"@id\":\"https:\\\/\\\/dulonmarine.com\\\/es\\\/winkel\\\/metal\\\/producto-de-muestra\\\/dulon-stainless-steel-polish-60-clean-shine-protect\\\/#breadcrumb\",\"itemListElement\":[{\"@type\":\"ListItem\",\"position\":1,\"name\":\"Home\",\"item\":\"https:\\\/\\\/dulonmarine.com\\\/\"},{\"@type\":\"ListItem\",\"position\":2,\"name\":\"Winkel\",\"item\":\"https:\\\/\\\/dulonmarine.com\\\/pt\\\/piacaba\\\/\"},{\"@type\":\"ListItem\",\"position\":3,\"name\":\"Dulon Stainless Steel Polish 60 &#8211; clean, shine &#038; protect\"}]},{\"@type\":\"WebSite\",\"@id\":\"https:\\\/\\\/dulonmarine.com\\\/pt\\\/#website\",\"url\":\"https:\\\/\\\/dulonmarine.com\\\/pt\\\/\",\"name\":\"Dulon Marine\",\"description\":\"Onderhoudsproducten voor de scheepvaart\",\"publisher\":{\"@id\":\"https:\\\/\\\/dulonmarine.com\\\/pt\\\/#organization\"},\"potentialAction\":[{\"@type\":\"SearchAction\",\"target\":{\"@type\":\"EntryPoint\",\"urlTemplate\":\"https:\\\/\\\/dulonmarine.com\\\/pt\\\/?s={search_term_string}\"},\"query-input\":{\"@type\":\"PropertyValueSpecification\",\"valueRequired\":true,\"valueName\":\"search_term_string\"}}],\"inLanguage\":\"tr\"},{\"@type\":\"Organization\",\"@id\":\"https:\\\/\\\/dulonmarine.com\\\/pt\\\/#organization\",\"name\":\"Dulon Marine Deckmate Group\",\"url\":\"https:\\\/\\\/dulonmarine.com\\\/pt\\\/\",\"logo\":{\"@type\":\"ImageObject\",\"inLanguage\":\"tr\",\"@id\":\"https:\\\/\\\/dulonmarine.com\\\/pt\\\/#\\\/schema\\\/logo\\\/image\\\/\",\"url\":\"http:\\\/\\\/dulonmarine.com\\\/wp-content\\\/uploads\\\/2023\\\/02\\\/Dulon-Marine-Deckmate-Group-logo-small.png\",\"contentUrl\":\"http:\\\/\\\/dulonmarine.com\\\/wp-content\\\/uploads\\\/2023\\\/02\\\/Dulon-Marine-Deckmate-Group-logo-small.png\",\"width\":350,\"height\":150,\"caption\":\"Dulon Marine Deckmate Group\"},\"image\":{\"@id\":\"https:\\\/\\\/dulonmarine.com\\\/pt\\\/#\\\/schema\\\/logo\\\/image\\\/\"},\"sameAs\":[\"https:\\\/\\\/www.facebook.com\\\/dulonmarine?locale=nl_NL\",\"https:\\\/\\\/www.instagram.com\\\/dulonmarinegroup\\\/\"]}]}<\/script>\n<!-- \/ Yoast SEO plugin. -->","yoast_head_json":{"title":"Dulon Paslanmaz \u00c7elik Cilas\u0131 60 - temizleyin, parlat\u0131n ve koruyun -","description":"Her t\u00fcrl\u00fc (cilal\u0131) paslanmaz \u00e7elik i\u00e7in profesyonel temizleyici ve koruyucu","robots":{"index":"index","follow":"follow","max-snippet":"max-snippet:-1","max-image-preview":"max-image-preview:large","max-video-preview":"max-video-preview:-1"},"canonical":"https:\/\/dulonmarine.com\/tr\/winkel\/metal\/ornek-urun\/dulon-paslanmaz-celi\u0307k-ci\u0307la-60-temi\u0307z-parlatir-korur\/","og_locale":"tr_TR","og_type":"article","og_title":"Dulon Stainless Steel Polish 60 - clean, shine & protect -","og_description":"Professional cleaner & protector for all kinds of (polished) stainless steel","og_url":"https:\/\/dulonmarine.com\/tr\/winkel\/metal\/ornek-urun\/dulon-paslanmaz-celi\u0307k-ci\u0307la-60-temi\u0307z-parlatir-korur\/","og_site_name":"Dulon Marine","article_publisher":"https:\/\/www.facebook.com\/dulonmarine?locale=nl_NL","article_modified_time":"2024-10-23T13:42:53+00:00","og_image":[{"width":1200,"height":1200,"url":"https:\/\/dulonmarine.com\/wp-content\/uploads\/2020\/08\/60-Dulon-Marine-Stainless-Steel-Polish.jpg","type":"image\/jpeg"}],"twitter_card":"summary_large_image","twitter_misc":{"Tahmini okuma s\u00fcresi":"1 dakika"},"schema":{"@context":"https:\/\/schema.org","@graph":[{"@type":"WebPage","@id":"https:\/\/dulonmarine.com\/es\/winkel\/metal\/producto-de-muestra\/dulon-stainless-steel-polish-60-clean-shine-protect\/","url":"https:\/\/dulonmarine.com\/es\/winkel\/metal\/producto-de-muestra\/dulon-stainless-steel-polish-60-clean-shine-protect\/","name":"Dulon Paslanmaz \u00c7elik Cilas\u0131 60 - temizleyin, parlat\u0131n ve koruyun -","isPartOf":{"@id":"https:\/\/dulonmarine.com\/pt\/#website"},"primaryImageOfPage":{"@id":"https:\/\/dulonmarine.com\/es\/winkel\/metal\/producto-de-muestra\/dulon-stainless-steel-polish-60-clean-shine-protect\/#primaryimage"},"image":{"@id":"https:\/\/dulonmarine.com\/es\/winkel\/metal\/producto-de-muestra\/dulon-stainless-steel-polish-60-clean-shine-protect\/#primaryimage"},"thumbnailUrl":"https:\/\/dulonmarine.com\/wp-content\/uploads\/2020\/08\/60-Dulon-Marine-Stainless-Steel-Polish.jpg","datePublished":"2020-08-17T08:27:41+00:00","dateModified":"2024-10-23T13:42:53+00:00","description":"Her t\u00fcrl\u00fc (cilal\u0131) paslanmaz \u00e7elik i\u00e7in profesyonel temizleyici ve koruyucu","breadcrumb":{"@id":"https:\/\/dulonmarine.com\/es\/winkel\/metal\/producto-de-muestra\/dulon-stainless-steel-polish-60-clean-shine-protect\/#breadcrumb"},"inLanguage":"tr","potentialAction":[{"@type":"ReadAction","target":["https:\/\/dulonmarine.com\/es\/winkel\/metal\/producto-de-muestra\/dulon-stainless-steel-polish-60-clean-shine-protect\/"]}]},{"@type":"ImageObject","inLanguage":"tr","@id":"https:\/\/dulonmarine.com\/es\/winkel\/metal\/producto-de-muestra\/dulon-stainless-steel-polish-60-clean-shine-protect\/#primaryimage","url":"https:\/\/dulonmarine.com\/wp-content\/uploads\/2020\/08\/60-Dulon-Marine-Stainless-Steel-Polish.jpg","contentUrl":"https:\/\/dulonmarine.com\/wp-content\/uploads\/2020\/08\/60-Dulon-Marine-Stainless-Steel-Polish.jpg","width":1200,"height":1200},{"@type":"BreadcrumbList","@id":"https:\/\/dulonmarine.com\/es\/winkel\/metal\/producto-de-muestra\/dulon-stainless-steel-polish-60-clean-shine-protect\/#breadcrumb","itemListElement":[{"@type":"ListItem","position":1,"name":"Home","item":"https:\/\/dulonmarine.com\/"},{"@type":"ListItem","position":2,"name":"Winkel","item":"https:\/\/dulonmarine.com\/pt\/piacaba\/"},{"@type":"ListItem","position":3,"name":"Dulon Stainless Steel Polish 60 &#8211; clean, shine &#038; protect"}]},{"@type":"WebSite","@id":"https:\/\/dulonmarine.com\/pt\/#website","url":"https:\/\/dulonmarine.com\/pt\/","name":"Dulon Marine","description":"Scheepvaart i\u00e7in di\u011fer \u00fcr\u00fcnler","publisher":{"@id":"https:\/\/dulonmarine.com\/pt\/#organization"},"potentialAction":[{"@type":"SearchAction","target":{"@type":"EntryPoint","urlTemplate":"https:\/\/dulonmarine.com\/pt\/?s={search_term_string}"},"query-input":{"@type":"PropertyValueSpecification","valueRequired":true,"valueName":"search_term_string"}}],"inLanguage":"tr"},{"@type":"Organization","@id":"https:\/\/dulonmarine.com\/pt\/#organization","name":"Dulon Marine Deckmate Grubu","url":"https:\/\/dulonmarine.com\/pt\/","logo":{"@type":"ImageObject","inLanguage":"tr","@id":"https:\/\/dulonmarine.com\/pt\/#\/schema\/logo\/image\/","url":"http:\/\/dulonmarine.com\/wp-content\/uploads\/2023\/02\/Dulon-Marine-Deckmate-Group-logo-small.png","contentUrl":"http:\/\/dulonmarine.com\/wp-content\/uploads\/2023\/02\/Dulon-Marine-Deckmate-Group-logo-small.png","width":350,"height":150,"caption":"Dulon Marine Deckmate Group"},"image":{"@id":"https:\/\/dulonmarine.com\/pt\/#\/schema\/logo\/image\/"},"sameAs":["https:\/\/www.facebook.com\/dulonmarine?locale=nl_NL","https:\/\/www.instagram.com\/dulonmarinegroup\/"]}]}},"_links":{"self":[{"href":"https:\/\/dulonmarine.com\/tr\/wp-json\/wp\/v2\/product\/7748","targetHints":{"allow":["GET"]}}],"collection":[{"href":"https:\/\/dulonmarine.com\/tr\/wp-json\/wp\/v2\/product"}],"about":[{"href":"https:\/\/dulonmarine.com\/tr\/wp-json\/wp\/v2\/types\/product"}],"wp:featuredmedia":[{"embeddable":true,"href":"https:\/\/dulonmarine.com\/tr\/wp-json\/wp\/v2\/media\/9133"}],"wp:attachment":[{"href":"https:\/\/dulonmarine.com\/tr\/wp-json\/wp\/v2\/media?parent=7748"}],"wp:term":[{"taxonomy":"product_brand","embeddable":true,"href":"https:\/\/dulonmarine.com\/tr\/wp-json\/wp\/v2\/product_brand?post=7748"},{"taxonomy":"product_cat","embeddable":true,"href":"https:\/\/dulonmarine.com\/tr\/wp-json\/wp\/v2\/product_cat?post=7748"},{"taxonomy":"product_tag","embeddable":true,"href":"https:\/\/dulonmarine.com\/tr\/wp-json\/wp\/v2\/product_tag?post=7748"}],"curies":[{"name":"wp","href":"https:\/\/api.w.org\/{rel}","templated":true}]}}