{"id":8497,"date":"2023-02-08T11:17:34","date_gmt":"2023-02-08T10:17:34","guid":{"rendered":"http:\/\/dulonmarine.com\/?post_type=product&#038;p=8497"},"modified":"2024-10-24T13:04:33","modified_gmt":"2024-10-24T12:04:33","slug":"deckmate-dm330-mukemmel-kuruyan-paspas","status":"publish","type":"product","link":"https:\/\/dulonmarine.com\/tr\/winkel\/deckmate\/drying-products\/sample-product\/deckmate-dm330-excellent-drying-mop\/","title":{"rendered":"Deckmate DM330 M\u00fckemmel kuruyan paspas"},"content":{"rendered":"<p>Kurutma mopu, h\u0131zl\u0131 serbest b\u0131rakma sistemi sayesinde deckmate sap\u0131na kolayca monte edilebilir. Elle d\u00fc\u011f\u00fcmlenmi\u015f paspas, 18 adet 42 mm PVA malzeme \u015feridinden \u00fcretilmi\u015f olup, paslanmaz \u00e7elik yayl\u0131 klips d\u00fc\u011fmeli parlak dald\u0131rma anodize al\u00fcminyum konekt\u00f6rle donat\u0131lm\u0131\u015ft\u0131r. Konekt\u00f6r\u00fcn alt\u0131ndaki kau\u00e7uk u\u00e7 kapa\u011f\u0131, konekt\u00f6r\u00fcn g\u00fcverteye zarar vermesini \u00f6nler.<\/p>\n<p>Avantajlar:<br \/>\nPaspas, 0,7m2 dayan\u0131kl\u0131 ve son derece emici PVA malzemesi i\u00e7erir ve:<\/p>\n<ul>\n<li>Tiftiksiz ve \u00e7iziksiz<\/li>\n<li>\u00c7\u00fcr\u00fcme ve k\u00fcflenmeyi \u00f6nler<\/li>\n<li>Yak\u0131ta dayan\u0131kl\u0131<\/li>\n<li>Kolay durulan\u0131r ve fazla \u00e7aba sarf etmeden elle s\u0131k\u0131labilir.<\/li>\n<\/ul>","protected":false},"excerpt":{"rendered":"<p>Bu kurutma mopu a\u015fa\u011f\u0131dakiler i\u00e7in uygundur:<\/p>\n<ul>\n<li>M\u00fckemmel kuru paspas, teknenizi y\u0131kad\u0131ktan sonra kurutmak i\u00e7in kullan\u0131labilir.<\/li>\n<li>Ya da ya\u011fmur veya \u00e7iyden sonra g\u00fcvertedeki nemi ve kiri temizlemek i\u00e7in. Daha sonra paspas suyun \u00fczerinde kolayca s\u0131k\u0131labilir.<\/li>\n<li>Paspas, temizlik i\u00e7in de\u011fil kurulama i\u00e7in s\u00fcr\u00fckleme hareketiyle kullan\u0131lmal\u0131d\u0131r<\/li>\n<\/ul>\n<p>Kullan\u0131mdan sonra paspas\u0131 bol temiz suyla y\u0131kaman\u0131z, s\u0131kman\u0131z ve kurumaya b\u0131rakman\u0131z tavsiye edilir.<\/p>\n<div class=\"x-video-inner\">\n    <video  \nclass=\"x-mejs x-wp-video-shortcode advanced-controls\" \n        width=\"400\" \n        height=\"400\" \n        loop autoplay muted playsinline style=\"border: none; outline: none; background: none;\"><source type=\"video\/mp4\" src=\"http:\/\/dulonmarine.com\/wp-content\/uploads\/2024\/10\/330_Excellent_Drying_mop_1.mp4\"><\/video>\n<\/div>","protected":false},"featured_media":9379,"template":"","meta":{"_acf_changed":false,"om_disable_all_campaigns":false,"rs_blank_template":"","rs_page_bg_color":"","slide_template_v7":"","inline_featured_image":false,"_monsterinsights_skip_tracking":false,"_monsterinsights_sitenote_active":false,"_monsterinsights_sitenote_note":"","_monsterinsights_sitenote_category":0},"product_brand":[],"product_cat":[280,290],"product_tag":[310],"class_list":{"0":"post-8497","1":"product","2":"type-product","3":"status-publish","4":"has-post-thumbnail","6":"product_cat-deckmate","7":"product_cat-drying-products","8":"product_tag-310","9":"pa_article-numbers-contents-dm330","12":"first","13":"instock","14":"taxable","15":"shipping-taxable","16":"purchasable","17":"product-type-simple"},"acf":[],"yoast_head":"<!-- This site is optimized with the Yoast SEO plugin v27.4 - https:\/\/yoast.com\/product\/yoast-seo-wordpress\/ -->\n<title>Deckmate DM330 Excellent drying mop - Dulon Marine<\/title>\n<meta name=\"description\" content=\"The drying mop is easy to mount on a deckmate handle with the help of the quick release system.\" \/>\n<meta name=\"robots\" content=\"index, follow, max-snippet:-1, max-image-preview:large, max-video-preview:-1\" \/>\n<link rel=\"canonical\" href=\"https:\/\/dulonmarine.com\/tr\/winkel\/guverte-arkadasi\/kurutma-urunleri\u0307\/ornek-urun\/deckmate-dm330-mukemmel-kuruyan-paspas\/\" \/>\n<meta property=\"og:locale\" content=\"tr_TR\" \/>\n<meta property=\"og:type\" content=\"article\" \/>\n<meta property=\"og:title\" content=\"Deckmate DM330 Excellent drying mop - Dulon Marine\" \/>\n<meta property=\"og:description\" content=\"The drying mop is easy to mount on a deckmate handle with the help of the quick release system.\" \/>\n<meta property=\"og:url\" content=\"https:\/\/dulonmarine.com\/tr\/winkel\/guverte-arkadasi\/kurutma-urunleri\u0307\/ornek-urun\/deckmate-dm330-mukemmel-kuruyan-paspas\/\" \/>\n<meta property=\"og:site_name\" content=\"Dulon Marine\" \/>\n<meta property=\"article:publisher\" content=\"https:\/\/www.facebook.com\/dulonmarine?locale=nl_NL\" \/>\n<meta property=\"article:modified_time\" content=\"2024-10-24T12:04:33+00:00\" \/>\n<meta property=\"og:image\" content=\"https:\/\/dulonmarine.com\/wp-content\/uploads\/2023\/02\/330-Deckmate-Excellent-drying-mop-In-packaging-Front-view.jpg\" \/>\n\t<meta property=\"og:image:width\" content=\"1200\" \/>\n\t<meta property=\"og:image:height\" content=\"1200\" \/>\n\t<meta property=\"og:image:type\" content=\"image\/jpeg\" \/>\n<meta name=\"twitter:card\" content=\"summary_large_image\" \/>\n<meta name=\"twitter:label1\" content=\"Tahmini okuma s\u00fcresi\" \/>\n\t<meta name=\"twitter:data1\" content=\"1 dakika\" \/>\n<script type=\"application\/ld+json\" class=\"yoast-schema-graph\">{\"@context\":\"https:\\\/\\\/schema.org\",\"@graph\":[{\"@type\":\"WebPage\",\"@id\":\"https:\\\/\\\/dulonmarine.com\\\/da\\\/winkel\\\/daekkammerat\\\/torreprodukter\\\/proveprodukt\\\/deckmate-dm330-excellent-drying-mop\\\/\",\"url\":\"https:\\\/\\\/dulonmarine.com\\\/da\\\/winkel\\\/daekkammerat\\\/torreprodukter\\\/proveprodukt\\\/deckmate-dm330-excellent-drying-mop\\\/\",\"name\":\"Deckmate DM330 Excellent drying mop - Dulon Marine\",\"isPartOf\":{\"@id\":\"https:\\\/\\\/dulonmarine.com\\\/pt\\\/#website\"},\"primaryImageOfPage\":{\"@id\":\"https:\\\/\\\/dulonmarine.com\\\/da\\\/winkel\\\/daekkammerat\\\/torreprodukter\\\/proveprodukt\\\/deckmate-dm330-excellent-drying-mop\\\/#primaryimage\"},\"image\":{\"@id\":\"https:\\\/\\\/dulonmarine.com\\\/da\\\/winkel\\\/daekkammerat\\\/torreprodukter\\\/proveprodukt\\\/deckmate-dm330-excellent-drying-mop\\\/#primaryimage\"},\"thumbnailUrl\":\"https:\\\/\\\/dulonmarine.com\\\/wp-content\\\/uploads\\\/2023\\\/02\\\/330-Deckmate-Excellent-drying-mop-In-packaging-Front-view.jpg\",\"datePublished\":\"2023-02-08T10:17:34+00:00\",\"dateModified\":\"2024-10-24T12:04:33+00:00\",\"description\":\"The drying mop is easy to mount on a deckmate handle with the help of the quick release system.\",\"breadcrumb\":{\"@id\":\"https:\\\/\\\/dulonmarine.com\\\/da\\\/winkel\\\/daekkammerat\\\/torreprodukter\\\/proveprodukt\\\/deckmate-dm330-excellent-drying-mop\\\/#breadcrumb\"},\"inLanguage\":\"tr\",\"potentialAction\":[{\"@type\":\"ReadAction\",\"target\":[\"https:\\\/\\\/dulonmarine.com\\\/da\\\/winkel\\\/daekkammerat\\\/torreprodukter\\\/proveprodukt\\\/deckmate-dm330-excellent-drying-mop\\\/\"]}]},{\"@type\":\"ImageObject\",\"inLanguage\":\"tr\",\"@id\":\"https:\\\/\\\/dulonmarine.com\\\/da\\\/winkel\\\/daekkammerat\\\/torreprodukter\\\/proveprodukt\\\/deckmate-dm330-excellent-drying-mop\\\/#primaryimage\",\"url\":\"https:\\\/\\\/dulonmarine.com\\\/wp-content\\\/uploads\\\/2023\\\/02\\\/330-Deckmate-Excellent-drying-mop-In-packaging-Front-view.jpg\",\"contentUrl\":\"https:\\\/\\\/dulonmarine.com\\\/wp-content\\\/uploads\\\/2023\\\/02\\\/330-Deckmate-Excellent-drying-mop-In-packaging-Front-view.jpg\",\"width\":1200,\"height\":1200},{\"@type\":\"BreadcrumbList\",\"@id\":\"https:\\\/\\\/dulonmarine.com\\\/da\\\/winkel\\\/daekkammerat\\\/torreprodukter\\\/proveprodukt\\\/deckmate-dm330-excellent-drying-mop\\\/#breadcrumb\",\"itemListElement\":[{\"@type\":\"ListItem\",\"position\":1,\"name\":\"Home\",\"item\":\"https:\\\/\\\/dulonmarine.com\\\/\"},{\"@type\":\"ListItem\",\"position\":2,\"name\":\"Winkel\",\"item\":\"https:\\\/\\\/dulonmarine.com\\\/pt\\\/piacaba\\\/\"},{\"@type\":\"ListItem\",\"position\":3,\"name\":\"Deckmate DM330 Excellent drying mop\"}]},{\"@type\":\"WebSite\",\"@id\":\"https:\\\/\\\/dulonmarine.com\\\/pt\\\/#website\",\"url\":\"https:\\\/\\\/dulonmarine.com\\\/pt\\\/\",\"name\":\"Dulon Marine\",\"description\":\"Onderhoudsproducten voor de scheepvaart\",\"publisher\":{\"@id\":\"https:\\\/\\\/dulonmarine.com\\\/pt\\\/#organization\"},\"potentialAction\":[{\"@type\":\"SearchAction\",\"target\":{\"@type\":\"EntryPoint\",\"urlTemplate\":\"https:\\\/\\\/dulonmarine.com\\\/pt\\\/?s={search_term_string}\"},\"query-input\":{\"@type\":\"PropertyValueSpecification\",\"valueRequired\":true,\"valueName\":\"search_term_string\"}}],\"inLanguage\":\"tr\"},{\"@type\":\"Organization\",\"@id\":\"https:\\\/\\\/dulonmarine.com\\\/pt\\\/#organization\",\"name\":\"Dulon Marine Deckmate Group\",\"url\":\"https:\\\/\\\/dulonmarine.com\\\/pt\\\/\",\"logo\":{\"@type\":\"ImageObject\",\"inLanguage\":\"tr\",\"@id\":\"https:\\\/\\\/dulonmarine.com\\\/pt\\\/#\\\/schema\\\/logo\\\/image\\\/\",\"url\":\"http:\\\/\\\/dulonmarine.com\\\/wp-content\\\/uploads\\\/2023\\\/02\\\/Dulon-Marine-Deckmate-Group-logo-small.png\",\"contentUrl\":\"http:\\\/\\\/dulonmarine.com\\\/wp-content\\\/uploads\\\/2023\\\/02\\\/Dulon-Marine-Deckmate-Group-logo-small.png\",\"width\":350,\"height\":150,\"caption\":\"Dulon Marine Deckmate Group\"},\"image\":{\"@id\":\"https:\\\/\\\/dulonmarine.com\\\/pt\\\/#\\\/schema\\\/logo\\\/image\\\/\"},\"sameAs\":[\"https:\\\/\\\/www.facebook.com\\\/dulonmarine?locale=nl_NL\",\"https:\\\/\\\/www.instagram.com\\\/dulonmarinegroup\\\/\"]}]}<\/script>\n<!-- \/ Yoast SEO plugin. -->","yoast_head_json":{"title":"Deckmate DM330 M\u00fckemmel kuruyan paspas - Dulon Marine","description":"Kurutma mopu, h\u0131zl\u0131 serbest b\u0131rakma sistemi yard\u0131m\u0131yla deckmate sap\u0131na kolayca monte edilebilir.","robots":{"index":"index","follow":"follow","max-snippet":"max-snippet:-1","max-image-preview":"max-image-preview:large","max-video-preview":"max-video-preview:-1"},"canonical":"https:\/\/dulonmarine.com\/tr\/winkel\/guverte-arkadasi\/kurutma-urunleri\u0307\/ornek-urun\/deckmate-dm330-mukemmel-kuruyan-paspas\/","og_locale":"tr_TR","og_type":"article","og_title":"Deckmate DM330 Excellent drying mop - Dulon Marine","og_description":"The drying mop is easy to mount on a deckmate handle with the help of the quick release system.","og_url":"https:\/\/dulonmarine.com\/tr\/winkel\/guverte-arkadasi\/kurutma-urunleri\u0307\/ornek-urun\/deckmate-dm330-mukemmel-kuruyan-paspas\/","og_site_name":"Dulon Marine","article_publisher":"https:\/\/www.facebook.com\/dulonmarine?locale=nl_NL","article_modified_time":"2024-10-24T12:04:33+00:00","og_image":[{"width":1200,"height":1200,"url":"https:\/\/dulonmarine.com\/wp-content\/uploads\/2023\/02\/330-Deckmate-Excellent-drying-mop-In-packaging-Front-view.jpg","type":"image\/jpeg"}],"twitter_card":"summary_large_image","twitter_misc":{"Tahmini okuma s\u00fcresi":"1 dakika"},"schema":{"@context":"https:\/\/schema.org","@graph":[{"@type":"WebPage","@id":"https:\/\/dulonmarine.com\/da\/winkel\/daekkammerat\/torreprodukter\/proveprodukt\/deckmate-dm330-excellent-drying-mop\/","url":"https:\/\/dulonmarine.com\/da\/winkel\/daekkammerat\/torreprodukter\/proveprodukt\/deckmate-dm330-excellent-drying-mop\/","name":"Deckmate DM330 M\u00fckemmel kuruyan paspas - Dulon Marine","isPartOf":{"@id":"https:\/\/dulonmarine.com\/pt\/#website"},"primaryImageOfPage":{"@id":"https:\/\/dulonmarine.com\/da\/winkel\/daekkammerat\/torreprodukter\/proveprodukt\/deckmate-dm330-excellent-drying-mop\/#primaryimage"},"image":{"@id":"https:\/\/dulonmarine.com\/da\/winkel\/daekkammerat\/torreprodukter\/proveprodukt\/deckmate-dm330-excellent-drying-mop\/#primaryimage"},"thumbnailUrl":"https:\/\/dulonmarine.com\/wp-content\/uploads\/2023\/02\/330-Deckmate-Excellent-drying-mop-In-packaging-Front-view.jpg","datePublished":"2023-02-08T10:17:34+00:00","dateModified":"2024-10-24T12:04:33+00:00","description":"Kurutma mopu, h\u0131zl\u0131 serbest b\u0131rakma sistemi yard\u0131m\u0131yla deckmate sap\u0131na kolayca monte edilebilir.","breadcrumb":{"@id":"https:\/\/dulonmarine.com\/da\/winkel\/daekkammerat\/torreprodukter\/proveprodukt\/deckmate-dm330-excellent-drying-mop\/#breadcrumb"},"inLanguage":"tr","potentialAction":[{"@type":"ReadAction","target":["https:\/\/dulonmarine.com\/da\/winkel\/daekkammerat\/torreprodukter\/proveprodukt\/deckmate-dm330-excellent-drying-mop\/"]}]},{"@type":"ImageObject","inLanguage":"tr","@id":"https:\/\/dulonmarine.com\/da\/winkel\/daekkammerat\/torreprodukter\/proveprodukt\/deckmate-dm330-excellent-drying-mop\/#primaryimage","url":"https:\/\/dulonmarine.com\/wp-content\/uploads\/2023\/02\/330-Deckmate-Excellent-drying-mop-In-packaging-Front-view.jpg","contentUrl":"https:\/\/dulonmarine.com\/wp-content\/uploads\/2023\/02\/330-Deckmate-Excellent-drying-mop-In-packaging-Front-view.jpg","width":1200,"height":1200},{"@type":"BreadcrumbList","@id":"https:\/\/dulonmarine.com\/da\/winkel\/daekkammerat\/torreprodukter\/proveprodukt\/deckmate-dm330-excellent-drying-mop\/#breadcrumb","itemListElement":[{"@type":"ListItem","position":1,"name":"Home","item":"https:\/\/dulonmarine.com\/"},{"@type":"ListItem","position":2,"name":"Winkel","item":"https:\/\/dulonmarine.com\/pt\/piacaba\/"},{"@type":"ListItem","position":3,"name":"Deckmate DM330 Excellent drying mop"}]},{"@type":"WebSite","@id":"https:\/\/dulonmarine.com\/pt\/#website","url":"https:\/\/dulonmarine.com\/pt\/","name":"Dulon Marine","description":"Scheepvaart i\u00e7in di\u011fer \u00fcr\u00fcnler","publisher":{"@id":"https:\/\/dulonmarine.com\/pt\/#organization"},"potentialAction":[{"@type":"SearchAction","target":{"@type":"EntryPoint","urlTemplate":"https:\/\/dulonmarine.com\/pt\/?s={search_term_string}"},"query-input":{"@type":"PropertyValueSpecification","valueRequired":true,"valueName":"search_term_string"}}],"inLanguage":"tr"},{"@type":"Organization","@id":"https:\/\/dulonmarine.com\/pt\/#organization","name":"Dulon Marine Deckmate Grubu","url":"https:\/\/dulonmarine.com\/pt\/","logo":{"@type":"ImageObject","inLanguage":"tr","@id":"https:\/\/dulonmarine.com\/pt\/#\/schema\/logo\/image\/","url":"http:\/\/dulonmarine.com\/wp-content\/uploads\/2023\/02\/Dulon-Marine-Deckmate-Group-logo-small.png","contentUrl":"http:\/\/dulonmarine.com\/wp-content\/uploads\/2023\/02\/Dulon-Marine-Deckmate-Group-logo-small.png","width":350,"height":150,"caption":"Dulon Marine Deckmate Group"},"image":{"@id":"https:\/\/dulonmarine.com\/pt\/#\/schema\/logo\/image\/"},"sameAs":["https:\/\/www.facebook.com\/dulonmarine?locale=nl_NL","https:\/\/www.instagram.com\/dulonmarinegroup\/"]}]}},"_links":{"self":[{"href":"https:\/\/dulonmarine.com\/tr\/wp-json\/wp\/v2\/product\/8497","targetHints":{"allow":["GET"]}}],"collection":[{"href":"https:\/\/dulonmarine.com\/tr\/wp-json\/wp\/v2\/product"}],"about":[{"href":"https:\/\/dulonmarine.com\/tr\/wp-json\/wp\/v2\/types\/product"}],"wp:featuredmedia":[{"embeddable":true,"href":"https:\/\/dulonmarine.com\/tr\/wp-json\/wp\/v2\/media\/9379"}],"wp:attachment":[{"href":"https:\/\/dulonmarine.com\/tr\/wp-json\/wp\/v2\/media?parent=8497"}],"wp:term":[{"taxonomy":"product_brand","embeddable":true,"href":"https:\/\/dulonmarine.com\/tr\/wp-json\/wp\/v2\/product_brand?post=8497"},{"taxonomy":"product_cat","embeddable":true,"href":"https:\/\/dulonmarine.com\/tr\/wp-json\/wp\/v2\/product_cat?post=8497"},{"taxonomy":"product_tag","embeddable":true,"href":"https:\/\/dulonmarine.com\/tr\/wp-json\/wp\/v2\/product_tag?post=8497"}],"curies":[{"name":"wp","href":"https:\/\/api.w.org\/{rel}","templated":true}]}}