{"id":8511,"date":"2023-02-08T14:54:26","date_gmt":"2023-02-08T13:54:26","guid":{"rendered":"http:\/\/dulonmarine.com\/?post_type=product&#038;p=8511"},"modified":"2024-10-17T11:29:35","modified_gmt":"2024-10-17T10:29:35","slug":"deckmate-dm270-doner-plaka","status":"publish","type":"product","link":"https:\/\/dulonmarine.com\/tr\/winkel\/deckmate\/wash-scrub\/sample-product\/deckmate-dm270-swivelplate\/","title":{"rendered":"Deckmate DM270 D\u00f6ner Plaka"},"content":{"rendered":"<p>H\u0131zl\u0131 serbest b\u0131rakma sistemi sayesinde, d\u00f6ner plaka Deckmate tutama\u011f\u0131na kolayca tak\u0131labilir. ABS plastik d\u00f6ner plaka, paslanmaz \u00e7elik yayl\u0131 klips d\u00fc\u011fmesi bulunan parlak al\u00fcminyumdan yap\u0131lm\u0131\u015f bir konekt\u00f6r ile \u00e7ift eksenli ba\u011flant\u0131ya sahiptir, b\u00f6ylece Deckmate tutama\u011f\u0131yla h\u0131zl\u0131 bir \u015fekilde de\u011fi\u015ftirilebilir. Ovma pedine g\u00fc\u00e7l\u00fc bir \u015fekilde tutturmak ve y\u0131kama kapa\u011f\u0131n\u0131n b\u00fck\u00fclmesini \u00f6nlemek i\u00e7in ekstr\u00fcde Velcro \u015feritleri bulunur.<\/p>","protected":false},"excerpt":{"rendered":"<p>Bu mikrofiber y\u0131kama ba\u015fl\u0131\u011f\u0131 k\u0131l\u0131f\u0131 a\u015fa\u011f\u0131dakiler i\u00e7in uygundur:<\/p>\n<ul>\n<li>Ovma pedi ve y\u0131kama kapa\u011f\u0131 gibi \u00e7e\u015fitli uygulama \u00fcr\u00fcnlerini takmak. D\u00f6ner plaka, bir aksesuarla uzaktan temizlik yapmak i\u00e7in tasarlanm\u0131\u015ft\u0131r.<\/li>\n<\/ul>\n<p>Kullan\u0131mdan sonra, Swivelplate'i bol miktarda temiz suyla y\u0131kaman\u0131z ve kurumaya b\u0131rakman\u0131z \u00f6nerilir.<\/p>","protected":false},"featured_media":9526,"template":"","meta":{"_acf_changed":false,"om_disable_all_campaigns":false,"rs_blank_template":"","rs_page_bg_color":"","slide_template_v7":"","inline_featured_image":false,"_monsterinsights_skip_tracking":false,"_monsterinsights_sitenote_active":false,"_monsterinsights_sitenote_note":"","_monsterinsights_sitenote_category":0},"product_brand":[],"product_cat":[280,307],"product_tag":[318],"class_list":{"0":"post-8511","1":"product","2":"type-product","3":"status-publish","4":"has-post-thumbnail","6":"product_cat-deckmate","7":"product_cat-wash-scrub","8":"product_tag-318","9":"pa_article-numbers-contents-dm270","12":"first","13":"instock","14":"taxable","15":"shipping-taxable","16":"purchasable","17":"product-type-simple"},"acf":[],"yoast_head":"<!-- This site is optimized with the Yoast SEO plugin v27.4 - https:\/\/yoast.com\/product\/yoast-seo-wordpress\/ -->\n<title>Deckmate DM270 Swivelplate - Dulon Marine<\/title>\n<meta name=\"description\" content=\"Thanks to the quick release system, the swivelplate is easy to mount on a deckmate handle.\" \/>\n<meta name=\"robots\" content=\"index, follow, max-snippet:-1, max-image-preview:large, max-video-preview:-1\" \/>\n<link rel=\"canonical\" href=\"https:\/\/dulonmarine.com\/tr\/winkel\/guverte-arkadasi\/yikama-fircasi\/ornek-urun\/deckmate-dm270-doner-plaka\/\" \/>\n<meta property=\"og:locale\" content=\"tr_TR\" \/>\n<meta property=\"og:type\" content=\"article\" \/>\n<meta property=\"og:title\" content=\"Deckmate DM270 Swivelplate - Dulon Marine\" \/>\n<meta property=\"og:description\" content=\"Thanks to the quick release system, the swivelplate is easy to mount on a deckmate handle.\" \/>\n<meta property=\"og:url\" content=\"https:\/\/dulonmarine.com\/tr\/winkel\/guverte-arkadasi\/yikama-fircasi\/ornek-urun\/deckmate-dm270-doner-plaka\/\" \/>\n<meta property=\"og:site_name\" content=\"Dulon Marine\" \/>\n<meta property=\"article:publisher\" content=\"https:\/\/www.facebook.com\/dulonmarine?locale=nl_NL\" \/>\n<meta property=\"article:modified_time\" content=\"2024-10-17T10:29:35+00:00\" \/>\n<meta property=\"og:image\" content=\"https:\/\/dulonmarine.com\/wp-content\/uploads\/2023\/02\/270-Deckmate-Swivelplate-Bottom-view-1.jpg\" \/>\n\t<meta property=\"og:image:width\" content=\"1200\" \/>\n\t<meta property=\"og:image:height\" content=\"1200\" \/>\n\t<meta property=\"og:image:type\" content=\"image\/jpeg\" \/>\n<meta name=\"twitter:card\" content=\"summary_large_image\" \/>\n<meta name=\"twitter:label1\" content=\"Tahmini okuma s\u00fcresi\" \/>\n\t<meta name=\"twitter:data1\" content=\"1 dakika\" \/>\n<script type=\"application\/ld+json\" class=\"yoast-schema-graph\">{\"@context\":\"https:\\\/\\\/schema.org\",\"@graph\":[{\"@type\":\"WebPage\",\"@id\":\"https:\\\/\\\/dulonmarine.com\\\/sv\\\/winkel\\\/dackskamrat\\\/tvatta-skrubba\\\/produktprov\\\/deckmate-dm270-vridplatta\\\/\",\"url\":\"https:\\\/\\\/dulonmarine.com\\\/sv\\\/winkel\\\/dackskamrat\\\/tvatta-skrubba\\\/produktprov\\\/deckmate-dm270-vridplatta\\\/\",\"name\":\"Deckmate DM270 Swivelplate - Dulon Marine\",\"isPartOf\":{\"@id\":\"https:\\\/\\\/dulonmarine.com\\\/pt\\\/#website\"},\"primaryImageOfPage\":{\"@id\":\"https:\\\/\\\/dulonmarine.com\\\/sv\\\/winkel\\\/dackskamrat\\\/tvatta-skrubba\\\/produktprov\\\/deckmate-dm270-vridplatta\\\/#primaryimage\"},\"image\":{\"@id\":\"https:\\\/\\\/dulonmarine.com\\\/sv\\\/winkel\\\/dackskamrat\\\/tvatta-skrubba\\\/produktprov\\\/deckmate-dm270-vridplatta\\\/#primaryimage\"},\"thumbnailUrl\":\"https:\\\/\\\/dulonmarine.com\\\/wp-content\\\/uploads\\\/2023\\\/02\\\/270-Deckmate-Swivelplate-Bottom-view-1.jpg\",\"datePublished\":\"2023-02-08T13:54:26+00:00\",\"dateModified\":\"2024-10-17T10:29:35+00:00\",\"description\":\"Thanks to the quick release system, the swivelplate is easy to mount on a deckmate handle.\",\"breadcrumb\":{\"@id\":\"https:\\\/\\\/dulonmarine.com\\\/sv\\\/winkel\\\/dackskamrat\\\/tvatta-skrubba\\\/produktprov\\\/deckmate-dm270-vridplatta\\\/#breadcrumb\"},\"inLanguage\":\"tr\",\"potentialAction\":[{\"@type\":\"ReadAction\",\"target\":[\"https:\\\/\\\/dulonmarine.com\\\/sv\\\/winkel\\\/dackskamrat\\\/tvatta-skrubba\\\/produktprov\\\/deckmate-dm270-vridplatta\\\/\"]}]},{\"@type\":\"ImageObject\",\"inLanguage\":\"tr\",\"@id\":\"https:\\\/\\\/dulonmarine.com\\\/sv\\\/winkel\\\/dackskamrat\\\/tvatta-skrubba\\\/produktprov\\\/deckmate-dm270-vridplatta\\\/#primaryimage\",\"url\":\"https:\\\/\\\/dulonmarine.com\\\/wp-content\\\/uploads\\\/2023\\\/02\\\/270-Deckmate-Swivelplate-Bottom-view-1.jpg\",\"contentUrl\":\"https:\\\/\\\/dulonmarine.com\\\/wp-content\\\/uploads\\\/2023\\\/02\\\/270-Deckmate-Swivelplate-Bottom-view-1.jpg\",\"width\":1200,\"height\":1200},{\"@type\":\"BreadcrumbList\",\"@id\":\"https:\\\/\\\/dulonmarine.com\\\/sv\\\/winkel\\\/dackskamrat\\\/tvatta-skrubba\\\/produktprov\\\/deckmate-dm270-vridplatta\\\/#breadcrumb\",\"itemListElement\":[{\"@type\":\"ListItem\",\"position\":1,\"name\":\"Home\",\"item\":\"https:\\\/\\\/dulonmarine.com\\\/\"},{\"@type\":\"ListItem\",\"position\":2,\"name\":\"Winkel\",\"item\":\"https:\\\/\\\/dulonmarine.com\\\/pt\\\/piacaba\\\/\"},{\"@type\":\"ListItem\",\"position\":3,\"name\":\"Deckmate DM270 Swivelplate\"}]},{\"@type\":\"WebSite\",\"@id\":\"https:\\\/\\\/dulonmarine.com\\\/pt\\\/#website\",\"url\":\"https:\\\/\\\/dulonmarine.com\\\/pt\\\/\",\"name\":\"Dulon Marine\",\"description\":\"Onderhoudsproducten voor de scheepvaart\",\"publisher\":{\"@id\":\"https:\\\/\\\/dulonmarine.com\\\/pt\\\/#organization\"},\"potentialAction\":[{\"@type\":\"SearchAction\",\"target\":{\"@type\":\"EntryPoint\",\"urlTemplate\":\"https:\\\/\\\/dulonmarine.com\\\/pt\\\/?s={search_term_string}\"},\"query-input\":{\"@type\":\"PropertyValueSpecification\",\"valueRequired\":true,\"valueName\":\"search_term_string\"}}],\"inLanguage\":\"tr\"},{\"@type\":\"Organization\",\"@id\":\"https:\\\/\\\/dulonmarine.com\\\/pt\\\/#organization\",\"name\":\"Dulon Marine Deckmate Group\",\"url\":\"https:\\\/\\\/dulonmarine.com\\\/pt\\\/\",\"logo\":{\"@type\":\"ImageObject\",\"inLanguage\":\"tr\",\"@id\":\"https:\\\/\\\/dulonmarine.com\\\/pt\\\/#\\\/schema\\\/logo\\\/image\\\/\",\"url\":\"http:\\\/\\\/dulonmarine.com\\\/wp-content\\\/uploads\\\/2023\\\/02\\\/Dulon-Marine-Deckmate-Group-logo-small.png\",\"contentUrl\":\"http:\\\/\\\/dulonmarine.com\\\/wp-content\\\/uploads\\\/2023\\\/02\\\/Dulon-Marine-Deckmate-Group-logo-small.png\",\"width\":350,\"height\":150,\"caption\":\"Dulon Marine Deckmate Group\"},\"image\":{\"@id\":\"https:\\\/\\\/dulonmarine.com\\\/pt\\\/#\\\/schema\\\/logo\\\/image\\\/\"},\"sameAs\":[\"https:\\\/\\\/www.facebook.com\\\/dulonmarine?locale=nl_NL\",\"https:\\\/\\\/www.instagram.com\\\/dulonmarinegroup\\\/\"]}]}<\/script>\n<!-- \/ Yoast SEO plugin. -->","yoast_head_json":{"title":"Deckmate DM270 D\u00f6ner Plaka - Dulon Marine","description":"H\u0131zl\u0131 serbest b\u0131rakma sistemi sayesinde, d\u00f6ner plaka Deckmate tutama\u011f\u0131na kolayca tak\u0131labilir.","robots":{"index":"index","follow":"follow","max-snippet":"max-snippet:-1","max-image-preview":"max-image-preview:large","max-video-preview":"max-video-preview:-1"},"canonical":"https:\/\/dulonmarine.com\/tr\/winkel\/guverte-arkadasi\/yikama-fircasi\/ornek-urun\/deckmate-dm270-doner-plaka\/","og_locale":"tr_TR","og_type":"article","og_title":"Deckmate DM270 Swivelplate - Dulon Marine","og_description":"Thanks to the quick release system, the swivelplate is easy to mount on a deckmate handle.","og_url":"https:\/\/dulonmarine.com\/tr\/winkel\/guverte-arkadasi\/yikama-fircasi\/ornek-urun\/deckmate-dm270-doner-plaka\/","og_site_name":"Dulon Marine","article_publisher":"https:\/\/www.facebook.com\/dulonmarine?locale=nl_NL","article_modified_time":"2024-10-17T10:29:35+00:00","og_image":[{"width":1200,"height":1200,"url":"https:\/\/dulonmarine.com\/wp-content\/uploads\/2023\/02\/270-Deckmate-Swivelplate-Bottom-view-1.jpg","type":"image\/jpeg"}],"twitter_card":"summary_large_image","twitter_misc":{"Tahmini okuma s\u00fcresi":"1 dakika"},"schema":{"@context":"https:\/\/schema.org","@graph":[{"@type":"WebPage","@id":"https:\/\/dulonmarine.com\/sv\/winkel\/dackskamrat\/tvatta-skrubba\/produktprov\/deckmate-dm270-vridplatta\/","url":"https:\/\/dulonmarine.com\/sv\/winkel\/dackskamrat\/tvatta-skrubba\/produktprov\/deckmate-dm270-vridplatta\/","name":"Deckmate DM270 D\u00f6ner Plaka - Dulon Marine","isPartOf":{"@id":"https:\/\/dulonmarine.com\/pt\/#website"},"primaryImageOfPage":{"@id":"https:\/\/dulonmarine.com\/sv\/winkel\/dackskamrat\/tvatta-skrubba\/produktprov\/deckmate-dm270-vridplatta\/#primaryimage"},"image":{"@id":"https:\/\/dulonmarine.com\/sv\/winkel\/dackskamrat\/tvatta-skrubba\/produktprov\/deckmate-dm270-vridplatta\/#primaryimage"},"thumbnailUrl":"https:\/\/dulonmarine.com\/wp-content\/uploads\/2023\/02\/270-Deckmate-Swivelplate-Bottom-view-1.jpg","datePublished":"2023-02-08T13:54:26+00:00","dateModified":"2024-10-17T10:29:35+00:00","description":"H\u0131zl\u0131 serbest b\u0131rakma sistemi sayesinde, d\u00f6ner plaka Deckmate tutama\u011f\u0131na kolayca tak\u0131labilir.","breadcrumb":{"@id":"https:\/\/dulonmarine.com\/sv\/winkel\/dackskamrat\/tvatta-skrubba\/produktprov\/deckmate-dm270-vridplatta\/#breadcrumb"},"inLanguage":"tr","potentialAction":[{"@type":"ReadAction","target":["https:\/\/dulonmarine.com\/sv\/winkel\/dackskamrat\/tvatta-skrubba\/produktprov\/deckmate-dm270-vridplatta\/"]}]},{"@type":"ImageObject","inLanguage":"tr","@id":"https:\/\/dulonmarine.com\/sv\/winkel\/dackskamrat\/tvatta-skrubba\/produktprov\/deckmate-dm270-vridplatta\/#primaryimage","url":"https:\/\/dulonmarine.com\/wp-content\/uploads\/2023\/02\/270-Deckmate-Swivelplate-Bottom-view-1.jpg","contentUrl":"https:\/\/dulonmarine.com\/wp-content\/uploads\/2023\/02\/270-Deckmate-Swivelplate-Bottom-view-1.jpg","width":1200,"height":1200},{"@type":"BreadcrumbList","@id":"https:\/\/dulonmarine.com\/sv\/winkel\/dackskamrat\/tvatta-skrubba\/produktprov\/deckmate-dm270-vridplatta\/#breadcrumb","itemListElement":[{"@type":"ListItem","position":1,"name":"Home","item":"https:\/\/dulonmarine.com\/"},{"@type":"ListItem","position":2,"name":"Winkel","item":"https:\/\/dulonmarine.com\/pt\/piacaba\/"},{"@type":"ListItem","position":3,"name":"Deckmate DM270 Swivelplate"}]},{"@type":"WebSite","@id":"https:\/\/dulonmarine.com\/pt\/#website","url":"https:\/\/dulonmarine.com\/pt\/","name":"Dulon Marine","description":"Scheepvaart i\u00e7in di\u011fer \u00fcr\u00fcnler","publisher":{"@id":"https:\/\/dulonmarine.com\/pt\/#organization"},"potentialAction":[{"@type":"SearchAction","target":{"@type":"EntryPoint","urlTemplate":"https:\/\/dulonmarine.com\/pt\/?s={search_term_string}"},"query-input":{"@type":"PropertyValueSpecification","valueRequired":true,"valueName":"search_term_string"}}],"inLanguage":"tr"},{"@type":"Organization","@id":"https:\/\/dulonmarine.com\/pt\/#organization","name":"Dulon Marine Deckmate Grubu","url":"https:\/\/dulonmarine.com\/pt\/","logo":{"@type":"ImageObject","inLanguage":"tr","@id":"https:\/\/dulonmarine.com\/pt\/#\/schema\/logo\/image\/","url":"http:\/\/dulonmarine.com\/wp-content\/uploads\/2023\/02\/Dulon-Marine-Deckmate-Group-logo-small.png","contentUrl":"http:\/\/dulonmarine.com\/wp-content\/uploads\/2023\/02\/Dulon-Marine-Deckmate-Group-logo-small.png","width":350,"height":150,"caption":"Dulon Marine Deckmate Group"},"image":{"@id":"https:\/\/dulonmarine.com\/pt\/#\/schema\/logo\/image\/"},"sameAs":["https:\/\/www.facebook.com\/dulonmarine?locale=nl_NL","https:\/\/www.instagram.com\/dulonmarinegroup\/"]}]}},"_links":{"self":[{"href":"https:\/\/dulonmarine.com\/tr\/wp-json\/wp\/v2\/product\/8511","targetHints":{"allow":["GET"]}}],"collection":[{"href":"https:\/\/dulonmarine.com\/tr\/wp-json\/wp\/v2\/product"}],"about":[{"href":"https:\/\/dulonmarine.com\/tr\/wp-json\/wp\/v2\/types\/product"}],"wp:featuredmedia":[{"embeddable":true,"href":"https:\/\/dulonmarine.com\/tr\/wp-json\/wp\/v2\/media\/9526"}],"wp:attachment":[{"href":"https:\/\/dulonmarine.com\/tr\/wp-json\/wp\/v2\/media?parent=8511"}],"wp:term":[{"taxonomy":"product_brand","embeddable":true,"href":"https:\/\/dulonmarine.com\/tr\/wp-json\/wp\/v2\/product_brand?post=8511"},{"taxonomy":"product_cat","embeddable":true,"href":"https:\/\/dulonmarine.com\/tr\/wp-json\/wp\/v2\/product_cat?post=8511"},{"taxonomy":"product_tag","embeddable":true,"href":"https:\/\/dulonmarine.com\/tr\/wp-json\/wp\/v2\/product_tag?post=8511"}],"curies":[{"name":"wp","href":"https:\/\/api.w.org\/{rel}","templated":true}]}}