{"id":9179,"date":"2024-10-10T11:10:13","date_gmt":"2024-10-10T10:10:13","guid":{"rendered":"http:\/\/dulonmarine.com\/?post_type=product&#038;p=9179"},"modified":"2025-10-22T16:34:08","modified_gmt":"2025-10-22T15:34:08","slug":"guverte-arkadasi-kollari","status":"publish","type":"product","link":"https:\/\/dulonmarine.com\/tr\/winkel\/deckmate\/telescopic-and-fixed-handles\/sample-product\/deckmate-handles\/","title":{"rendered":"Deckmate DM444 DM446 DM454 DM456 Kulplar"},"content":{"rendered":"<p>Deckmate hafif tutamaklar, u\u00e7ak s\u0131n\u0131f\u0131, parlak dald\u0131rma eloksall\u0131 al\u00fcminyumdan yap\u0131lm\u0131\u015ft\u0131r ve parlak cilal\u0131 bir y\u00fczeye sahiptir.<\/p>\n<p>Deckmate saplar\u0131 son derece g\u00fc\u00e7l\u00fc ve hafiftir, bu nedenle teleskopik sap daha b\u00fcy\u00fck mesafelerde temizlik s\u0131ras\u0131nda f\u0131r\u00e7a veya di\u011fer aksesuar \u00fczerinde iyi bir kontrol sa\u011flar ve gereksiz hasarlar \u00f6nlenir.<\/p>\n<p>Avantajlar:<\/p>\n<ul>\n<li style=\"list-style-type: none;\">\n<ul>\n<li>Bu teleskopik saplar 3 farkl\u0131 uzunlu\u011fa ayarlanabilir ve paslanmaz \u00e7elik yayl\u0131 klips d\u00fc\u011fmesiyle s\u0131k\u0131ca sabitlenir.<\/li>\n<li>\u0130\u00e7 t\u00fcp, h\u0131zl\u0131 ve kolay bir \u015fekilde sabitlemek i\u00e7in kal\u0131c\u0131 bir referans hatt\u0131na sahiptir.<\/li>\n<li>Her sapta bir veya daha fazla rahat kaymaz tutamak vard\u0131r.<\/li>\n<\/ul>\n<\/li>\n<\/ul>\n<p>H\u0131zl\u0131 serbest b\u0131rakma sistemi sayesinde, \u00e7e\u015fitli aksesuar \u00e7e\u015fitlerini tutamaklara h\u0131zl\u0131 ve kolay bir \u015fekilde yerle\u015ftirmek m\u00fcmk\u00fcnd\u00fcr.<\/p>","protected":false},"excerpt":{"rendered":"<p>Deckmate tutamaklar\u0131 nem ve deniz suyunun neden oldu\u011fu korozyona dayanabilir. Bununla birlikte, tuzlu suda kulland\u0131ktan sonra tutama\u011f\u0131 bol miktarda tatl\u0131 suyla durulaman\u0131z \u00f6nerilir.<\/p>\n<p><strong>\u00dcr\u00fcn yelpazesi:<\/strong><\/p>\n<ul>\n<li>DM444 Sabit Sap - 120cm \/ 47inch<\/li>\n<li>DM446 Sabit Sap \u2013 150 cm \/ 59 in\u00e7<\/li>\n<li>DM454 Sapl\u0131 Teleskopik K\u0131sa - 107-181cm \/ 42-47inch<\/li>\n<li>DM456 Sap Teleskopik Uzun - 156-278cm \/ 61-109inch<\/li>\n<\/ul>","protected":false},"featured_media":9905,"template":"","meta":{"_acf_changed":false,"om_disable_all_campaigns":false,"rs_blank_template":"","rs_page_bg_color":"","slide_template_v7":"","inline_featured_image":false,"_monsterinsights_skip_tracking":false,"_monsterinsights_sitenote_active":false,"_monsterinsights_sitenote_note":"","_monsterinsights_sitenote_category":0},"product_brand":[],"product_cat":[280,279],"product_tag":[302,348,303,304],"class_list":{"0":"post-9179","1":"product","2":"type-product","3":"status-publish","4":"has-post-thumbnail","6":"product_cat-deckmate","7":"product_cat-telescopic-and-fixed-handles","8":"product_tag-302","9":"product_tag-348","10":"product_tag-303","11":"product_tag-304","12":"pa_article-numbers-contents-dm444","13":"pa_article-numbers-contents-dm446","14":"pa_article-numbers-contents-dm454","15":"pa_article-numbers-contents-dm456","18":"first","19":"instock","20":"taxable","21":"shipping-taxable","22":"purchasable","23":"product-type-variable"},"acf":[],"yoast_head":"<!-- This site is optimized with the Yoast SEO plugin v27.4 - https:\/\/yoast.com\/product\/yoast-seo-wordpress\/ -->\n<title>Deckmate DM444 DM446 DM454 DM456 Handles - Dulon Marine<\/title>\n<meta name=\"robots\" content=\"index, follow, max-snippet:-1, max-image-preview:large, max-video-preview:-1\" \/>\n<link rel=\"canonical\" href=\"https:\/\/dulonmarine.com\/tr\/winkel\/guverte-arkadasi\/teleskopik-ve-sabit-tutamaklar\/ornek-urun\/guverte-arkadasi-kollari\/\" \/>\n<meta property=\"og:locale\" content=\"tr_TR\" \/>\n<meta property=\"og:type\" content=\"article\" \/>\n<meta property=\"og:title\" content=\"Deckmate DM444 DM446 DM454 DM456 Handles - Dulon Marine\" \/>\n<meta property=\"og:description\" content=\"Deckmate handles can withstand corrosion caused by moisture and seawater. It is recommended, however, that you rinse the handle with plenty of fresh water after use in salt water.  Product range:   DM444 Handle Fixed \u2013 120cm \/ 47inch     DM446 Handle Fixed \u2013 150cm \/ 59inch  DM454 Handle Telescopic Short \u2013 107-181cm \/ 42-47inch  DM456 Handle Telescopic Long \u2013 156-278cm \/ 61-109inch\" \/>\n<meta property=\"og:url\" content=\"https:\/\/dulonmarine.com\/tr\/winkel\/guverte-arkadasi\/teleskopik-ve-sabit-tutamaklar\/ornek-urun\/guverte-arkadasi-kollari\/\" \/>\n<meta property=\"og:site_name\" content=\"Dulon Marine\" \/>\n<meta property=\"article:publisher\" content=\"https:\/\/www.facebook.com\/dulonmarine?locale=nl_NL\" \/>\n<meta property=\"article:modified_time\" content=\"2025-10-22T15:34:08+00:00\" \/>\n<meta property=\"og:image\" content=\"https:\/\/dulonmarine.com\/wp-content\/uploads\/2024\/10\/01.-444-454-456-Deckmate-Handles-Full-shot-View-from-above.webp\" \/>\n\t<meta property=\"og:image:width\" content=\"1200\" \/>\n\t<meta property=\"og:image:height\" content=\"1200\" \/>\n\t<meta property=\"og:image:type\" content=\"image\/webp\" \/>\n<meta name=\"twitter:card\" content=\"summary_large_image\" \/>\n<meta name=\"twitter:label1\" content=\"Tahmini okuma s\u00fcresi\" \/>\n\t<meta name=\"twitter:data1\" content=\"1 dakika\" \/>\n<script type=\"application\/ld+json\" class=\"yoast-schema-graph\">{\"@context\":\"https:\\\/\\\/schema.org\",\"@graph\":[{\"@type\":\"WebPage\",\"@id\":\"https:\\\/\\\/dulonmarine.com\\\/winkel\\\/deckmate\\\/telescopic-and-fixed-handles\\\/sample-product\\\/deckmate-handles\\\/\",\"url\":\"https:\\\/\\\/dulonmarine.com\\\/winkel\\\/deckmate\\\/telescopic-and-fixed-handles\\\/sample-product\\\/deckmate-handles\\\/\",\"name\":\"Deckmate DM444 DM446 DM454 DM456 Handles - Dulon Marine\",\"isPartOf\":{\"@id\":\"https:\\\/\\\/dulonmarine.com\\\/pt\\\/#website\"},\"primaryImageOfPage\":{\"@id\":\"https:\\\/\\\/dulonmarine.com\\\/winkel\\\/deckmate\\\/telescopic-and-fixed-handles\\\/sample-product\\\/deckmate-handles\\\/#primaryimage\"},\"image\":{\"@id\":\"https:\\\/\\\/dulonmarine.com\\\/winkel\\\/deckmate\\\/telescopic-and-fixed-handles\\\/sample-product\\\/deckmate-handles\\\/#primaryimage\"},\"thumbnailUrl\":\"https:\\\/\\\/dulonmarine.com\\\/wp-content\\\/uploads\\\/2024\\\/10\\\/01.-444-454-456-Deckmate-Handles-Full-shot-View-from-above.webp\",\"datePublished\":\"2024-10-10T10:10:13+00:00\",\"dateModified\":\"2025-10-22T15:34:08+00:00\",\"breadcrumb\":{\"@id\":\"https:\\\/\\\/dulonmarine.com\\\/winkel\\\/deckmate\\\/telescopic-and-fixed-handles\\\/sample-product\\\/deckmate-handles\\\/#breadcrumb\"},\"inLanguage\":\"tr\",\"potentialAction\":[{\"@type\":\"ReadAction\",\"target\":[\"https:\\\/\\\/dulonmarine.com\\\/winkel\\\/deckmate\\\/telescopic-and-fixed-handles\\\/sample-product\\\/deckmate-handles\\\/\"]}]},{\"@type\":\"ImageObject\",\"inLanguage\":\"tr\",\"@id\":\"https:\\\/\\\/dulonmarine.com\\\/winkel\\\/deckmate\\\/telescopic-and-fixed-handles\\\/sample-product\\\/deckmate-handles\\\/#primaryimage\",\"url\":\"https:\\\/\\\/dulonmarine.com\\\/wp-content\\\/uploads\\\/2024\\\/10\\\/01.-444-454-456-Deckmate-Handles-Full-shot-View-from-above.webp\",\"contentUrl\":\"https:\\\/\\\/dulonmarine.com\\\/wp-content\\\/uploads\\\/2024\\\/10\\\/01.-444-454-456-Deckmate-Handles-Full-shot-View-from-above.webp\",\"width\":1200,\"height\":1200},{\"@type\":\"BreadcrumbList\",\"@id\":\"https:\\\/\\\/dulonmarine.com\\\/winkel\\\/deckmate\\\/telescopic-and-fixed-handles\\\/sample-product\\\/deckmate-handles\\\/#breadcrumb\",\"itemListElement\":[{\"@type\":\"ListItem\",\"position\":1,\"name\":\"Home\",\"item\":\"https:\\\/\\\/dulonmarine.com\\\/\"},{\"@type\":\"ListItem\",\"position\":2,\"name\":\"Winkel\",\"item\":\"https:\\\/\\\/dulonmarine.com\\\/pt\\\/piacaba\\\/\"},{\"@type\":\"ListItem\",\"position\":3,\"name\":\"Deckmate DM444 DM446 DM454 DM456 Handles\"}]},{\"@type\":\"WebSite\",\"@id\":\"https:\\\/\\\/dulonmarine.com\\\/pt\\\/#website\",\"url\":\"https:\\\/\\\/dulonmarine.com\\\/pt\\\/\",\"name\":\"Dulon Marine\",\"description\":\"Onderhoudsproducten voor de scheepvaart\",\"publisher\":{\"@id\":\"https:\\\/\\\/dulonmarine.com\\\/pt\\\/#organization\"},\"potentialAction\":[{\"@type\":\"SearchAction\",\"target\":{\"@type\":\"EntryPoint\",\"urlTemplate\":\"https:\\\/\\\/dulonmarine.com\\\/pt\\\/?s={search_term_string}\"},\"query-input\":{\"@type\":\"PropertyValueSpecification\",\"valueRequired\":true,\"valueName\":\"search_term_string\"}}],\"inLanguage\":\"tr\"},{\"@type\":\"Organization\",\"@id\":\"https:\\\/\\\/dulonmarine.com\\\/pt\\\/#organization\",\"name\":\"Dulon Marine Deckmate Group\",\"url\":\"https:\\\/\\\/dulonmarine.com\\\/pt\\\/\",\"logo\":{\"@type\":\"ImageObject\",\"inLanguage\":\"tr\",\"@id\":\"https:\\\/\\\/dulonmarine.com\\\/pt\\\/#\\\/schema\\\/logo\\\/image\\\/\",\"url\":\"http:\\\/\\\/dulonmarine.com\\\/wp-content\\\/uploads\\\/2023\\\/02\\\/Dulon-Marine-Deckmate-Group-logo-small.png\",\"contentUrl\":\"http:\\\/\\\/dulonmarine.com\\\/wp-content\\\/uploads\\\/2023\\\/02\\\/Dulon-Marine-Deckmate-Group-logo-small.png\",\"width\":350,\"height\":150,\"caption\":\"Dulon Marine Deckmate Group\"},\"image\":{\"@id\":\"https:\\\/\\\/dulonmarine.com\\\/pt\\\/#\\\/schema\\\/logo\\\/image\\\/\"},\"sameAs\":[\"https:\\\/\\\/www.facebook.com\\\/dulonmarine?locale=nl_NL\",\"https:\\\/\\\/www.instagram.com\\\/dulonmarinegroup\\\/\"]}]}<\/script>\n<!-- \/ Yoast SEO plugin. -->","yoast_head_json":{"title":"Deckmate DM444 DM446 DM454 DM456 Kulplar - Dulon Marine","robots":{"index":"index","follow":"follow","max-snippet":"max-snippet:-1","max-image-preview":"max-image-preview:large","max-video-preview":"max-video-preview:-1"},"canonical":"https:\/\/dulonmarine.com\/tr\/winkel\/guverte-arkadasi\/teleskopik-ve-sabit-tutamaklar\/ornek-urun\/guverte-arkadasi-kollari\/","og_locale":"tr_TR","og_type":"article","og_title":"Deckmate DM444 DM446 DM454 DM456 Handles - Dulon Marine","og_description":"Deckmate handles can withstand corrosion caused by moisture and seawater. It is recommended, however, that you rinse the handle with plenty of fresh water after use in salt water.  Product range:   DM444 Handle Fixed \u2013 120cm \/ 47inch     DM446 Handle Fixed \u2013 150cm \/ 59inch  DM454 Handle Telescopic Short \u2013 107-181cm \/ 42-47inch  DM456 Handle Telescopic Long \u2013 156-278cm \/ 61-109inch","og_url":"https:\/\/dulonmarine.com\/tr\/winkel\/guverte-arkadasi\/teleskopik-ve-sabit-tutamaklar\/ornek-urun\/guverte-arkadasi-kollari\/","og_site_name":"Dulon Marine","article_publisher":"https:\/\/www.facebook.com\/dulonmarine?locale=nl_NL","article_modified_time":"2025-10-22T15:34:08+00:00","og_image":[{"width":1200,"height":1200,"url":"https:\/\/dulonmarine.com\/wp-content\/uploads\/2024\/10\/01.-444-454-456-Deckmate-Handles-Full-shot-View-from-above.webp","type":"image\/webp"}],"twitter_card":"summary_large_image","twitter_misc":{"Tahmini okuma s\u00fcresi":"1 dakika"},"schema":{"@context":"https:\/\/schema.org","@graph":[{"@type":"WebPage","@id":"https:\/\/dulonmarine.com\/winkel\/deckmate\/telescopic-and-fixed-handles\/sample-product\/deckmate-handles\/","url":"https:\/\/dulonmarine.com\/winkel\/deckmate\/telescopic-and-fixed-handles\/sample-product\/deckmate-handles\/","name":"Deckmate DM444 DM446 DM454 DM456 Kulplar - Dulon Marine","isPartOf":{"@id":"https:\/\/dulonmarine.com\/pt\/#website"},"primaryImageOfPage":{"@id":"https:\/\/dulonmarine.com\/winkel\/deckmate\/telescopic-and-fixed-handles\/sample-product\/deckmate-handles\/#primaryimage"},"image":{"@id":"https:\/\/dulonmarine.com\/winkel\/deckmate\/telescopic-and-fixed-handles\/sample-product\/deckmate-handles\/#primaryimage"},"thumbnailUrl":"https:\/\/dulonmarine.com\/wp-content\/uploads\/2024\/10\/01.-444-454-456-Deckmate-Handles-Full-shot-View-from-above.webp","datePublished":"2024-10-10T10:10:13+00:00","dateModified":"2025-10-22T15:34:08+00:00","breadcrumb":{"@id":"https:\/\/dulonmarine.com\/winkel\/deckmate\/telescopic-and-fixed-handles\/sample-product\/deckmate-handles\/#breadcrumb"},"inLanguage":"tr","potentialAction":[{"@type":"ReadAction","target":["https:\/\/dulonmarine.com\/winkel\/deckmate\/telescopic-and-fixed-handles\/sample-product\/deckmate-handles\/"]}]},{"@type":"ImageObject","inLanguage":"tr","@id":"https:\/\/dulonmarine.com\/winkel\/deckmate\/telescopic-and-fixed-handles\/sample-product\/deckmate-handles\/#primaryimage","url":"https:\/\/dulonmarine.com\/wp-content\/uploads\/2024\/10\/01.-444-454-456-Deckmate-Handles-Full-shot-View-from-above.webp","contentUrl":"https:\/\/dulonmarine.com\/wp-content\/uploads\/2024\/10\/01.-444-454-456-Deckmate-Handles-Full-shot-View-from-above.webp","width":1200,"height":1200},{"@type":"BreadcrumbList","@id":"https:\/\/dulonmarine.com\/winkel\/deckmate\/telescopic-and-fixed-handles\/sample-product\/deckmate-handles\/#breadcrumb","itemListElement":[{"@type":"ListItem","position":1,"name":"Home","item":"https:\/\/dulonmarine.com\/"},{"@type":"ListItem","position":2,"name":"Winkel","item":"https:\/\/dulonmarine.com\/pt\/piacaba\/"},{"@type":"ListItem","position":3,"name":"Deckmate DM444 DM446 DM454 DM456 Handles"}]},{"@type":"WebSite","@id":"https:\/\/dulonmarine.com\/pt\/#website","url":"https:\/\/dulonmarine.com\/pt\/","name":"Dulon Marine","description":"Scheepvaart i\u00e7in di\u011fer \u00fcr\u00fcnler","publisher":{"@id":"https:\/\/dulonmarine.com\/pt\/#organization"},"potentialAction":[{"@type":"SearchAction","target":{"@type":"EntryPoint","urlTemplate":"https:\/\/dulonmarine.com\/pt\/?s={search_term_string}"},"query-input":{"@type":"PropertyValueSpecification","valueRequired":true,"valueName":"search_term_string"}}],"inLanguage":"tr"},{"@type":"Organization","@id":"https:\/\/dulonmarine.com\/pt\/#organization","name":"Dulon Marine Deckmate Grubu","url":"https:\/\/dulonmarine.com\/pt\/","logo":{"@type":"ImageObject","inLanguage":"tr","@id":"https:\/\/dulonmarine.com\/pt\/#\/schema\/logo\/image\/","url":"http:\/\/dulonmarine.com\/wp-content\/uploads\/2023\/02\/Dulon-Marine-Deckmate-Group-logo-small.png","contentUrl":"http:\/\/dulonmarine.com\/wp-content\/uploads\/2023\/02\/Dulon-Marine-Deckmate-Group-logo-small.png","width":350,"height":150,"caption":"Dulon Marine Deckmate Group"},"image":{"@id":"https:\/\/dulonmarine.com\/pt\/#\/schema\/logo\/image\/"},"sameAs":["https:\/\/www.facebook.com\/dulonmarine?locale=nl_NL","https:\/\/www.instagram.com\/dulonmarinegroup\/"]}]}},"_links":{"self":[{"href":"https:\/\/dulonmarine.com\/tr\/wp-json\/wp\/v2\/product\/9179","targetHints":{"allow":["GET"]}}],"collection":[{"href":"https:\/\/dulonmarine.com\/tr\/wp-json\/wp\/v2\/product"}],"about":[{"href":"https:\/\/dulonmarine.com\/tr\/wp-json\/wp\/v2\/types\/product"}],"wp:featuredmedia":[{"embeddable":true,"href":"https:\/\/dulonmarine.com\/tr\/wp-json\/wp\/v2\/media\/9905"}],"wp:attachment":[{"href":"https:\/\/dulonmarine.com\/tr\/wp-json\/wp\/v2\/media?parent=9179"}],"wp:term":[{"taxonomy":"product_brand","embeddable":true,"href":"https:\/\/dulonmarine.com\/tr\/wp-json\/wp\/v2\/product_brand?post=9179"},{"taxonomy":"product_cat","embeddable":true,"href":"https:\/\/dulonmarine.com\/tr\/wp-json\/wp\/v2\/product_cat?post=9179"},{"taxonomy":"product_tag","embeddable":true,"href":"https:\/\/dulonmarine.com\/tr\/wp-json\/wp\/v2\/product_tag?post=9179"}],"curies":[{"name":"wp","href":"https:\/\/api.w.org\/{rel}","templated":true}]}}