{"id":9826,"date":"2025-06-12T15:43:47","date_gmt":"2025-06-12T14:43:47","guid":{"rendered":"https:\/\/dulonmarine.com\/?post_type=product&#038;p=9826"},"modified":"2025-10-16T16:12:17","modified_gmt":"2025-10-16T15:12:17","slug":"deckmate-dm715-polishpad","status":"publish","type":"product","link":"https:\/\/dulonmarine.com\/tr\/winkel\/deckmate\/wash-scrub\/sample-product\/deckmate-dm715-polishpad\/","title":{"rendered":"Deckmate DM715 Parlatma Pedi"},"content":{"rendered":"<p>Bu el parlatma pedi, y\u00fczeylerinizde kusursuz bir y\u00fczey elde etmek i\u00e7in vazge\u00e7ilmez bir ara\u00e7t\u0131r. Geni\u015f 23 cm (9 in\u00e7) \u00e7ap\u0131yla, etkili elle cilalama, cilalama ve parlatma i\u00e7in geni\u015f bir kapsama alan\u0131 sa\u011flar. Ergonomik tasar\u0131m\u0131 rahat bir tutu\u015f sa\u011flayarak detayland\u0131rma i\u015fleriniz s\u0131ras\u0131nda manevra yapmay\u0131 kolayla\u015ft\u0131r\u0131r. \u0130ster ekstra g\u00fc\u00e7l\u00fc, kaba bile\u015fiklerle ister hassas yumu\u015fak cilalarla \u00e7al\u0131\u015f\u0131yor olun, bu \u00e7ok y\u00f6nl\u00fc ped her t\u00fcr cila ve cilayla uyumludur. Bu vazge\u00e7ilmez polisaj aksesuar\u0131 ile detayland\u0131rma deneyiminizi geli\u015ftirin ve profesyonel sonu\u00e7lar elde edin!<\/p>\n<p>Avantajlar:<\/p>\n<ul>\n<li>Parlatma, cilalama ve cilalama i\u00e7in m\u00fckemmel<\/li>\n<li>Rahat uyum<\/li>\n<li>23 cm \/ 9 in\u00e7 ped y\u00fczeyi<\/li>\n<li>En kaliteli ve a\u011f\u0131r s\u0131n\u0131f -<\/li>\n<\/ul>","protected":false},"excerpt":{"rendered":"<p>Bu el parlatma pedi, y\u00fczeylerinizde kusursuz bir y\u00fczey elde etmek i\u00e7in vazge\u00e7ilmez bir ara\u00e7t\u0131r. Geni\u015f 23 cm (9 in\u00e7) \u00e7ap\u0131yla, etkili elle cilalama, cilalama ve parlatma i\u00e7in geni\u015f bir kapsama alan\u0131 sa\u011flar. Ergonomik tasar\u0131m\u0131 rahat bir tutu\u015f sa\u011flayarak detayland\u0131rma i\u015fleriniz s\u0131ras\u0131nda manevra yapmay\u0131 kolayla\u015ft\u0131r\u0131r.<\/p>\n<div class=\"x-video-inner\">\n    <video  \nclass=\"x-mejs x-wp-video-shortcode advanced-controls\" \n        width=\"400\" \n        height=\"400\" \n        loop autoplay muted playsinline style=\"border: none; outline: none; background: none;\"><source type=\"video\/mp4\" src=\"https:\/\/dulonmarine.com\/wp-content\/uploads\/2025\/06\/Oranje-Ronde-Spons-540px.mp4\"><\/video>\n<\/div>","protected":false},"featured_media":9892,"template":"","meta":{"_acf_changed":false,"om_disable_all_campaigns":false,"rs_blank_template":"","rs_page_bg_color":"","slide_template_v7":"","inline_featured_image":false,"_monsterinsights_skip_tracking":false,"_monsterinsights_sitenote_active":false,"_monsterinsights_sitenote_note":"","_monsterinsights_sitenote_category":0},"product_brand":[],"product_cat":[280,307],"product_tag":[346],"class_list":{"0":"post-9826","1":"product","2":"type-product","3":"status-publish","4":"has-post-thumbnail","6":"product_cat-deckmate","7":"product_cat-wash-scrub","8":"product_tag-346","9":"pa_article-numbers-contents-dm715","12":"first","13":"instock","14":"taxable","15":"shipping-taxable","16":"product-type-simple"},"acf":[],"yoast_head":"<!-- This site is optimized with the Yoast SEO plugin v27.4 - https:\/\/yoast.com\/product\/yoast-seo-wordpress\/ -->\n<title>Deckmate DM715 Polishpad - Dulon Marine<\/title>\n<meta name=\"robots\" content=\"index, follow, max-snippet:-1, max-image-preview:large, max-video-preview:-1\" \/>\n<link rel=\"canonical\" href=\"https:\/\/dulonmarine.com\/tr\/winkel\/guverte-arkadasi\/yikama-fircasi\/ornek-urun\/deckmate-dm715-polishpad\/\" \/>\n<meta property=\"og:locale\" content=\"tr_TR\" \/>\n<meta property=\"og:type\" content=\"article\" \/>\n<meta property=\"og:title\" content=\"Deckmate DM715 Polishpad - Dulon Marine\" \/>\n<meta property=\"og:description\" content=\"This hand polishing pad is an essential tool for achieving a flawless finish on your surfaces. With a generous 23cm (9 inch) diameter, it provides ample coverage for efficient hand polishing, waxing, and buffing. The ergonomic design ensures a comfortable grip, making it easy to maneuver during your detailing tasks.\" \/>\n<meta property=\"og:url\" content=\"https:\/\/dulonmarine.com\/tr\/winkel\/guverte-arkadasi\/yikama-fircasi\/ornek-urun\/deckmate-dm715-polishpad\/\" \/>\n<meta property=\"og:site_name\" content=\"Dulon Marine\" \/>\n<meta property=\"article:publisher\" content=\"https:\/\/www.facebook.com\/dulonmarine?locale=nl_NL\" \/>\n<meta property=\"article:modified_time\" content=\"2025-10-16T15:12:17+00:00\" \/>\n<meta property=\"og:image\" content=\"https:\/\/dulonmarine.com\/wp-content\/uploads\/2025\/06\/Deckmate-DM715-Polishpad-Dulon-Marine-front.webp\" \/>\n\t<meta property=\"og:image:width\" content=\"1200\" \/>\n\t<meta property=\"og:image:height\" content=\"1200\" \/>\n\t<meta property=\"og:image:type\" content=\"image\/webp\" \/>\n<meta name=\"twitter:card\" content=\"summary_large_image\" \/>\n<meta name=\"twitter:label1\" content=\"Tahmini okuma s\u00fcresi\" \/>\n\t<meta name=\"twitter:data1\" content=\"1 dakika\" \/>\n<script type=\"application\/ld+json\" class=\"yoast-schema-graph\">{\"@context\":\"https:\\\/\\\/schema.org\",\"@graph\":[{\"@type\":\"WebPage\",\"@id\":\"https:\\\/\\\/dulonmarine.com\\\/winkel\\\/deckmate\\\/wash-scrub\\\/sample-product\\\/deckmate-dm715-polishpad\\\/\",\"url\":\"https:\\\/\\\/dulonmarine.com\\\/winkel\\\/deckmate\\\/wash-scrub\\\/sample-product\\\/deckmate-dm715-polishpad\\\/\",\"name\":\"Deckmate DM715 Polishpad - Dulon Marine\",\"isPartOf\":{\"@id\":\"https:\\\/\\\/dulonmarine.com\\\/pt\\\/#website\"},\"primaryImageOfPage\":{\"@id\":\"https:\\\/\\\/dulonmarine.com\\\/winkel\\\/deckmate\\\/wash-scrub\\\/sample-product\\\/deckmate-dm715-polishpad\\\/#primaryimage\"},\"image\":{\"@id\":\"https:\\\/\\\/dulonmarine.com\\\/winkel\\\/deckmate\\\/wash-scrub\\\/sample-product\\\/deckmate-dm715-polishpad\\\/#primaryimage\"},\"thumbnailUrl\":\"https:\\\/\\\/dulonmarine.com\\\/wp-content\\\/uploads\\\/2025\\\/06\\\/Deckmate-DM715-Polishpad-Dulon-Marine-front.webp\",\"datePublished\":\"2025-06-12T14:43:47+00:00\",\"dateModified\":\"2025-10-16T15:12:17+00:00\",\"breadcrumb\":{\"@id\":\"https:\\\/\\\/dulonmarine.com\\\/winkel\\\/deckmate\\\/wash-scrub\\\/sample-product\\\/deckmate-dm715-polishpad\\\/#breadcrumb\"},\"inLanguage\":\"tr\",\"potentialAction\":[{\"@type\":\"ReadAction\",\"target\":[\"https:\\\/\\\/dulonmarine.com\\\/winkel\\\/deckmate\\\/wash-scrub\\\/sample-product\\\/deckmate-dm715-polishpad\\\/\"]}]},{\"@type\":\"ImageObject\",\"inLanguage\":\"tr\",\"@id\":\"https:\\\/\\\/dulonmarine.com\\\/winkel\\\/deckmate\\\/wash-scrub\\\/sample-product\\\/deckmate-dm715-polishpad\\\/#primaryimage\",\"url\":\"https:\\\/\\\/dulonmarine.com\\\/wp-content\\\/uploads\\\/2025\\\/06\\\/Deckmate-DM715-Polishpad-Dulon-Marine-front.webp\",\"contentUrl\":\"https:\\\/\\\/dulonmarine.com\\\/wp-content\\\/uploads\\\/2025\\\/06\\\/Deckmate-DM715-Polishpad-Dulon-Marine-front.webp\",\"width\":1200,\"height\":1200},{\"@type\":\"BreadcrumbList\",\"@id\":\"https:\\\/\\\/dulonmarine.com\\\/winkel\\\/deckmate\\\/wash-scrub\\\/sample-product\\\/deckmate-dm715-polishpad\\\/#breadcrumb\",\"itemListElement\":[{\"@type\":\"ListItem\",\"position\":1,\"name\":\"Home\",\"item\":\"https:\\\/\\\/dulonmarine.com\\\/\"},{\"@type\":\"ListItem\",\"position\":2,\"name\":\"Winkel\",\"item\":\"https:\\\/\\\/dulonmarine.com\\\/pt\\\/piacaba\\\/\"},{\"@type\":\"ListItem\",\"position\":3,\"name\":\"Deckmate DM715 Polishpad\"}]},{\"@type\":\"WebSite\",\"@id\":\"https:\\\/\\\/dulonmarine.com\\\/pt\\\/#website\",\"url\":\"https:\\\/\\\/dulonmarine.com\\\/pt\\\/\",\"name\":\"Dulon Marine\",\"description\":\"Onderhoudsproducten voor de scheepvaart\",\"publisher\":{\"@id\":\"https:\\\/\\\/dulonmarine.com\\\/pt\\\/#organization\"},\"potentialAction\":[{\"@type\":\"SearchAction\",\"target\":{\"@type\":\"EntryPoint\",\"urlTemplate\":\"https:\\\/\\\/dulonmarine.com\\\/pt\\\/?s={search_term_string}\"},\"query-input\":{\"@type\":\"PropertyValueSpecification\",\"valueRequired\":true,\"valueName\":\"search_term_string\"}}],\"inLanguage\":\"tr\"},{\"@type\":\"Organization\",\"@id\":\"https:\\\/\\\/dulonmarine.com\\\/pt\\\/#organization\",\"name\":\"Dulon Marine Deckmate Group\",\"url\":\"https:\\\/\\\/dulonmarine.com\\\/pt\\\/\",\"logo\":{\"@type\":\"ImageObject\",\"inLanguage\":\"tr\",\"@id\":\"https:\\\/\\\/dulonmarine.com\\\/pt\\\/#\\\/schema\\\/logo\\\/image\\\/\",\"url\":\"http:\\\/\\\/dulonmarine.com\\\/wp-content\\\/uploads\\\/2023\\\/02\\\/Dulon-Marine-Deckmate-Group-logo-small.png\",\"contentUrl\":\"http:\\\/\\\/dulonmarine.com\\\/wp-content\\\/uploads\\\/2023\\\/02\\\/Dulon-Marine-Deckmate-Group-logo-small.png\",\"width\":350,\"height\":150,\"caption\":\"Dulon Marine Deckmate Group\"},\"image\":{\"@id\":\"https:\\\/\\\/dulonmarine.com\\\/pt\\\/#\\\/schema\\\/logo\\\/image\\\/\"},\"sameAs\":[\"https:\\\/\\\/www.facebook.com\\\/dulonmarine?locale=nl_NL\",\"https:\\\/\\\/www.instagram.com\\\/dulonmarinegroup\\\/\"]}]}<\/script>\n<!-- \/ Yoast SEO plugin. -->","yoast_head_json":{"title":"Deckmate DM715 Parlatma Pedi - Dulon Marine","robots":{"index":"index","follow":"follow","max-snippet":"max-snippet:-1","max-image-preview":"max-image-preview:large","max-video-preview":"max-video-preview:-1"},"canonical":"https:\/\/dulonmarine.com\/tr\/winkel\/guverte-arkadasi\/yikama-fircasi\/ornek-urun\/deckmate-dm715-polishpad\/","og_locale":"tr_TR","og_type":"article","og_title":"Deckmate DM715 Polishpad - Dulon Marine","og_description":"This hand polishing pad is an essential tool for achieving a flawless finish on your surfaces. With a generous 23cm (9 inch) diameter, it provides ample coverage for efficient hand polishing, waxing, and buffing. The ergonomic design ensures a comfortable grip, making it easy to maneuver during your detailing tasks.","og_url":"https:\/\/dulonmarine.com\/tr\/winkel\/guverte-arkadasi\/yikama-fircasi\/ornek-urun\/deckmate-dm715-polishpad\/","og_site_name":"Dulon Marine","article_publisher":"https:\/\/www.facebook.com\/dulonmarine?locale=nl_NL","article_modified_time":"2025-10-16T15:12:17+00:00","og_image":[{"width":1200,"height":1200,"url":"https:\/\/dulonmarine.com\/wp-content\/uploads\/2025\/06\/Deckmate-DM715-Polishpad-Dulon-Marine-front.webp","type":"image\/webp"}],"twitter_card":"summary_large_image","twitter_misc":{"Tahmini okuma s\u00fcresi":"1 dakika"},"schema":{"@context":"https:\/\/schema.org","@graph":[{"@type":"WebPage","@id":"https:\/\/dulonmarine.com\/winkel\/deckmate\/wash-scrub\/sample-product\/deckmate-dm715-polishpad\/","url":"https:\/\/dulonmarine.com\/winkel\/deckmate\/wash-scrub\/sample-product\/deckmate-dm715-polishpad\/","name":"Deckmate DM715 Parlatma Pedi - Dulon Marine","isPartOf":{"@id":"https:\/\/dulonmarine.com\/pt\/#website"},"primaryImageOfPage":{"@id":"https:\/\/dulonmarine.com\/winkel\/deckmate\/wash-scrub\/sample-product\/deckmate-dm715-polishpad\/#primaryimage"},"image":{"@id":"https:\/\/dulonmarine.com\/winkel\/deckmate\/wash-scrub\/sample-product\/deckmate-dm715-polishpad\/#primaryimage"},"thumbnailUrl":"https:\/\/dulonmarine.com\/wp-content\/uploads\/2025\/06\/Deckmate-DM715-Polishpad-Dulon-Marine-front.webp","datePublished":"2025-06-12T14:43:47+00:00","dateModified":"2025-10-16T15:12:17+00:00","breadcrumb":{"@id":"https:\/\/dulonmarine.com\/winkel\/deckmate\/wash-scrub\/sample-product\/deckmate-dm715-polishpad\/#breadcrumb"},"inLanguage":"tr","potentialAction":[{"@type":"ReadAction","target":["https:\/\/dulonmarine.com\/winkel\/deckmate\/wash-scrub\/sample-product\/deckmate-dm715-polishpad\/"]}]},{"@type":"ImageObject","inLanguage":"tr","@id":"https:\/\/dulonmarine.com\/winkel\/deckmate\/wash-scrub\/sample-product\/deckmate-dm715-polishpad\/#primaryimage","url":"https:\/\/dulonmarine.com\/wp-content\/uploads\/2025\/06\/Deckmate-DM715-Polishpad-Dulon-Marine-front.webp","contentUrl":"https:\/\/dulonmarine.com\/wp-content\/uploads\/2025\/06\/Deckmate-DM715-Polishpad-Dulon-Marine-front.webp","width":1200,"height":1200},{"@type":"BreadcrumbList","@id":"https:\/\/dulonmarine.com\/winkel\/deckmate\/wash-scrub\/sample-product\/deckmate-dm715-polishpad\/#breadcrumb","itemListElement":[{"@type":"ListItem","position":1,"name":"Home","item":"https:\/\/dulonmarine.com\/"},{"@type":"ListItem","position":2,"name":"Winkel","item":"https:\/\/dulonmarine.com\/pt\/piacaba\/"},{"@type":"ListItem","position":3,"name":"Deckmate DM715 Polishpad"}]},{"@type":"WebSite","@id":"https:\/\/dulonmarine.com\/pt\/#website","url":"https:\/\/dulonmarine.com\/pt\/","name":"Dulon Marine","description":"Scheepvaart i\u00e7in di\u011fer \u00fcr\u00fcnler","publisher":{"@id":"https:\/\/dulonmarine.com\/pt\/#organization"},"potentialAction":[{"@type":"SearchAction","target":{"@type":"EntryPoint","urlTemplate":"https:\/\/dulonmarine.com\/pt\/?s={search_term_string}"},"query-input":{"@type":"PropertyValueSpecification","valueRequired":true,"valueName":"search_term_string"}}],"inLanguage":"tr"},{"@type":"Organization","@id":"https:\/\/dulonmarine.com\/pt\/#organization","name":"Dulon Marine Deckmate Grubu","url":"https:\/\/dulonmarine.com\/pt\/","logo":{"@type":"ImageObject","inLanguage":"tr","@id":"https:\/\/dulonmarine.com\/pt\/#\/schema\/logo\/image\/","url":"http:\/\/dulonmarine.com\/wp-content\/uploads\/2023\/02\/Dulon-Marine-Deckmate-Group-logo-small.png","contentUrl":"http:\/\/dulonmarine.com\/wp-content\/uploads\/2023\/02\/Dulon-Marine-Deckmate-Group-logo-small.png","width":350,"height":150,"caption":"Dulon Marine Deckmate Group"},"image":{"@id":"https:\/\/dulonmarine.com\/pt\/#\/schema\/logo\/image\/"},"sameAs":["https:\/\/www.facebook.com\/dulonmarine?locale=nl_NL","https:\/\/www.instagram.com\/dulonmarinegroup\/"]}]}},"_links":{"self":[{"href":"https:\/\/dulonmarine.com\/tr\/wp-json\/wp\/v2\/product\/9826","targetHints":{"allow":["GET"]}}],"collection":[{"href":"https:\/\/dulonmarine.com\/tr\/wp-json\/wp\/v2\/product"}],"about":[{"href":"https:\/\/dulonmarine.com\/tr\/wp-json\/wp\/v2\/types\/product"}],"wp:featuredmedia":[{"embeddable":true,"href":"https:\/\/dulonmarine.com\/tr\/wp-json\/wp\/v2\/media\/9892"}],"wp:attachment":[{"href":"https:\/\/dulonmarine.com\/tr\/wp-json\/wp\/v2\/media?parent=9826"}],"wp:term":[{"taxonomy":"product_brand","embeddable":true,"href":"https:\/\/dulonmarine.com\/tr\/wp-json\/wp\/v2\/product_brand?post=9826"},{"taxonomy":"product_cat","embeddable":true,"href":"https:\/\/dulonmarine.com\/tr\/wp-json\/wp\/v2\/product_cat?post=9826"},{"taxonomy":"product_tag","embeddable":true,"href":"https:\/\/dulonmarine.com\/tr\/wp-json\/wp\/v2\/product_tag?post=9826"}],"curies":[{"name":"wp","href":"https:\/\/api.w.org\/{rel}","templated":true}]}}